{"id":34342,"date":"2025-12-26T19:02:02","date_gmt":"2025-12-26T19:02:02","guid":{"rendered":"https:\/\/www.infinitri.be\/?post_type=product&#038;p=34342"},"modified":"2026-04-04T17:32:00","modified_gmt":"2026-04-04T16:32:00","slug":"pro-racing-socks-v4-0-bike-blue-white","status":"publish","type":"product","link":"https:\/\/www.infinitri.be\/es\/producto\/pro-racing-socks-v4-0-bike-blue-white\/","title":{"rendered":"Calcetines Pro Racing v4.0 Bike azul blanco"},"content":{"rendered":"","protected":false},"excerpt":{"rendered":"<p>Los calcetines Compressport Pro Racing Socks v4.0 Bike son unos elegantes calcetines  altos para ciclismo, con un rendimiento aerodin\u00e1mico mejorado y una ventilaci\u00f3n optimizada para un ciclismo a\u00fan m\u00e1s r\u00e1pido y c\u00f3modo.<\/p>","protected":false},"featured_media":34367,"comment_status":"open","ping_status":"closed","template":"","meta":[],"product_brand":[329],"product_cat":[173,16],"product_tag":[],"class_list":{"0":"post-34342","1":"product","2":"type-product","3":"status-publish","4":"has-post-thumbnail","6":"product_brand-compressport","7":"product_cat-chaussettes-cyclisme","8":"product_cat-course","9":"zank_product_brands-compressport","10":"nt-post-class","11":"","17":"first","18":"instock","19":"taxable","20":"shipping-taxable","21":"purchasable","22":"product-type-variable"},"_links":{"self":[{"href":"https:\/\/www.infinitri.be\/es\/wp-json\/wp\/v2\/product\/34342","targetHints":{"allow":["GET"]}}],"collection":[{"href":"https:\/\/www.infinitri.be\/es\/wp-json\/wp\/v2\/product"}],"about":[{"href":"https:\/\/www.infinitri.be\/es\/wp-json\/wp\/v2\/types\/product"}],"replies":[{"embeddable":true,"href":"https:\/\/www.infinitri.be\/es\/wp-json\/wp\/v2\/comments?post=34342"}],"wp:featuredmedia":[{"embeddable":true,"href":"https:\/\/www.infinitri.be\/es\/wp-json\/wp\/v2\/media\/34367"}],"wp:attachment":[{"href":"https:\/\/www.infinitri.be\/es\/wp-json\/wp\/v2\/media?parent=34342"}],"wp:term":[{"taxonomy":"product_brand","embeddable":true,"href":"https:\/\/www.infinitri.be\/es\/wp-json\/wp\/v2\/product_brand?post=34342"},{"taxonomy":"product_cat","embeddable":true,"href":"https:\/\/www.infinitri.be\/es\/wp-json\/wp\/v2\/product_cat?post=34342"},{"taxonomy":"product_tag","embeddable":true,"href":"https:\/\/www.infinitri.be\/es\/wp-json\/wp\/v2\/product_tag?post=34342"}],"curies":[{"name":"wp","href":"https:\/\/api.w.org\/{rel}","templated":true}]}}