{"id":34803,"date":"2025-12-26T20:31:25","date_gmt":"2025-12-26T20:31:25","guid":{"rendered":"https:\/\/www.infinitri.be\/?post_type=product&#038;p=34803"},"modified":"2026-04-04T17:31:44","modified_gmt":"2026-04-04T16:31:44","slug":"compressport-performance-short-femme","status":"publish","type":"product","link":"https:\/\/www.infinitri.be\/es\/producto\/compressport-performance-short-femme\/","title":{"rendered":"Pantal\u00f3n corto Compressport Performance Mujer"},"content":{"rendered":"<p>Vous \u00eates \u00e0 la recherche d&#8217;un short de course de haute performance qui allie un design f\u00e9minin \u00e9l\u00e9gant \u00e0 un confort pur ? Ne cherchez pas plus loin que le tout nouveau short Performance pour femmes. Que vous vous entra\u00eeniez pour un grand marathon, que vous fassiez un long jogging le dimanche ou que vous rouliez sur le bitume par une chaude journ\u00e9e d&#8217;\u00e9t\u00e9, ce short vous aide \u00e0 rester rapide et concentr\u00e9e \u00e0 chaque \u00e9tape. Con\u00e7u pour les femmes, par les femmes, il est fabriqu\u00e9 dans un tissu Formosa ultral\u00e9ger et anti-adh\u00e9rent qui bouge lorsque vous courez sans s&#8217;accrocher entre les cuisses. Ils sont \u00e9galement dot\u00e9s d&#8217;une culotte int\u00e9rieure ajust\u00e9e pour que vous n&#8217;ayez pas \u00e0 vous soucier de ce que vous devez porter en dessous. Hautement respirant, ce short offre une conception sans coutures et sans frottements dans des tissus doux pour \u00e9liminer les irritations, quelle que soit la distance ou la vitesse \u00e0 laquelle vous courez. La longueur est l\u00e9g\u00e8rement inf\u00e9rieure \u00e0 la mi-cuisse et est compl\u00e9t\u00e9e par une fente lat\u00e9rale pour une parfaite libert\u00e9 de mouvement. Les coureuses appr\u00e9cieront \u00e9galement la taille plus haute et plus large qui reste plate et immobile pendant l&#8217;effort. Avec une poche zipp\u00e9e invisible \u00e0 l&#8217;arri\u00e8re pour ranger l&#8217;essentiel comme les cl\u00e9s de voiture ou les gels \u00e9nerg\u00e9tiques et un cordon de serrage pour personnaliser la coupe, ce short de course allie style et performance high-tech. Pourquoi attendre ? Que vous soyez une coureuse exp\u00e9riment\u00e9e ou que vous commenciez \u00e0 peine, le short Performance pour femmes est le choix id\u00e9al pour atteindre votre prochain objectif sportif.<\/p>","protected":false},"excerpt":{"rendered":"<p>Le Short Performance est merveilleusement efficace et a\u00e9r\u00e9. Lorsqu&#8217;il fait chaud et humide dehors ou que vous \u00eates en salle de sport, ce short est tr\u00e8s pratique.<\/p>","protected":false},"featured_media":34869,"comment_status":"open","ping_status":"closed","template":"","meta":[],"product_brand":[329],"product_cat":[16,18],"product_tag":[],"class_list":{"0":"post-34803","1":"product","2":"type-product","3":"status-publish","4":"has-post-thumbnail","6":"product_brand-compressport","7":"product_cat-course","8":"product_cat-shorts-collants","9":"zank_product_brands-compressport","10":"nt-post-class","11":"","17":"first","18":"instock","19":"taxable","20":"shipping-taxable","21":"purchasable","22":"product-type-variable"},"_links":{"self":[{"href":"https:\/\/www.infinitri.be\/es\/wp-json\/wp\/v2\/product\/34803","targetHints":{"allow":["GET"]}}],"collection":[{"href":"https:\/\/www.infinitri.be\/es\/wp-json\/wp\/v2\/product"}],"about":[{"href":"https:\/\/www.infinitri.be\/es\/wp-json\/wp\/v2\/types\/product"}],"replies":[{"embeddable":true,"href":"https:\/\/www.infinitri.be\/es\/wp-json\/wp\/v2\/comments?post=34803"}],"wp:featuredmedia":[{"embeddable":true,"href":"https:\/\/www.infinitri.be\/es\/wp-json\/wp\/v2\/media\/34869"}],"wp:attachment":[{"href":"https:\/\/www.infinitri.be\/es\/wp-json\/wp\/v2\/media?parent=34803"}],"wp:term":[{"taxonomy":"product_brand","embeddable":true,"href":"https:\/\/www.infinitri.be\/es\/wp-json\/wp\/v2\/product_brand?post=34803"},{"taxonomy":"product_cat","embeddable":true,"href":"https:\/\/www.infinitri.be\/es\/wp-json\/wp\/v2\/product_cat?post=34803"},{"taxonomy":"product_tag","embeddable":true,"href":"https:\/\/www.infinitri.be\/es\/wp-json\/wp\/v2\/product_tag?post=34803"}],"curies":[{"name":"wp","href":"https:\/\/api.w.org\/{rel}","templated":true}]}}