{"id":35374,"date":"2025-12-26T21:09:37","date_gmt":"2025-12-26T21:09:37","guid":{"rendered":"https:\/\/www.infinitri.be\/?post_type=product&#038;p=35374"},"modified":"2026-04-23T20:41:24","modified_gmt":"2026-04-23T19:41:24","slug":"arena-powerskin-st-leopard-limited-next-jammer-garcon","status":"publish","type":"product","link":"https:\/\/www.infinitri.be\/es\/producto\/arena-powerskin-st-leopard-limited-next-jammer-garcon\/","title":{"rendered":"Arena \u2013 Powerskin ST Leopard Limited Next Jammer \u2013 Ni\u00f1o"},"content":{"rendered":"<p>Edition limit\u00e9e exclusive de la couleur. Plongez dans la prochaine g\u00e9n\u00e9ration et contribuez \u00e0 la r\u00e9duction des d\u00e9chets \u00e0 chaque mouvement.<\/p>\n<p>Caract\u00e9ristiques :<\/p>\n<ul>\n<li>60 % du tissu provient de mat\u00e9riaux destin\u00e9s \u00e0 \u00eatre mis en d\u00e9charge.<\/li>\n<li>Le tissu am\u00e9lior\u00e9 absorbe moins d&#8217;eau et est 20 % plus l\u00e9ger que le ST 2.0 pr\u00e9c\u00e9dent.<\/li>\n<li>La m\u00e9moire am\u00e9lior\u00e9e du tissu garantit une compression et des performances plus durables dans le temps.<\/li>\n<li>La composition du tissu r\u00e9siste \u00e0 l&#8217;\u00e9tirement et am\u00e9liore la durabilit\u00e9.<\/li>\n<li>La conception renforc\u00e9e des bretelles offre un meilleur confort et une plus grande durabilit\u00e9 sur les mod\u00e8les \u00e0 dos ouvert.<\/li>\n<li>Premi\u00e8re combinaison de course durable approuv\u00e9e par la <strong>FINA<\/strong>.<\/li>\n<p><!--themify_builder_static--><iframe title=\"The first ever FINA-approved race suit made with recycled fabric: arena Powerskin ST NEXT\" width=\"960\" height=\"540\" src=\"https:\/\/www.youtube.com\/embed\/4FmvfvPoPFo?feature=oembed\" frameborder=\"0\" allow=\"accelerometer; autoplay; clipboard-write; encrypted-media; gyroscope; picture-in-picture; web-share\" referrerpolicy=\"strict-origin-when-cross-origin\" allowfullscreen><\/iframe><!--\/themify_builder_static--><\/p>","protected":false},"excerpt":{"rendered":"<p>Arena est fi\u00e8re de pr\u00e9senter la POWERSKIN ST NEXT, la toute premi\u00e8re combinaison de course durable. Tout ce que vous avez aim\u00e9 de la ST 2.0 est maintenant plus l\u00e9ger, plus rapide et plus \u00e9cologique.<\/p>\n<p>En plus des avantages li\u00e9s \u00e0 la durabilit\u00e9, la POWERSKIN ST Next Jammer Junior pr\u00e9sente \u00e9galement des am\u00e9liorations impressionnantes en termes de performances. Pour commencer, elle est 20 % plus l\u00e9g\u00e8re que la ST 2.0 gr\u00e2ce \u00e0 une absorption d&#8217;eau plus faible. La combinaison poss\u00e8de \u00e9galement une meilleure m\u00e9moire du tissu, ce qui garantit une compression et des performances plus durables dans le temps.<\/p>\n<p>&nbsp;<\/p>","protected":false},"featured_media":35443,"comment_status":"open","ping_status":"closed","template":"","meta":[],"product_brand":[326],"product_cat":[60,126,41],"product_tag":[],"class_list":{"0":"post-35374","1":"product","2":"type-product","3":"status-publish","4":"has-post-thumbnail","6":"product_brand-arena","7":"product_cat-fina","8":"product_cat-maillot-competition","9":"product_cat-natation","10":"zank_product_brands-arena","11":"nt-post-class","12":"","18":"first","19":"instock","20":"taxable","21":"shipping-taxable","22":"purchasable","23":"product-type-variable"},"_links":{"self":[{"href":"https:\/\/www.infinitri.be\/es\/wp-json\/wp\/v2\/product\/35374","targetHints":{"allow":["GET"]}}],"collection":[{"href":"https:\/\/www.infinitri.be\/es\/wp-json\/wp\/v2\/product"}],"about":[{"href":"https:\/\/www.infinitri.be\/es\/wp-json\/wp\/v2\/types\/product"}],"replies":[{"embeddable":true,"href":"https:\/\/www.infinitri.be\/es\/wp-json\/wp\/v2\/comments?post=35374"}],"wp:featuredmedia":[{"embeddable":true,"href":"https:\/\/www.infinitri.be\/es\/wp-json\/wp\/v2\/media\/35443"}],"wp:attachment":[{"href":"https:\/\/www.infinitri.be\/es\/wp-json\/wp\/v2\/media?parent=35374"}],"wp:term":[{"taxonomy":"product_brand","embeddable":true,"href":"https:\/\/www.infinitri.be\/es\/wp-json\/wp\/v2\/product_brand?post=35374"},{"taxonomy":"product_cat","embeddable":true,"href":"https:\/\/www.infinitri.be\/es\/wp-json\/wp\/v2\/product_cat?post=35374"},{"taxonomy":"product_tag","embeddable":true,"href":"https:\/\/www.infinitri.be\/es\/wp-json\/wp\/v2\/product_tag?post=35374"}],"curies":[{"name":"wp","href":"https:\/\/api.w.org\/{rel}","templated":true}]}}