{"id":35494,"date":"2025-12-26T21:16:55","date_gmt":"2025-12-26T21:16:55","guid":{"rendered":"https:\/\/www.infinitri.be\/?post_type=product&#038;p=35494"},"modified":"2026-04-04T17:34:26","modified_gmt":"2026-04-04T16:34:26","slug":"huub-peaks-jambieres-velo","status":"publish","type":"product","link":"https:\/\/www.infinitri.be\/es\/producto\/huub-peaks-jambieres-velo\/","title":{"rendered":"Culotte Huub Peaks"},"content":{"rendered":"<p><\/p>\n<p><span>Nous savons que vous passez la plus grande partie de votre temps d&#8217;entra\u00eenement sur le v\u00e9lo, et nous savons aussi ce que vous attendez de votre \u00e9quipement. Chez HUUB, nous appr\u00e9cions le temps que vous y consacrez, c&#8217;est pourquoi notre nouvelle gamme cycliste a \u00e9t\u00e9 d\u00e9velopp\u00e9e avec les meilleurs intrants, usines et designers pour s&#8217;assurer que votre plus grand engagement \u00e0 l&#8217;entra\u00eenement soit pris en charge comme vous l&#8217;attendez de HUUB. Nous ne pourrions pas \u00eatre plus fiers de cette gamme et nous savons que notre ligne de v\u00eatements de cyclisme \u00ab coup\u00e9s pour rouler \u00bb sera \u00e0 la hauteur de tous les aspects, du confort et de l&#8217;habillage au chamois et \u00e0 l&#8217;ajustement.<\/span><\/p>\n<ul>\n<li><span>Les \u00e9l\u00e9ments essentiels d&#8217;un kit de secours ou d&#8217;un kit de d\u00e9marrage anticip\u00e9<\/span><\/li>\n<li><span>Tissu doux et bross\u00e9 pour \u00e9viter les refroidissements lorsque le climat change de fa\u00e7on inattendue.<\/span><\/li>\n<li><span>Coutures plates<\/span><\/li>\n<\/ul>\n<p>\u00a0<\/p>\n<p><span><a href=\"https:\/\/huubdesign.com\/pages\/refund-policy\">Informaci\u00f3n sobre la garant\u00eda<\/a><\/span><\/p>\n<ul><\/ul>\n<h4><\/h4>","protected":false},"excerpt":{"rendered":"<p>Nous savons que vous passez la plus grande partie de votre temps d&#8217;entra\u00eenement sur le v\u00e9lo, et nous savons aussi ce que vous attendez de votre \u00e9quipement. Chez HUUB, nous appr\u00e9cions le temps que vous y consacrez, c&#8217;est pourquoi notre nouvelle gamme cycliste a \u00e9t\u00e9 d\u00e9velopp\u00e9e avec les meilleurs intrants, usines et designers pour s&#8217;assurer&#8230;<\/p>","protected":false},"featured_media":35541,"comment_status":"open","ping_status":"closed","template":"","meta":[],"product_brand":[286],"product_cat":[40,140,37,15],"product_tag":[],"class_list":{"0":"post-35494","1":"product","2":"type-product","3":"status-publish","4":"has-post-thumbnail","6":"product_brand-huub","7":"product_cat-accessoires","8":"product_cat-accessoires-cyclisme","9":"product_cat-cyclisme","10":"product_cat-non-classe","11":"zank_product_brands-huub","12":"nt-post-class","13":"","16":"excerpt-none","19":"first","20":"instock","21":"taxable","22":"shipping-taxable","23":"purchasable","24":"product-type-variable","25":"has-default-attributes"},"_links":{"self":[{"href":"https:\/\/www.infinitri.be\/es\/wp-json\/wp\/v2\/product\/35494","targetHints":{"allow":["GET"]}}],"collection":[{"href":"https:\/\/www.infinitri.be\/es\/wp-json\/wp\/v2\/product"}],"about":[{"href":"https:\/\/www.infinitri.be\/es\/wp-json\/wp\/v2\/types\/product"}],"replies":[{"embeddable":true,"href":"https:\/\/www.infinitri.be\/es\/wp-json\/wp\/v2\/comments?post=35494"}],"wp:featuredmedia":[{"embeddable":true,"href":"https:\/\/www.infinitri.be\/es\/wp-json\/wp\/v2\/media\/35541"}],"wp:attachment":[{"href":"https:\/\/www.infinitri.be\/es\/wp-json\/wp\/v2\/media?parent=35494"}],"wp:term":[{"taxonomy":"product_brand","embeddable":true,"href":"https:\/\/www.infinitri.be\/es\/wp-json\/wp\/v2\/product_brand?post=35494"},{"taxonomy":"product_cat","embeddable":true,"href":"https:\/\/www.infinitri.be\/es\/wp-json\/wp\/v2\/product_cat?post=35494"},{"taxonomy":"product_tag","embeddable":true,"href":"https:\/\/www.infinitri.be\/es\/wp-json\/wp\/v2\/product_tag?post=35494"}],"curies":[{"name":"wp","href":"https:\/\/api.w.org\/{rel}","templated":true}]}}