{"id":35576,"date":"2025-12-26T21:31:23","date_gmt":"2025-12-26T21:31:23","guid":{"rendered":"https:\/\/www.infinitri.be\/?post_type=product&#038;p=35576"},"modified":"2026-04-04T17:27:33","modified_gmt":"2026-04-04T16:27:33","slug":"water-bottle-750ml","status":"publish","type":"product","link":"https:\/\/www.infinitri.be\/es\/producto\/water-bottle-750ml\/","title":{"rendered":"Botella de agua 750 ml"},"content":{"rendered":"<p>Bouteille d&#8217;eau de 750 ml de haute qualit\u00e9, anti-fuite et anti \u00e9claboussure, qui vous permettra de vous hydrater, quel que soit le sport que vous pratiquez.<\/p>\n<ul>\n<li>Valve de grande taille, \u00e0 \u00e9coulement rapide et sans fuite.<\/li>\n<li>Fen\u00eatre de liquide visible sur toute la longueur.<\/li>\n<li>Convient \u00e0 tous les porte-gourdes standard.<\/li>\n<li>Lavable au lave-vaisselle.<\/li>\n<li>Grande ouverture, pour faciliter le remplissage et le nettoyage.<\/li>\n<li>Forme ergonomique facilitant la prise en main.<\/li>\n<\/ul>","protected":false},"excerpt":{"rendered":"<p>Bouteille d&#8217;eau de 750 ml de haute qualit\u00e9, anti-fuite et anti \u00e9claboussure, qui vous permettra de vous hydrater, quel que soit le sport que vous pratiquez. Valve de grande taille, \u00e0 \u00e9coulement rapide et sans fuite. Fen\u00eatre de liquide visible sur toute la longueur. Convient \u00e0 tous les porte-gourdes standard. Lavable au lave-vaisselle. Grande ouverture,&#8230;<\/p>","protected":false},"featured_media":35614,"comment_status":"open","ping_status":"closed","template":"","meta":[],"product_brand":[],"product_cat":[140,37,59],"product_tag":[259,293,260,261,262,294,263,264,266,274,268,269,280],"class_list":{"0":"post-35576","1":"product","2":"type-product","3":"status-publish","4":"has-post-thumbnail","6":"product_cat-accessoires-cyclisme","7":"product_cat-cyclisme","8":"product_cat-triathlon","9":"product_tag-2025brochure","10":"product_tag-3for2","11":"product_tag-4882-sale","12":"product_tag-4882active","13":"product_tag-262","14":"product_tag-aeroaccessories","15":"product_tag-bhgof24","16":"product_tag-fathers","17":"product_tag-full","18":"product_tag-gift","19":"product_tag-muuvrfull","20":"product_tag-notpodium24","21":"product_tag-outlaw","22":"nt-post-class","23":"","26":"excerpt-none","29":"first","30":"instock","31":"taxable","32":"shipping-taxable","33":"purchasable","34":"product-type-variable"},"_links":{"self":[{"href":"https:\/\/www.infinitri.be\/es\/wp-json\/wp\/v2\/product\/35576","targetHints":{"allow":["GET"]}}],"collection":[{"href":"https:\/\/www.infinitri.be\/es\/wp-json\/wp\/v2\/product"}],"about":[{"href":"https:\/\/www.infinitri.be\/es\/wp-json\/wp\/v2\/types\/product"}],"replies":[{"embeddable":true,"href":"https:\/\/www.infinitri.be\/es\/wp-json\/wp\/v2\/comments?post=35576"}],"wp:featuredmedia":[{"embeddable":true,"href":"https:\/\/www.infinitri.be\/es\/wp-json\/wp\/v2\/media\/35614"}],"wp:attachment":[{"href":"https:\/\/www.infinitri.be\/es\/wp-json\/wp\/v2\/media?parent=35576"}],"wp:term":[{"taxonomy":"product_brand","embeddable":true,"href":"https:\/\/www.infinitri.be\/es\/wp-json\/wp\/v2\/product_brand?post=35576"},{"taxonomy":"product_cat","embeddable":true,"href":"https:\/\/www.infinitri.be\/es\/wp-json\/wp\/v2\/product_cat?post=35576"},{"taxonomy":"product_tag","embeddable":true,"href":"https:\/\/www.infinitri.be\/es\/wp-json\/wp\/v2\/product_tag?post=35576"}],"curies":[{"name":"wp","href":"https:\/\/api.w.org\/{rel}","templated":true}]}}