{"id":35635,"date":"2025-12-26T21:36:29","date_gmt":"2025-12-26T21:36:29","guid":{"rendered":"https:\/\/www.infinitri.be\/?post_type=product&#038;p=35635"},"modified":"2026-04-04T17:36:35","modified_gmt":"2026-04-04T16:36:35","slug":"run-visor-ii-fluo-yellow","status":"publish","type":"product","link":"https:\/\/www.infinitri.be\/es\/producto\/run-visor-ii-fluo-yellow\/","title":{"rendered":"Run Visor II - Amarillo fluorescente"},"content":{"rendered":"<p><span>La visera Run ofrece protecci\u00f3n a la vez que\u00a0<\/span><span>as\u00ed que\u00a0<\/span><span>ligero que ni siquiera notar\u00e1s que est\u00e1 ah\u00ed. Nuestras viseras de nuevo dise\u00f1o incorporan una cinta el\u00e1stica ventilada, y puedes elegir entre negro, amarillo fl\u00faor y blanco.<\/span><\/p>\n<ul>\n<li>Nuevo dise\u00f1o.<\/li>\n<li>Correa el\u00e1stica ligera y ventilada.<\/li>\n<li>Tejido ligero sublimado.<\/li>\n<\/ul>\n<p><a href=\"https:\/\/huubdesign.com\/pages\/refund-policy\">Informaci\u00f3n sobre la garant\u00eda<\/a><\/p>","protected":false},"excerpt":{"rendered":"<p>The Run Visor offers protection while being\u00a0so\u00a0lightweight that you won\u2019t even notice it&#8217;s there. Our newly designed visors feature a ventilated elastic strap, and you can choose from black, fluro yellow and white. New design. Lightweight ventilated elastic strap. Sublimated lightweight fabric. Warranty Information<\/p>","protected":false},"featured_media":35670,"comment_status":"open","ping_status":"closed","template":"","meta":[],"product_brand":[286],"product_cat":[298,59],"product_tag":[],"class_list":{"0":"post-35635","1":"product","2":"type-product","3":"status-publish","4":"has-post-thumbnail","6":"product_brand-huub","7":"product_cat-casquettes","8":"product_cat-triathlon","9":"zank_product_brands-huub","10":"nt-post-class","11":"","14":"excerpt-none","17":"first","18":"instock","19":"taxable","20":"shipping-taxable","21":"purchasable","22":"product-type-simple"},"_links":{"self":[{"href":"https:\/\/www.infinitri.be\/es\/wp-json\/wp\/v2\/product\/35635","targetHints":{"allow":["GET"]}}],"collection":[{"href":"https:\/\/www.infinitri.be\/es\/wp-json\/wp\/v2\/product"}],"about":[{"href":"https:\/\/www.infinitri.be\/es\/wp-json\/wp\/v2\/types\/product"}],"replies":[{"embeddable":true,"href":"https:\/\/www.infinitri.be\/es\/wp-json\/wp\/v2\/comments?post=35635"}],"wp:featuredmedia":[{"embeddable":true,"href":"https:\/\/www.infinitri.be\/es\/wp-json\/wp\/v2\/media\/35670"}],"wp:attachment":[{"href":"https:\/\/www.infinitri.be\/es\/wp-json\/wp\/v2\/media?parent=35635"}],"wp:term":[{"taxonomy":"product_brand","embeddable":true,"href":"https:\/\/www.infinitri.be\/es\/wp-json\/wp\/v2\/product_brand?post=35635"},{"taxonomy":"product_cat","embeddable":true,"href":"https:\/\/www.infinitri.be\/es\/wp-json\/wp\/v2\/product_cat?post=35635"},{"taxonomy":"product_tag","embeddable":true,"href":"https:\/\/www.infinitri.be\/es\/wp-json\/wp\/v2\/product_tag?post=35635"}],"curies":[{"name":"wp","href":"https:\/\/api.w.org\/{rel}","templated":true}]}}