{"id":35751,"date":"2025-12-26T21:59:51","date_gmt":"2025-12-26T21:59:51","guid":{"rendered":"https:\/\/www.infinitri.be\/?post_type=product&#038;p=35751"},"modified":"2026-04-04T17:27:33","modified_gmt":"2026-04-04T16:27:33","slug":"tc-performance-tri-suit-black-red-mens","status":"publish","type":"product","link":"https:\/\/www.infinitri.be\/es\/producto\/tc-performance-tri-suit-black-red-mens\/","title":{"rendered":"TC Performance Tri Suit Negro\/Rojo - Hombre"},"content":{"rendered":"<p>La combinaison Triathlon Collective Performance Tri Suit offre un confort total tout au long de la journ\u00e9e. L&#8217;\u00e9quilibre entre des tissus doux, \u00e0 s\u00e9chage rapide et \u00e0 \u00e9vacuation de la transpiration, la construction de panneaux profil\u00e9s sur les \u00e9paules et une peau de chamois 3D sp\u00e9cifique au triathlon feront de cette combinaison la plus confortable que vous n&#8217;aurez jamais poss\u00e9d\u00e9e.<\/p>\n<p>La combinaison dispose de deux grandes poches arri\u00e8re a\u00e9rodynamiques, suffisamment grandes pour y ranger tous les aliments n\u00e9cessaires le jour de la course et tout autre \u00e9l\u00e9ment essentiel \u00e0 la course. Id\u00e9ale pour les \u00e9preuves de courte et moyenne distance \u00e0 un prix in\u00e9gal\u00e9. Une combinaison de haute qualit\u00e9 parfaite pour les triathl\u00e8tes d\u00e9butants.<br data-mce-fragment=\"1\"><br data-mce-fragment=\"1\"><\/p>\n<ul>\n<li>\n<span style=\"font-size: 0.875rem\">Protection contre les UV au niveau des \u00e9paules et des bras.<\/span>\n<\/li>\n<li>\n<span style=\"font-size: 0.875rem\">Manches longues pour une performance a\u00e9rodynamique et un confort de course.<\/span>\n<\/li>\n<li>\n<span style=\"font-size: 0.875rem\">Tissus l\u00e9gers \u00e0 s\u00e9chage rapide.<\/span>\n<\/li>\n<li>\n<span style=\"font-size: 0.875rem\">3D tri-specific pad.<\/span>\n<\/li>\n<li>\n<span style=\"font-size: 0.875rem\">Panneaux lat\u00e9raux et d&#8217;aisselles en maille filet d&#8217;une seule pi\u00e8ce<\/span>\n<\/li>\n<li>\n<span style=\"font-size: 0.875rem\">Grandes poches arri\u00e8re a\u00e9rodynamiques.<\/span>\n<\/li>\n<li>\n<span style=\"font-size: 0.875rem\">Elastiques en silicone imprim\u00e9s pour les jambes.<\/span>\n<\/li>\n<\/ul>","protected":false},"excerpt":{"rendered":"<p>La combinaison Triathlon Collective Performance Tri Suit offre un confort total tout au long de la journ\u00e9e. L&#8217;\u00e9quilibre entre des tissus doux, \u00e0 s\u00e9chage rapide et \u00e0 \u00e9vacuation de la transpiration, la construction de panneaux profil\u00e9s sur les \u00e9paules et une peau de chamois 3D sp\u00e9cifique au triathlon feront de cette combinaison la plus confortable&#8230;<\/p>","protected":false},"featured_media":35781,"comment_status":"open","ping_status":"closed","template":"","meta":[],"product_brand":[],"product_cat":[59,242],"product_tag":[259,260,261,263,299,266,202,300,269,275,301,271,272],"class_list":{"0":"post-35751","1":"product","2":"type-product","3":"status-publish","4":"has-post-thumbnail","6":"product_cat-triathlon","7":"product_cat-trisuits","8":"product_tag-2025brochure","9":"product_tag-4882-sale","10":"product_tag-4882active","11":"product_tag-bhgof24","12":"product_tag-collectionanemoi","13":"product_tag-full","14":"product_tag-gendermens","15":"product_tag-newtosale","16":"product_tag-notpodium24","17":"product_tag-notss","18":"product_tag-size-triathlon-mens","19":"product_tag-triathlon-all","20":"product_tag-triathlon-mens","21":"nt-post-class","22":"","25":"excerpt-none","28":"first","29":"instock","30":"taxable","31":"shipping-taxable","32":"purchasable","33":"product-type-variable"},"_links":{"self":[{"href":"https:\/\/www.infinitri.be\/es\/wp-json\/wp\/v2\/product\/35751","targetHints":{"allow":["GET"]}}],"collection":[{"href":"https:\/\/www.infinitri.be\/es\/wp-json\/wp\/v2\/product"}],"about":[{"href":"https:\/\/www.infinitri.be\/es\/wp-json\/wp\/v2\/types\/product"}],"replies":[{"embeddable":true,"href":"https:\/\/www.infinitri.be\/es\/wp-json\/wp\/v2\/comments?post=35751"}],"wp:featuredmedia":[{"embeddable":true,"href":"https:\/\/www.infinitri.be\/es\/wp-json\/wp\/v2\/media\/35781"}],"wp:attachment":[{"href":"https:\/\/www.infinitri.be\/es\/wp-json\/wp\/v2\/media?parent=35751"}],"wp:term":[{"taxonomy":"product_brand","embeddable":true,"href":"https:\/\/www.infinitri.be\/es\/wp-json\/wp\/v2\/product_brand?post=35751"},{"taxonomy":"product_cat","embeddable":true,"href":"https:\/\/www.infinitri.be\/es\/wp-json\/wp\/v2\/product_cat?post=35751"},{"taxonomy":"product_tag","embeddable":true,"href":"https:\/\/www.infinitri.be\/es\/wp-json\/wp\/v2\/product_tag?post=35751"}],"curies":[{"name":"wp","href":"https:\/\/api.w.org\/{rel}","templated":true}]}}