{"id":36013,"date":"2025-12-27T10:47:36","date_gmt":"2025-12-27T10:47:36","guid":{"rendered":"https:\/\/www.infinitri.be\/?post_type=product&#038;p=36013"},"modified":"2026-04-04T18:45:06","modified_gmt":"2026-04-04T17:45:06","slug":"aphotic-ii-swim-goggle-yellow-photochromatic","status":"publish","type":"product","link":"https:\/\/www.infinitri.be\/es\/producto\/aphotic-ii-swim-goggle-yellow-photochromatic\/","title":{"rendered":"Gafas de nataci\u00f3n Aphotic II amarillas \u2013 Fotocrom\u00e1ticas"},"content":{"rendered":"<p>L&#8217;\u00ab Aphotic II \u00bb poursuit la recherche de la \u00ab perfection \u00bb en apportant quelques petites modifications \u00e0 notre masque le plus vendu depuis 10 ans, l&#8217;Aphotic. La deuxi\u00e8me g\u00e9n\u00e9ration est dot\u00e9e d&#8217;un cliquet de r\u00e9glage de la sangle, ce qui facilite l&#8217;ajustement. La sangle en silicone pr\u00e9sente \u00e9galement des stries pour am\u00e9liorer le maintien et la s\u00e9curit\u00e9.<\/p>\n<p>Les lunettes de natation sont probablement l&#8217;\u00e9quipement le plus important le jour de la course. Un \u00e9quipement que beaucoup d&#8217;entre nous consid\u00e8rent comme acquis, mais sans lequel toute notre pr\u00e9paration et notre entra\u00eenement sont g\u00e2ch\u00e9s. Il est temps de prendre vos lunettes au s\u00e9rieux et de comprendre ce dont vous avez besoin le jour de la course.<\/p>\n<p>Ne serait-ce pas formidable si la plupart des \u00e9v\u00e9nements commen\u00e7aient au milieu de la journ\u00e9e, le soleil haut, tout le monde au chaud et la lumi\u00e8re aussi bonne qu&#8217;elle peut l&#8217;\u00eatre ? Malheureusement, la dur\u00e9e des \u00e9preuves et les horaires de fermeture des routes font qu&#8217;un d\u00e9part \u00e0 7 heures du matin n&#8217;est pas inhabituel et, comme nous le savons tous, la lumi\u00e8re 30 minutes apr\u00e8s le coup de feu est tr\u00e8s diff\u00e9rente, et encore plus au fur et \u00e0 mesure que la matin\u00e9e avance.<\/p>\n<p>\u00ab Aphotic \u00bb de HUUB, nos premi\u00e8res lunettes de natation qui s&#8217;assombrissent ou s&#8217;\u00e9claircissent gr\u00e2ce \u00e0 la technologie photochromatique pendant la course sans que vous vous en rendiez compte. Une lentille autor\u00e9gulatrice qui offre le confort et la vision n\u00e9cessaires pour maximiser votre vision et vous aider \u00e0 nager.<\/p>\n<p>La clart\u00e9 de la vision \u00ab photochromatique \u00bb facilite la vision et vous permet de contourner les obstacles et les autres nageurs, m\u00eame lorsque vous nagez face au soleil ou dos au soleil.<\/p>\n<p>Ces incroyables lentilles s&#8217;ajustent parfaitement et ne prennent que 160 secondes pour passer de la clart\u00e9 \u00e0 l&#8217;obscurit\u00e9, offrant ainsi une performance ultime \u00e0 chaque virage de chaque bou\u00e9e.<\/p>\n<p>Des colorants photochromatiques brevet\u00e9s sp\u00e9ciaux activent la lentille, ou l&#8217;assombrissent, lorsqu&#8217;elle est expos\u00e9e aux rayons ultraviolets de la lumi\u00e8re du soleil. Lorsque la lumi\u00e8re UV diminue, les lentilles s&#8217;assombrissent. Lorsque les conditions de luminosit\u00e9 changent, le niveau de teinte s&#8217;ajuste, offrant ainsi la bonne teinte au bon moment.<\/p>\n<p>Con\u00e7ues pour s&#8217;adapter parfaitement au visage avec une densit\u00e9 de silicone et de TPR adapt\u00e9e pour cr\u00e9er un ajustement parfait et une sensation de plume, m\u00eame sur les profils faciaux les plus int\u00e9ressants. Pour une bonne baignade, vous avez besoin d&#8217;un ajustement confortable et de la capacit\u00e9 de voir autant que possible tout en bloquant autant de lumi\u00e8re que possible lorsque le soleil est haut ou que la r\u00e9flexion de l&#8217;eau est optimale.<\/p>\n<p>&#8211; Mat\u00e9riau de l&#8217;oculaire : PC<\/p>\n<p>&#8211; Mat\u00e9riau du joint : Silicone<\/p>\n<p>&#8211; Mat\u00e9riau de la sangle : Silicone<\/p>","protected":false},"excerpt":{"rendered":"<p>L&#8217;\u00ab Aphotic II \u00bb poursuit la recherche de la \u00ab perfection \u00bb en apportant quelques petites modifications \u00e0 notre masque le plus vendu depuis 10 ans, l&#8217;Aphotic. La deuxi\u00e8me g\u00e9n\u00e9ration est dot\u00e9e d&#8217;un cliquet de r\u00e9glage de la sangle, ce qui facilite l&#8217;ajustement. La sangle en silicone pr\u00e9sente \u00e9galement des stries pour am\u00e9liorer le maintien&#8230;<\/p>","protected":false},"featured_media":36046,"comment_status":"open","ping_status":"closed","template":"","meta":[],"product_brand":[286],"product_cat":[55,56,59],"product_tag":[259,303],"class_list":{"0":"post-36013","1":"product","2":"type-product","3":"status-publish","4":"has-post-thumbnail","6":"product_brand-huub","7":"product_cat-lunettes-natation","8":"product_cat-lunettes-triathlon","9":"product_cat-triathlon","10":"product_tag-2025brochure","11":"product_tag-newfor2025","12":"zank_product_brands-huub","13":"nt-post-class","14":"","17":"excerpt-none","20":"first","21":"instock","22":"taxable","23":"shipping-taxable","24":"purchasable","25":"product-type-simple"},"_links":{"self":[{"href":"https:\/\/www.infinitri.be\/es\/wp-json\/wp\/v2\/product\/36013","targetHints":{"allow":["GET"]}}],"collection":[{"href":"https:\/\/www.infinitri.be\/es\/wp-json\/wp\/v2\/product"}],"about":[{"href":"https:\/\/www.infinitri.be\/es\/wp-json\/wp\/v2\/types\/product"}],"replies":[{"embeddable":true,"href":"https:\/\/www.infinitri.be\/es\/wp-json\/wp\/v2\/comments?post=36013"}],"wp:featuredmedia":[{"embeddable":true,"href":"https:\/\/www.infinitri.be\/es\/wp-json\/wp\/v2\/media\/36046"}],"wp:attachment":[{"href":"https:\/\/www.infinitri.be\/es\/wp-json\/wp\/v2\/media?parent=36013"}],"wp:term":[{"taxonomy":"product_brand","embeddable":true,"href":"https:\/\/www.infinitri.be\/es\/wp-json\/wp\/v2\/product_brand?post=36013"},{"taxonomy":"product_cat","embeddable":true,"href":"https:\/\/www.infinitri.be\/es\/wp-json\/wp\/v2\/product_cat?post=36013"},{"taxonomy":"product_tag","embeddable":true,"href":"https:\/\/www.infinitri.be\/es\/wp-json\/wp\/v2\/product_tag?post=36013"}],"curies":[{"name":"wp","href":"https:\/\/api.w.org\/{rel}","templated":true}]}}