{"id":36020,"date":"2025-12-27T10:47:37","date_gmt":"2025-12-27T10:47:37","guid":{"rendered":"https:\/\/www.infinitri.be\/?post_type=product&#038;p=36020"},"modified":"2026-04-04T18:45:06","modified_gmt":"2026-04-04T17:45:06","slug":"lurz-swim-goggle-sage-clear-gold-mirror","status":"publish","type":"product","link":"https:\/\/www.infinitri.be\/es\/producto\/lurz-swim-goggle-sage-clear-gold-mirror\/","title":{"rendered":"Gafas de nataci\u00f3n Lurz Sage - Espejo dorado transparente"},"content":{"rendered":"<p>Una m\u00e1scara de competici\u00f3n fina y refinada que reduce la resistencia aerodin\u00e1mica y ofrece una asombrosa visi\u00f3n perif\u00e9rica, con una lente con acabado de espejo.<\/p>\n<p>Creada en colaboraci\u00f3n con el mejor nadador masculino de aguas abiertas de todos los tiempos, Thomas Lurz, esta m\u00e1scara de competici\u00f3n es la definici\u00f3n misma de un gran nadador.<\/p>\n<ul>\n<li>Construcci\u00f3n exclusiva de las lentes para mejorar la visi\u00f3n perif\u00e9rica.<\/li>\n<li>Marco y correa de silicona suave de alta tecnolog\u00eda.<\/li>\n<li>Lentes de policarbonato antivaho, resistentes a los ara\u00f1azos y al agua.<\/li>\n<li>Las lentes espejadas reducen el deslumbramiento.<\/li>\n<\/ul>\n<p>&nbsp;<\/p>\n<p>&nbsp;<\/p>","protected":false},"excerpt":{"rendered":"<p>Gafas de competici\u00f3n finas y refinadas que ofrecen una resistencia reducida y una asombrosa visi\u00f3n perif\u00e9rica, con una lente con acabado de espejo.<\/p>\n<p>Creado en colaboraci\u00f3n con el mejor nadador masculino de aguas abiertas de todos los tiempos, Thomas Lurz.<\/p>","protected":false},"featured_media":36066,"comment_status":"open","ping_status":"closed","template":"","meta":[],"product_brand":[],"product_cat":[55,56,41,59],"product_tag":[259,303],"class_list":{"0":"post-36020","1":"product","2":"type-product","3":"status-publish","4":"has-post-thumbnail","6":"product_cat-lunettes-natation","7":"product_cat-lunettes-triathlon","8":"product_cat-natation","9":"product_cat-triathlon","10":"product_tag-2025brochure","11":"product_tag-newfor2025","12":"nt-post-class","13":"","19":"first","20":"instock","21":"taxable","22":"shipping-taxable","23":"purchasable","24":"product-type-simple"},"_links":{"self":[{"href":"https:\/\/www.infinitri.be\/es\/wp-json\/wp\/v2\/product\/36020","targetHints":{"allow":["GET"]}}],"collection":[{"href":"https:\/\/www.infinitri.be\/es\/wp-json\/wp\/v2\/product"}],"about":[{"href":"https:\/\/www.infinitri.be\/es\/wp-json\/wp\/v2\/types\/product"}],"replies":[{"embeddable":true,"href":"https:\/\/www.infinitri.be\/es\/wp-json\/wp\/v2\/comments?post=36020"}],"wp:featuredmedia":[{"embeddable":true,"href":"https:\/\/www.infinitri.be\/es\/wp-json\/wp\/v2\/media\/36066"}],"wp:attachment":[{"href":"https:\/\/www.infinitri.be\/es\/wp-json\/wp\/v2\/media?parent=36020"}],"wp:term":[{"taxonomy":"product_brand","embeddable":true,"href":"https:\/\/www.infinitri.be\/es\/wp-json\/wp\/v2\/product_brand?post=36020"},{"taxonomy":"product_cat","embeddable":true,"href":"https:\/\/www.infinitri.be\/es\/wp-json\/wp\/v2\/product_cat?post=36020"},{"taxonomy":"product_tag","embeddable":true,"href":"https:\/\/www.infinitri.be\/es\/wp-json\/wp\/v2\/product_tag?post=36020"}],"curies":[{"name":"wp","href":"https:\/\/api.w.org\/{rel}","templated":true}]}}