{"id":36285,"date":"2025-12-27T11:00:24","date_gmt":"2025-12-27T11:00:24","guid":{"rendered":"https:\/\/www.infinitri.be\/?post_type=product&#038;p=36285"},"modified":"2026-04-04T17:36:03","modified_gmt":"2026-04-04T16:36:03","slug":"huub-catch-up-pole","status":"publish","type":"product","link":"https:\/\/www.infinitri.be\/es\/producto\/huub-catch-up-pole\/","title":{"rendered":"HUUB Catch Up Pole"},"content":{"rendered":"<div><\/div>\n<div>\n<div>\n<p>Les nageurs et les triathl\u00e8tes connaissent probablement tous l&#8217;exercice de rattrapage.<\/p>\n<p>&#8230;.mais savez-vous pourquoi votre entra\u00eeneur vous demande d&#8217;effectuer un exercice de rattrapage ?<\/p>\n<p>Quel est son but ?<\/p>\n<p>Le faites-vous correctement ?<\/p>\n<p>HUUB s&#8217;est associ\u00e9 \u00e0 Dave Tonge pour cr\u00e9er un tout nouvel outil de natation innovant appel\u00e9 la \u00ab Perche de rattrapage \u00bb.<\/p>\n<p>&nbsp;<\/p>\n<p>La perche de rattrapage permet au nageur d&#8217;entrer dans l&#8217;eau dans l&#8217;axe de ses \u00e9paules. Cela l&#8217;emp\u00eache de d\u00e9passer la ligne m\u00e9diane et de \u00ab serpenter \u00bb dans l&#8217;eau.<\/p>\n<p>Elle est \u00e9quip\u00e9e de disques de flottabilit\u00e9 r\u00e9glables qui peuvent \u00eatre align\u00e9s en fonction de la largeur des \u00e9paules du nageur et qui aident \u00e0 maintenir le nageur au-dessus de l&#8217;eau lors de l&#8217;exercice.<\/p>\n<p>La perche est excellente pour cr\u00e9er de la distance par coup de bras et emp\u00eacher les nageurs d&#8217;\u00eatre dans le vent dans l&#8217;eau. Elle r\u00e9duit le nombre de coups par 25 m et ralentit le rythme de la nage pour permettre une nage d\u00e9tendue et contr\u00f4l\u00e9e. Il aide les hanches et les \u00e9paules \u00e0 tourner ensemble pour cr\u00e9er une nage libre parfaitement chronom\u00e9tr\u00e9e.<\/p>\n<\/div>\n<p class=\"MsoNormal\">\n<\/div>","protected":false},"excerpt":{"rendered":"<p>Les nageurs et les triathl\u00e8tes connaissent probablement tous l&#8217;exercice de rattrapage. &#8230;.mais savez-vous pourquoi votre entra\u00eeneur vous demande d&#8217;effectuer un exercice de rattrapage ? Quel est son but ? Le faites-vous correctement ? HUUB s&#8217;est associ\u00e9 \u00e0 Dave Tonge pour cr\u00e9er un tout nouvel outil de natation innovant appel\u00e9 la \u00ab Perche de rattrapage \u00bb&#8230;.<\/p>","protected":false},"featured_media":36304,"comment_status":"open","ping_status":"closed","template":"","meta":[],"product_brand":[286],"product_cat":[57,41],"product_tag":[],"class_list":{"0":"post-36285","1":"product","2":"type-product","3":"status-publish","4":"has-post-thumbnail","6":"product_brand-huub","7":"product_cat-accessoires-natation","8":"product_cat-natation","9":"zank_product_brands-huub","10":"nt-post-class","11":"","14":"excerpt-none","17":"first","18":"instock","19":"taxable","20":"shipping-taxable","21":"purchasable","22":"product-type-simple"},"_links":{"self":[{"href":"https:\/\/www.infinitri.be\/es\/wp-json\/wp\/v2\/product\/36285","targetHints":{"allow":["GET"]}}],"collection":[{"href":"https:\/\/www.infinitri.be\/es\/wp-json\/wp\/v2\/product"}],"about":[{"href":"https:\/\/www.infinitri.be\/es\/wp-json\/wp\/v2\/types\/product"}],"replies":[{"embeddable":true,"href":"https:\/\/www.infinitri.be\/es\/wp-json\/wp\/v2\/comments?post=36285"}],"wp:featuredmedia":[{"embeddable":true,"href":"https:\/\/www.infinitri.be\/es\/wp-json\/wp\/v2\/media\/36304"}],"wp:attachment":[{"href":"https:\/\/www.infinitri.be\/es\/wp-json\/wp\/v2\/media?parent=36285"}],"wp:term":[{"taxonomy":"product_brand","embeddable":true,"href":"https:\/\/www.infinitri.be\/es\/wp-json\/wp\/v2\/product_brand?post=36285"},{"taxonomy":"product_cat","embeddable":true,"href":"https:\/\/www.infinitri.be\/es\/wp-json\/wp\/v2\/product_cat?post=36285"},{"taxonomy":"product_tag","embeddable":true,"href":"https:\/\/www.infinitri.be\/es\/wp-json\/wp\/v2\/product_tag?post=36285"}],"curies":[{"name":"wp","href":"https:\/\/api.w.org\/{rel}","templated":true}]}}