{"id":36294,"date":"2025-12-27T11:00:24","date_gmt":"2025-12-27T11:00:24","guid":{"rendered":"https:\/\/www.infinitri.be\/?post_type=product&#038;p=36294"},"modified":"2026-04-04T18:44:51","modified_gmt":"2026-04-04T17:44:51","slug":"stroke-float","status":"publish","type":"product","link":"https:\/\/www.infinitri.be\/es\/producto\/stroke-float\/","title":{"rendered":"Flotador para accidentes cerebrovasculares"},"content":{"rendered":"<p data-mce-fragment=\"1\"><strong data-mce-fragment=\"1\"><span data-mce-fragment=\"1\">EQUILIBRIO - EXTENSI\u00d3N - DESLIZAMIENTO<\/span><\/strong><\/p>\n<p data-mce-fragment=\"1\"><strong data-mce-fragment=\"1\"><span data-mce-fragment=\"1\">CarreraFloat<\/span><\/strong><\/p>\n<p data-mce-fragment=\"1\"><span data-mce-fragment=\"1\">Flotador de nataci\u00f3n de 3 capas con doble correa de mano, que cualquier nivel de nadador puede utilizar para ejercicios de nataci\u00f3n.<\/span><\/p>\n<p data-mce-fragment=\"1\"><span data-mce-fragment=\"1\">Las 3 capas diferentes de flotabilidad se adaptan a todas las habilidades y se pueden cambiar f\u00e1cilmente para realizar una amplia gama de ejercicios de nataci\u00f3n de desarrollo. El StrokeFloat crea flotabilidad para ejercicios con un solo brazo y ejercicios de patada lateral. Estos ejercicios ayudar\u00e1n a desarrollar la fuerza central del nadador en el agua, mejorando su alcance y extensi\u00f3n completos (distancia por brazada) y su t\u00e9cnica general.<\/span><\/p>\n<p data-mce-fragment=\"1\"><span data-mce-fragment=\"1\">El StrokeFloat tambi\u00e9n se puede utilizar para dar patadas normales sujet\u00e1ndolo con los dos brazos extendidos y las manos en las correas centrales. Las correas centrales est\u00e1n ah\u00ed para sujetar la mano o manos del nadador en su sitio, por lo que no hay necesidad de agarrar el flotador como se har\u00eda con una tabla de patada est\u00e1ndar. Agarrarse a la parte superior o inferior del flotador hace que el nadador se tense, pierda flotabilidad y se desequilibre en el agua.<\/span><\/p>\n<p data-mce-fragment=\"1\"><span data-mce-fragment=\"1\">Ni\u00f1os y adultos pueden utilizarlo centr\u00e1ndose en el desarrollo del equilibrio, la rotaci\u00f3n y el deslizamiento. <\/span><\/p>","protected":false},"excerpt":{"rendered":"<p>BALANCE &#8211; EXTENSION &#8211; GLIDE StrokeFloat 3 layered swimming float with a double hand strap, which any level of swimmer can use for swimming drills. The 3 different layers of buoyancy cater for all abilities and can be changed easily to perform a wide range of developmental swimming drills. The StrokeFloat creates buoyancy for single&#8230;<\/p>","protected":false},"featured_media":36352,"comment_status":"open","ping_status":"closed","template":"","meta":[],"product_brand":[],"product_cat":[57,41],"product_tag":[274,279,276,277],"class_list":{"0":"post-36294","1":"product","2":"type-product","3":"status-publish","4":"has-post-thumbnail","6":"product_cat-accessoires-natation","7":"product_cat-natation","8":"product_tag-gift","9":"product_tag-mens-swim","10":"product_tag-swim-all","11":"product_tag-womens-swim","12":"nt-post-class","13":"","16":"excerpt-none","19":"first","20":"instock","21":"taxable","22":"shipping-taxable","23":"purchasable","24":"product-type-simple"},"_links":{"self":[{"href":"https:\/\/www.infinitri.be\/es\/wp-json\/wp\/v2\/product\/36294","targetHints":{"allow":["GET"]}}],"collection":[{"href":"https:\/\/www.infinitri.be\/es\/wp-json\/wp\/v2\/product"}],"about":[{"href":"https:\/\/www.infinitri.be\/es\/wp-json\/wp\/v2\/types\/product"}],"replies":[{"embeddable":true,"href":"https:\/\/www.infinitri.be\/es\/wp-json\/wp\/v2\/comments?post=36294"}],"wp:featuredmedia":[{"embeddable":true,"href":"https:\/\/www.infinitri.be\/es\/wp-json\/wp\/v2\/media\/36352"}],"wp:attachment":[{"href":"https:\/\/www.infinitri.be\/es\/wp-json\/wp\/v2\/media?parent=36294"}],"wp:term":[{"taxonomy":"product_brand","embeddable":true,"href":"https:\/\/www.infinitri.be\/es\/wp-json\/wp\/v2\/product_brand?post=36294"},{"taxonomy":"product_cat","embeddable":true,"href":"https:\/\/www.infinitri.be\/es\/wp-json\/wp\/v2\/product_cat?post=36294"},{"taxonomy":"product_tag","embeddable":true,"href":"https:\/\/www.infinitri.be\/es\/wp-json\/wp\/v2\/product_tag?post=36294"}],"curies":[{"name":"wp","href":"https:\/\/api.w.org\/{rel}","templated":true}]}}