{"id":36297,"date":"2025-12-27T11:00:25","date_gmt":"2025-12-27T11:00:25","guid":{"rendered":"https:\/\/www.infinitri.be\/?post_type=product&#038;p=36297"},"modified":"2026-04-04T17:35:55","modified_gmt":"2026-04-04T16:35:55","slug":"toy-buoy-4","status":"publish","type":"product","link":"https:\/\/www.infinitri.be\/es\/producto\/toy-buoy-4\/","title":{"rendered":"Huub Toy Boy"},"content":{"rendered":"<p>El HUUB Toy Buoy original ha mejorado<span>\u00a0<\/span><span>forma, flotabilidad y tama\u00f1o<\/span><span>\u00a0<\/span>para hacerlo a\u00fan m\u00e1s vers\u00e1til y permitirle reproducir una amplia variedad de condiciones de nataci\u00f3n.\u00a0<\/p>\n<p>Se llama Toy Buoy 4 porque se puede utilizar en cuatro posiciones diferentes para cambiar las condiciones en las que se desea entrenar. Pero en todos los casos, obtendr\u00e1s:<\/p>\n<ul>\n<li>Mejora de la alineaci\u00f3n corporal.<\/li>\n<li>Capacidad para replicar la nataci\u00f3n con traje de neopreno en los entrenamientos.<\/li>\n<li>\n<span>Una enorme flotabilidad de 23 newtons, aproximadamente 351 TP3T m\u00e1s que la que proporcionan muchos otros pull buoys.<\/span>\u00a0<\/li>\n<\/ul>\n<p>Ahora puedes alternar entre cargas de arrastre utilizando el dise\u00f1o hidrodin\u00e1mico y puedes elegir d\u00f3nde necesitas m\u00e1s flotabilidad en tus piernas eligiendo con qu\u00e9 extremo del Toy Buoy te adelantas en el agua y qu\u00e9 lado mantienes hacia arriba, de la siguiente manera:<\/p>\n<ol>\n<li>M\u00e1s flotabilidad bajo las piernas con gran resistencia (extremo grande hacia abajo, lado plano hacia la entrepierna).<\/li>\n<li>M\u00e1s flotabilidad bajo las piernas, menos resistencia (extremo grande hacia abajo, lado redondeado hacia la entrepierna).<\/li>\n<li>Menor flotabilidad bajo las piernas, mayor resistencia (extremo peque\u00f1o hacia abajo, lado plano hacia la entrepierna).<\/li>\n<li>Menor flotabilidad bajo las piernas, menor resistencia (extremo peque\u00f1o hacia abajo, lado redondeado hacia la entrepierna).<\/li>\n<\/ol>\n<p>El Toy Buoy es un ejemplo del pensamiento innovador de HUUB, y el pull buoy HUUB Toy Buoy 4 cumple todos los requisitos para los nadadores. Hasta ahora, a los nadadores se les ofrec\u00eda b\u00e1sicamente un enfoque de \u2018talla \u00fanica\u2019 para los pull buoys, lo que resultaba frustrante tanto para los nadadores como para los entrenadores.<\/p>\n<p>La flotabilidad adicional del HUUB Toy Buoy lo hace ideal si est\u00e1s entrenando para nadar con traje de neopreno, ya que te permite simular la elevaci\u00f3n de las piernas que se produce al llevar un traje de neopreno HUUB.<\/p>\n<p>Dado que los trajes de neopreno y el cloro no son compatibles, el HUUB Toy Buoy ofrece una alternativa genuina para tu entrenamiento en interiores.<\/p>\n<p>\u00a0<\/p>\n<p><span><a href=\"https:\/\/huubdesign.com\/pages\/refund-policy\">Informaci\u00f3n sobre la garant\u00eda<\/a><\/span><\/p>","protected":false},"excerpt":{"rendered":"<p>The original HUUB Toy Buoy has enhanced\u00a0shaping, buoyancy and size\u00a0to make it even more versatile, and allow you the replicate a wide variety of swimming conditions.\u00a0 Called the Toy Buoy 4, because you can use it in four different positions, to change the conditions you want to train for. But in all instances, you&#8217;ll get:&#8230;<\/p>","protected":false},"featured_media":36364,"comment_status":"open","ping_status":"closed","template":"","meta":[],"product_brand":[286],"product_cat":[57,41],"product_tag":[259,260,261,263,264,265,266,274,279,268,269,276,277],"class_list":{"0":"post-36297","1":"product","2":"type-product","3":"status-publish","4":"has-post-thumbnail","6":"product_brand-huub","7":"product_cat-accessoires-natation","8":"product_cat-natation","9":"product_tag-2025brochure","10":"product_tag-4882-sale","11":"product_tag-4882active","12":"product_tag-bhgof24","13":"product_tag-fathers","14":"product_tag-fathersday24","15":"product_tag-full","16":"product_tag-gift","17":"product_tag-mens-swim","18":"product_tag-muuvrfull","19":"product_tag-notpodium24","20":"product_tag-swim-all","21":"product_tag-womens-swim","22":"zank_product_brands-huub","23":"nt-post-class","24":"","27":"excerpt-none","30":"first","31":"instock","32":"taxable","33":"shipping-taxable","34":"purchasable","35":"product-type-simple"},"_links":{"self":[{"href":"https:\/\/www.infinitri.be\/es\/wp-json\/wp\/v2\/product\/36297","targetHints":{"allow":["GET"]}}],"collection":[{"href":"https:\/\/www.infinitri.be\/es\/wp-json\/wp\/v2\/product"}],"about":[{"href":"https:\/\/www.infinitri.be\/es\/wp-json\/wp\/v2\/types\/product"}],"replies":[{"embeddable":true,"href":"https:\/\/www.infinitri.be\/es\/wp-json\/wp\/v2\/comments?post=36297"}],"wp:featuredmedia":[{"embeddable":true,"href":"https:\/\/www.infinitri.be\/es\/wp-json\/wp\/v2\/media\/36364"}],"wp:attachment":[{"href":"https:\/\/www.infinitri.be\/es\/wp-json\/wp\/v2\/media?parent=36297"}],"wp:term":[{"taxonomy":"product_brand","embeddable":true,"href":"https:\/\/www.infinitri.be\/es\/wp-json\/wp\/v2\/product_brand?post=36297"},{"taxonomy":"product_cat","embeddable":true,"href":"https:\/\/www.infinitri.be\/es\/wp-json\/wp\/v2\/product_cat?post=36297"},{"taxonomy":"product_tag","embeddable":true,"href":"https:\/\/www.infinitri.be\/es\/wp-json\/wp\/v2\/product_tag?post=36297"}],"curies":[{"name":"wp","href":"https:\/\/api.w.org\/{rel}","templated":true}]}}