{"id":36303,"date":"2025-12-27T11:00:25","date_gmt":"2025-12-27T11:00:25","guid":{"rendered":"https:\/\/www.infinitri.be\/?post_type=product&#038;p=36303"},"modified":"2026-04-04T17:35:55","modified_gmt":"2026-04-04T16:35:55","slug":"run-visor-ii-black","status":"publish","type":"product","link":"https:\/\/www.infinitri.be\/es\/producto\/run-visor-ii-black\/","title":{"rendered":"Run Visor II \u2013 Negro"},"content":{"rendered":"<p>La visera Run ofrece protecci\u00f3n y es tan ligera que ni siquiera notar\u00e1s que la llevas puesta. Nuestras viseras de nuevo dise\u00f1o cuentan con una correa el\u00e1stica ventilada y puedes elegir entre negro, amarillo fluorescente y blanco.<\/p>\n<ul>\n<li>Nuevo dise\u00f1o 2021.<\/li>\n<li>Correa el\u00e1stica ligera y ventilada.<\/li>\n<li>Tejido ligero sublimado.<\/li>\n<li>Tambi\u00e9n disponible en blanco, coral y amarillo fluorescente.<\/li>\n<\/ul>\n<p>\u00a0<\/p>\n<p><a href=\"https:\/\/huubdesign.com\/pages\/refund-policy\">Informaci\u00f3n sobre la garant\u00eda<\/a><\/p>","protected":false},"excerpt":{"rendered":"<p>The Run Visor offers protection while being so lightweight that you won\u2019t even notice it&#8217;s there. Our newly designed visors feature a ventilated elastic strap, and you can choose from black, fluro yellow and white. New 2021 design. Lightweight ventilated elastic strap. Sublimated lightweight fabric. Also available in white, coral and fluro yellow. \u00a0 Warranty&#8230;<\/p>","protected":false},"featured_media":36387,"comment_status":"open","ping_status":"closed","template":"","meta":[],"product_brand":[286],"product_cat":[298],"product_tag":[259,262,316,306,308,319,287,288,264,265,202,267,279,269,280,276,271,272,273,277],"class_list":{"0":"post-36303","1":"product","2":"type-product","3":"status-publish","4":"has-post-thumbnail","6":"product_brand-huub","7":"product_cat-casquettes","8":"product_tag-2025brochure","9":"product_tag-262","10":"product_tag-bags-luggage","11":"product_tag-categoryaccessories","12":"product_tag-collectionaccessories","13":"product_tag-collectionbagsluggage","14":"product_tag-cycle-all","15":"product_tag-cycle-mens","16":"product_tag-fathers","17":"product_tag-fathersday24","18":"product_tag-gendermens","19":"product_tag-genderwomens","20":"product_tag-mens-swim","21":"product_tag-notpodium24","22":"product_tag-outlaw","23":"product_tag-swim-all","24":"product_tag-triathlon-all","25":"product_tag-triathlon-mens","26":"product_tag-triathlon-womens","27":"product_tag-womens-swim","28":"zank_product_brands-huub","29":"nt-post-class","30":"","33":"excerpt-none","36":"first","37":"instock","38":"taxable","39":"shipping-taxable","40":"purchasable","41":"product-type-simple"},"_links":{"self":[{"href":"https:\/\/www.infinitri.be\/es\/wp-json\/wp\/v2\/product\/36303","targetHints":{"allow":["GET"]}}],"collection":[{"href":"https:\/\/www.infinitri.be\/es\/wp-json\/wp\/v2\/product"}],"about":[{"href":"https:\/\/www.infinitri.be\/es\/wp-json\/wp\/v2\/types\/product"}],"replies":[{"embeddable":true,"href":"https:\/\/www.infinitri.be\/es\/wp-json\/wp\/v2\/comments?post=36303"}],"wp:featuredmedia":[{"embeddable":true,"href":"https:\/\/www.infinitri.be\/es\/wp-json\/wp\/v2\/media\/36387"}],"wp:attachment":[{"href":"https:\/\/www.infinitri.be\/es\/wp-json\/wp\/v2\/media?parent=36303"}],"wp:term":[{"taxonomy":"product_brand","embeddable":true,"href":"https:\/\/www.infinitri.be\/es\/wp-json\/wp\/v2\/product_brand?post=36303"},{"taxonomy":"product_cat","embeddable":true,"href":"https:\/\/www.infinitri.be\/es\/wp-json\/wp\/v2\/product_cat?post=36303"},{"taxonomy":"product_tag","embeddable":true,"href":"https:\/\/www.infinitri.be\/es\/wp-json\/wp\/v2\/product_tag?post=36303"}],"curies":[{"name":"wp","href":"https:\/\/api.w.org\/{rel}","templated":true}]}}