{"id":36439,"date":"2025-12-27T11:23:38","date_gmt":"2025-12-27T11:23:38","guid":{"rendered":"https:\/\/www.infinitri.be\/?post_type=product&#038;p=36439"},"modified":"2026-04-04T18:42:43","modified_gmt":"2026-04-04T17:42:43","slug":"running-baseball-cap","status":"publish","type":"product","link":"https:\/\/www.infinitri.be\/es\/producto\/running-baseball-cap\/","title":{"rendered":"Gorra de b\u00e9isbol para correr"},"content":{"rendered":"<p>Trucker cap avec une diff\u00e9rence ; le tissu l\u00e9ger et la maille garantissent que cette casquette \u00e9l\u00e9gante fonctionne comme une casquette de course. Parfaite pour l&#8217;avant, l&#8217;apr\u00e8s et le jour de la course.<\/p>","protected":false},"excerpt":{"rendered":"<p>Trucker cap avec une diff\u00e9rence ; le tissu l\u00e9ger et la maille garantissent que cette casquette \u00e9l\u00e9gante fonctionne comme une casquette de course. Parfaite pour l&#8217;avant, l&#8217;apr\u00e8s et le jour de la course.<\/p>","protected":false},"featured_media":36470,"comment_status":"open","ping_status":"closed","template":"","meta":[],"product_brand":[],"product_cat":[298],"product_tag":[259,260,287,288,266,202,267,291,279,268,276,271,272,273,277],"class_list":{"0":"post-36439","1":"product","2":"type-product","3":"status-publish","4":"has-post-thumbnail","6":"product_cat-casquettes","7":"product_tag-2025brochure","8":"product_tag-4882-sale","9":"product_tag-cycle-all","10":"product_tag-cycle-mens","11":"product_tag-full","12":"product_tag-gendermens","13":"product_tag-genderwomens","14":"product_tag-lifestyle","15":"product_tag-mens-swim","16":"product_tag-muuvrfull","17":"product_tag-swim-all","18":"product_tag-triathlon-all","19":"product_tag-triathlon-mens","20":"product_tag-triathlon-womens","21":"product_tag-womens-swim","22":"nt-post-class","23":"","26":"excerpt-none","29":"first","30":"instock","31":"taxable","32":"shipping-taxable","33":"purchasable","34":"product-type-simple"},"_links":{"self":[{"href":"https:\/\/www.infinitri.be\/es\/wp-json\/wp\/v2\/product\/36439","targetHints":{"allow":["GET"]}}],"collection":[{"href":"https:\/\/www.infinitri.be\/es\/wp-json\/wp\/v2\/product"}],"about":[{"href":"https:\/\/www.infinitri.be\/es\/wp-json\/wp\/v2\/types\/product"}],"replies":[{"embeddable":true,"href":"https:\/\/www.infinitri.be\/es\/wp-json\/wp\/v2\/comments?post=36439"}],"wp:featuredmedia":[{"embeddable":true,"href":"https:\/\/www.infinitri.be\/es\/wp-json\/wp\/v2\/media\/36470"}],"wp:attachment":[{"href":"https:\/\/www.infinitri.be\/es\/wp-json\/wp\/v2\/media?parent=36439"}],"wp:term":[{"taxonomy":"product_brand","embeddable":true,"href":"https:\/\/www.infinitri.be\/es\/wp-json\/wp\/v2\/product_brand?post=36439"},{"taxonomy":"product_cat","embeddable":true,"href":"https:\/\/www.infinitri.be\/es\/wp-json\/wp\/v2\/product_cat?post=36439"},{"taxonomy":"product_tag","embeddable":true,"href":"https:\/\/www.infinitri.be\/es\/wp-json\/wp\/v2\/product_tag?post=36439"}],"curies":[{"name":"wp","href":"https:\/\/api.w.org\/{rel}","templated":true}]}}