{"id":36458,"date":"2025-12-27T11:23:39","date_gmt":"2025-12-27T11:23:39","guid":{"rendered":"https:\/\/www.infinitri.be\/?post_type=product&#038;p=36458"},"modified":"2026-04-25T10:03:21","modified_gmt":"2026-04-25T09:03:21","slug":"brownlee-agilis-limited-edition-gold-44-mens","status":"publish","type":"product","link":"https:\/\/www.infinitri.be\/es\/producto\/brownlee-agilis-limited-edition-gold-44-mens\/","title":{"rendered":"Brownlee Agilis Limited Edition Gold 4:4 \u2013 Hombre"},"content":{"rendered":"<p><span><b>JONNY BROWNLEE Or 3:5 WETSUIT<\/b><\/span><\/p>\n<p><span><b>LO \u00daLTIMO EN TRAJES DE NEOPRENO PARA UN RENDIMIENTO DE \u00c9LITE\u00a0<\/b><\/span><\/p>\n<p><span>Hay cosas que no se pueden mejorar (bueno, por ahora). Los hermanos Alistair y Jonny Brownlee, medallistas ol\u00edmpicos de oro y plata, nos retaron a crear el traje Agilis con dos sencillos objetivos.<\/span><\/p>\n<p>Los Brownlee quer\u00edan poder :<\/p>\n<ol>\n<li>Nadar como si no llevaran traje de neopreno durante todo el ciclo de nataci\u00f3n.<\/li>\n<li>Aseg\u00farate de que sus caderas y piernas est\u00e9n lo m\u00e1s elevadas posible y mantenlas en esta posici\u00f3n.<\/li>\n<\/ol>\n<p><span>Este es ya el tercer a\u00f1o desde la introducci\u00f3n del traje, y se supon\u00eda que iba a ser un a\u00f1o bastante est\u00e1ndar hasta que 2020 y Covid-19 convirtieron 2021 en un a\u00f1o ol\u00edmpico. Quer\u00edamos celebrar los logros de Ali y Jonny en los dos \u00faltimos Juegos Ol\u00edmpicos con estos trajes Brownlee Agilis de edici\u00f3n limitada.\u00a0<\/span><\/p>\n<p><span>Los trajes representan el color de las medallas ganadas por Alistair y Jonny en los triatlones ol\u00edmpicos de Londres 2012 y R\u00edo 2016. Estamos orgullosos de nuestra colaboraci\u00f3n con los Brownless, y nuestras ediciones limitadas Gold Agilis y Silver &amp; Bronze Agilis rinden homenaje a las medallas de oro de Alistair y a las de plata y bronce de Jonny. Cada traje est\u00e1 limitado a 500 unidades, pero el mismo rendimiento de gama alta, los conocimientos hidrodin\u00e1micos y la calidad del dise\u00f1o est\u00e1n a la vista de todos.<\/span><\/p>\n<p>\u00a0<\/p>\n<p><strong>+43\u2122<\/strong><\/p>\n<ol><\/ol>\n<p>Los nuevos materiales de flotabilidad ofrecen una elevaci\u00f3n sin precedentes de las piernas y la parte inferior del cuerpo, dentro de la normativa reguladora. La espuma de flotabilidad +43\u2122 exclusiva de HUUB ofrece 43 % m\u00e1s de flotabilidad que el neopreno est\u00e1ndar. Normalmente, los fabricantes de trajes de neopreno a\u00f1aden flotabilidad en los muslos y las caderas, pero en este traje de neopreno, el material +43\u2122 va m\u00e1s all\u00e1 del centro de flotabilidad para una elevaci\u00f3n m\u00e1xima de las piernas.<\/p>\n<p>Gracias a la contribuci\u00f3n de Alistair, Jonny y el profesor Huub Toussaint, ahora podemos decir con confianza que no existe una combinaci\u00f3n m\u00e1s r\u00e1pida. Esto es lo que los triatletas estaban esperando: un traje sin compromisos para el d\u00eda de la carrera. Alistair y Jonny no sacrifican su rendimiento por nada, as\u00ed que no es de extra\u00f1ar que no recurran a un traje de neopreno a menos que sea REALMENTE el mejor con el que hayan nadado nunca.<\/p>\n<p>Conseguir este tipo de comentarios de los hermanos es algo que no se puede hacer sin una gran cantidad de conocimientos y una gran fuente de informaci\u00f3n. Este traje de neopreno es realmente una magn\u00edfica pieza del equipo de nataci\u00f3n. Sencillo pero incre\u00edblemente eficaz, tiene tecnolog\u00eda invisible, pero como decimos nosotros, \u00ablo que no se ve es lo que te hace m\u00e1s r\u00e1pido\u00bb\u201d.\u201d<\/p>\n<p><strong><\/strong><strong>Caracter\u00edsticas principales:<\/strong><span><\/span><\/p>\n<ul>\n<ul>\n<li>Tecnolog\u00eda exclusiva Arms Neutral\u2122 pendiente de patente que ofrece una Rotational Freedom\u2122 totalmente inigualable.<\/li>\n<li>Exclusiva espuma de flotabilidad +43\u2122 de HUUB que ofrece 43 % m\u00e1s de flotabilidad que el neopreno est\u00e1ndar.<\/li>\n<li>Dise\u00f1ado con la participaci\u00f3n activa de los hermanos Brownlee.<\/li>\n<li>Neopreno de alta calidad.<\/li>\n<li>Cierre de cremallera para las transiciones m\u00e1s r\u00e1pidas.<\/li>\n<li>El borde del cuello est\u00e1 prensado para mayor comodidad.<\/li>\n<\/ul>\n<\/ul>\n<p>\u00a0<\/p>\n<h4>\u00bfC\u00f3mo debe ser un traje de buceo bien ajustado?<\/h4>\n<p><span>Elija una talla a continuaci\u00f3n para ver c\u00f3mo le quedar\u00eda:<\/span><\/p>\n<div>Talla para hombre:\u00a0 \u00a0<span>\u00a0<strong><a href=\"https:\/\/cdn.shopify.com\/s\/files\/1\/0233\/5881\/files\/MENS_S.mp4?16185\" target=\"_blank\" rel=\"noopener\">S<\/a>\u00a0<\/strong> \u2013\u00a0\u00a0\u00a0<a href=\"https:\/\/cdn.shopify.com\/s\/files\/1\/0233\/5881\/files\/MENS_SMT.mp4?16185\" target=\"_blank\" rel=\"noopener\"><strong>SMT<\/strong><\/a>\u00a0 \u2013\u00a0 <a href=\"https:\/\/cdn.shopify.com\/s\/files\/1\/0233\/5881\/files\/MENS_M.mp4?16189\" target=\"_blank\" rel=\"noopener\"><strong>M<\/strong><\/a>\u00a0 \u2013\u00a0 <a href=\"https:\/\/cdn.shopify.com\/s\/files\/1\/0233\/5881\/files\/MENS_MT.mp4?16189\" target=\"_blank\" rel=\"noopener\"><strong>MT<\/strong><\/a>\u00a0 \u2013\u00a0 <a href=\"https:\/\/cdn.shopify.com\/s\/files\/1\/0233\/5881\/files\/MENS_ML.mp4?16189\" target=\"_blank\" rel=\"noopener\"><strong>ML<\/strong><\/a>\u00a0 \u2013\u00a0 <a href=\"https:\/\/cdn.shopify.com\/s\/files\/1\/0233\/5881\/files\/MENS_XL.mp4?16189\" target=\"_blank\" rel=\"noopener\"><strong>XL<\/strong><\/a>\u00a0 \u2013\u00a0<strong>\u00a0\u00a0<a href=\"https:\/\/cdn.shopify.com\/s\/files\/1\/0233\/5881\/files\/MENS_SS.mp4?16190\" target=\"_blank\" rel=\"noopener\">SS<\/a><\/strong><\/span><\/div>\n<div><span><\/span><\/div>\n<div><span>Talla para mujer:\u00a0 \u00a0<\/span><span><a href=\"https:\/\/cdn.shopify.com\/s\/files\/1\/0233\/5881\/files\/WOMENS_S_2.0.mp4?16189\" target=\"_blank\" rel=\"noopener\"><strong>S<\/strong><\/a>\u00a0 \u2013\u00a0 <a href=\"https:\/\/cdn.shopify.com\/s\/files\/1\/0233\/5881\/files\/WOMENS_M.mp4?16189\" target=\"_blank\" rel=\"noopener\"><strong>M<\/strong><\/a>\u00a0 \u2013\u00a0 <a href=\"https:\/\/cdn.shopify.com\/s\/files\/1\/0233\/5881\/files\/WOMENS_ML.mp4?16189\" target=\"_blank\" rel=\"noopener\"><strong>ML<\/strong><\/a>\u00a0\u00a0\u2013\u00a0\u00a0<a href=\"https:\/\/cdn.shopify.com\/s\/files\/1\/0233\/5881\/files\/WOMENS_SS_1.mp4?16190\" target=\"_blank\" rel=\"noopener\"><strong>SS<\/strong><\/a><\/span><\/div>\n<div><span><strong><\/strong><\/span><\/div>\n<div><\/div>\n<div><\/div>\n<div>\n<p>\u00a0<\/p>\n<p><a href=\"https:\/\/huubdesign.com\/pages\/refund-policy\">Informaci\u00f3n sobre la garant\u00eda<\/a><\/p>\n<\/div>","protected":false},"excerpt":{"rendered":"<p>JONNY BROWNLEE Or 3:5 WETSUIT THE ULTIMATE WETSUIT FOR ELITE PERFORMANCE\u00a0 Il y a des choses qu&#8217;on ne peut pas am\u00e9liorer (enfin, pour l&#8217;instant) ! Les fr\u00e8res Alistair et Jonny Brownlee, m\u00e9daill\u00e9s d&#8217;or et d&#8217;argent aux Jeux olympiques, nous ont mis au d\u00e9fi de cr\u00e9er la combinaison Agilis avec deux objectifs simples. Les Brownlees voulaient&#8230;<\/p>","protected":false},"featured_media":36533,"comment_status":"open","ping_status":"closed","template":"","meta":[],"product_brand":[286],"product_cat":[130,141,59],"product_tag":[],"class_list":{"0":"post-36458","1":"product","2":"type-product","3":"status-publish","4":"has-post-thumbnail","6":"product_brand-huub","7":"product_cat-combinaison-neoprene","8":"product_cat-outlet","9":"product_cat-triathlon","10":"zank_product_brands-huub","11":"nt-post-class","12":"","15":"excerpt-none","18":"first","19":"instock","20":"sale","21":"taxable","22":"shipping-taxable","23":"purchasable","24":"product-type-variable","25":"has-default-attributes"},"_links":{"self":[{"href":"https:\/\/www.infinitri.be\/es\/wp-json\/wp\/v2\/product\/36458","targetHints":{"allow":["GET"]}}],"collection":[{"href":"https:\/\/www.infinitri.be\/es\/wp-json\/wp\/v2\/product"}],"about":[{"href":"https:\/\/www.infinitri.be\/es\/wp-json\/wp\/v2\/types\/product"}],"replies":[{"embeddable":true,"href":"https:\/\/www.infinitri.be\/es\/wp-json\/wp\/v2\/comments?post=36458"}],"wp:featuredmedia":[{"embeddable":true,"href":"https:\/\/www.infinitri.be\/es\/wp-json\/wp\/v2\/media\/36533"}],"wp:attachment":[{"href":"https:\/\/www.infinitri.be\/es\/wp-json\/wp\/v2\/media?parent=36458"}],"wp:term":[{"taxonomy":"product_brand","embeddable":true,"href":"https:\/\/www.infinitri.be\/es\/wp-json\/wp\/v2\/product_brand?post=36458"},{"taxonomy":"product_cat","embeddable":true,"href":"https:\/\/www.infinitri.be\/es\/wp-json\/wp\/v2\/product_cat?post=36458"},{"taxonomy":"product_tag","embeddable":true,"href":"https:\/\/www.infinitri.be\/es\/wp-json\/wp\/v2\/product_tag?post=36458"}],"curies":[{"name":"wp","href":"https:\/\/api.w.org\/{rel}","templated":true}]}}