{"id":36634,"date":"2025-12-27T11:54:26","date_gmt":"2025-12-27T11:54:26","guid":{"rendered":"https:\/\/www.infinitri.be\/?post_type=product&#038;p=36634"},"modified":"2026-04-04T17:35:39","modified_gmt":"2026-04-04T16:35:39","slug":"aegis-x-wetsuit-womens","status":"publish","type":"product","link":"https:\/\/www.infinitri.be\/es\/producto\/aegis-x-wetsuit-womens\/","title":{"rendered":"Traje de neopreno Aegis X \u2013 Mujer"},"content":{"rendered":"<p data-mce-fragment=\"1\">Todos los fabricantes de art\u00edculos deportivos tienen un producto que es demasiado bueno para ser sustituido y que ofrece tantas ventajas que se ha ganado un lugar destacado en su gama.<\/p>\n<p>Para HUUB, Aegis es el producto que siempre ha estado ah\u00ed, que siempre ha ofrecido un rendimiento sorprendente, una experiencia incre\u00edble y un valor inigualable. Aegis X incorpora tecnolog\u00edas probadas y contrastadas, as\u00ed como investigaciones cient\u00edficas que garantizan tu rendimiento y tu disfrute al nadar.<\/p>\n<p><span>El Aegis X es una versi\u00f3n mejorada del traje de neopreno famoso por superar las expectativas, ya que ofrece mucho m\u00e1s de lo que su precio sugiere. La gran flexibilidad de la parte superior del cuerpo y la mayor flotabilidad de la parte inferior de las piernas atraen tanto a triatletas como a nadadores en aguas abiertas, ya que ofrecen el equilibrio perfecto entre comodidad y rendimiento para maximizar tu potencial.<\/span><\/p>\n<p data-mce-fragment=\"1\">La \u00faltima versi\u00f3n de este traje presenta numerosas caracter\u00edsticas que antes solo se encontraban en nuestros trajes de gama alta que batieron r\u00e9cords, as\u00ed como una relaci\u00f3n calidad-precio inigualable. <\/p>\n<ul data-mce-fragment=\"1\">\n<li data-mce-fragment=\"1\"><span data-mce-fragment=\"1\">El X-O Skeleton\u2122 exclusivo de HUUB para una alineaci\u00f3n corporal y una eficiencia de nataci\u00f3n excepcionales.<br data-mce-fragment=\"1\"><\/span><\/li>\n<li data-mce-fragment=\"1\"><span data-mce-fragment=\"1\">Modelos de paneles superiores para Rotational Freedom\u2122 y facilidad de carrera.<br data-mce-fragment=\"1\"><\/span><\/li>\n<li data-mce-fragment=\"1\"><span data-mce-fragment=\"1\">Seleccionar los paneles y los revestimientos de neopreno para optimizar el m\u00f3dulo de los materiales.<br data-mce-fragment=\"1\"><\/span><\/li>\n<li data-mce-fragment=\"1\"><span data-mce-fragment=\"1\">Cremallera Breakaway Zipper\u2122 para una transici\u00f3n m\u00e1s r\u00e1pida<br data-mce-fragment=\"1\"><\/span><\/li>\n<li data-mce-fragment=\"1\"><span data-mce-fragment=\"1\">Exclusivo HUUB 3:5 flotabilidad<br data-mce-fragment=\"1\"><\/span><\/li>\n<li data-mce-fragment=\"1\"><span data-mce-fragment=\"1\">Materiales mejorados<br data-mce-fragment=\"1\"><\/span><\/li>\n<\/ul>\n<p><span data-mce-fragment=\"1\">La gran flexibilidad de la parte superior del cuerpo y la mayor flotabilidad de la parte inferior de las piernas seducen tanto a los triatletas como a los nadadores en aguas abiertas, ya que ofrecen un equilibrio perfecto entre comodidad y rendimiento.<\/span><\/p>\n<p data-mce-fragment=\"1\">\u00a0<\/p>\n<p data-mce-fragment=\"1\"><span data-mce-fragment=\"1\">Neopreno 80%, poliamida (nailon) 15%, fibra metalizada 3%, algod\u00f3n 2%<\/span><\/p>\n<p data-mce-fragment=\"1\">\u00a0<\/p>\n<p>\u00a0<\/p>\n<h4>\u00bfC\u00f3mo debe ser un traje de buceo bien ajustado?<\/h4>\n<p><span>Elija una talla a continuaci\u00f3n para ver c\u00f3mo le quedar\u00eda:<\/span><\/p>\n<div>Talla para hombre:\u00a0 \u00a0<span>\u00a0<strong><a href=\"https:\/\/cdn.shopify.com\/s\/files\/1\/0233\/5881\/files\/MENS_S.mp4?16185\" target=\"_blank\" rel=\"noopener\">S<\/a>\u00a0<\/strong> \u2013\u00a0\u00a0\u00a0<a href=\"https:\/\/cdn.shopify.com\/s\/files\/1\/0233\/5881\/files\/MENS_SMT.mp4?16185\" target=\"_blank\" rel=\"noopener\"><strong>SMT<\/strong><\/a>\u00a0 \u2013\u00a0 <a href=\"https:\/\/cdn.shopify.com\/s\/files\/1\/0233\/5881\/files\/MENS_M.mp4?16189\" target=\"_blank\" rel=\"noopener\"><strong>M<\/strong><\/a>\u00a0 \u2013\u00a0 <a href=\"https:\/\/cdn.shopify.com\/s\/files\/1\/0233\/5881\/files\/MENS_MT.mp4?16189\" target=\"_blank\" rel=\"noopener\"><strong>MT<\/strong><\/a>\u00a0 \u2013\u00a0 <a href=\"https:\/\/cdn.shopify.com\/s\/files\/1\/0233\/5881\/files\/MENS_ML.mp4?16189\" target=\"_blank\" rel=\"noopener\"><strong>ML<\/strong><\/a>\u00a0 \u2013\u00a0 <a href=\"https:\/\/cdn.shopify.com\/s\/files\/1\/0233\/5881\/files\/MENS_XL.mp4?16189\" target=\"_blank\" rel=\"noopener\"><strong>XL<\/strong><\/a>\u00a0 \u2013\u00a0<strong>\u00a0\u00a0<a href=\"https:\/\/cdn.shopify.com\/s\/files\/1\/0233\/5881\/files\/MENS_SS.mp4?16190\" target=\"_blank\" rel=\"noopener\">SS<\/a><\/strong><\/span><\/div>\n<div><span><\/span><\/div>\n<div><span>Talla para mujer:\u00a0 \u00a0<\/span><span><a href=\"https:\/\/cdn.shopify.com\/s\/files\/1\/0233\/5881\/files\/WOMENS_S_2.0.mp4?16189\" target=\"_blank\" rel=\"noopener\"><strong>S<\/strong><\/a>\u00a0 \u2013\u00a0 <a href=\"https:\/\/cdn.shopify.com\/s\/files\/1\/0233\/5881\/files\/WOMENS_M.mp4?16189\" target=\"_blank\" rel=\"noopener\"><strong>M<\/strong><\/a>\u00a0 \u2013\u00a0 <a href=\"https:\/\/cdn.shopify.com\/s\/files\/1\/0233\/5881\/files\/WOMENS_ML.mp4?16189\" target=\"_blank\" rel=\"noopener\"><strong>ML<\/strong><\/a>\u00a0\u00a0\u2013\u00a0\u00a0<a href=\"https:\/\/cdn.shopify.com\/s\/files\/1\/0233\/5881\/files\/WOMENS_SS_1.mp4?16190\" target=\"_blank\" rel=\"noopener\"><strong>SS<\/strong><\/a><\/span><\/div>\n<div><span><strong><\/strong><\/span><\/div>\n<div><\/div>\n<div><\/div>\n<div>\n<p>\u00a0<\/p>\n<p><a href=\"https:\/\/huubdesign.com\/pages\/refund-policy\">Informaci\u00f3n sobre la garant\u00eda<\/a><\/p>\n<\/div>","protected":false},"excerpt":{"rendered":"<p>Tous les fabricants d&#8217;articles de sport ont un produit qui est trop bon pour \u00eatre remplac\u00e9 et qui offre tant d&#8217;avantages qu&#8217;il a m\u00e9rit\u00e9 une place de choix dans leur gamme. Pour HUUB, Aegis est le produit qui a toujours \u00e9t\u00e9 l\u00e0, qui a toujours fourni des performances \u00e9tonnantes, des retours d&#8217;exp\u00e9rience \u00e9tonnants et une&#8230;<\/p>","protected":false},"featured_media":36635,"comment_status":"open","ping_status":"closed","template":"","meta":[],"product_brand":[286],"product_cat":[130,141,59],"product_tag":[],"class_list":{"0":"post-36634","1":"product","2":"type-product","3":"status-publish","4":"has-post-thumbnail","6":"product_brand-huub","7":"product_cat-combinaison-neoprene","8":"product_cat-outlet","9":"product_cat-triathlon","10":"zank_product_brands-huub","11":"nt-post-class","12":"","15":"excerpt-none","18":"first","19":"instock","20":"sale","21":"taxable","22":"shipping-taxable","23":"purchasable","24":"product-type-variable"},"_links":{"self":[{"href":"https:\/\/www.infinitri.be\/es\/wp-json\/wp\/v2\/product\/36634","targetHints":{"allow":["GET"]}}],"collection":[{"href":"https:\/\/www.infinitri.be\/es\/wp-json\/wp\/v2\/product"}],"about":[{"href":"https:\/\/www.infinitri.be\/es\/wp-json\/wp\/v2\/types\/product"}],"replies":[{"embeddable":true,"href":"https:\/\/www.infinitri.be\/es\/wp-json\/wp\/v2\/comments?post=36634"}],"wp:featuredmedia":[{"embeddable":true,"href":"https:\/\/www.infinitri.be\/es\/wp-json\/wp\/v2\/media\/36635"}],"wp:attachment":[{"href":"https:\/\/www.infinitri.be\/es\/wp-json\/wp\/v2\/media?parent=36634"}],"wp:term":[{"taxonomy":"product_brand","embeddable":true,"href":"https:\/\/www.infinitri.be\/es\/wp-json\/wp\/v2\/product_brand?post=36634"},{"taxonomy":"product_cat","embeddable":true,"href":"https:\/\/www.infinitri.be\/es\/wp-json\/wp\/v2\/product_cat?post=36634"},{"taxonomy":"product_tag","embeddable":true,"href":"https:\/\/www.infinitri.be\/es\/wp-json\/wp\/v2\/product_tag?post=36634"}],"curies":[{"name":"wp","href":"https:\/\/api.w.org\/{rel}","templated":true}]}}