{"id":36724,"date":"2025-12-27T11:56:28","date_gmt":"2025-12-27T11:56:28","guid":{"rendered":"https:\/\/www.infinitri.be\/?post_type=product&#038;p=36724"},"modified":"2026-04-04T17:31:36","modified_gmt":"2026-04-04T16:31:36","slug":"performance-ss-tshirt-homme-sugar-black","status":"publish","type":"product","link":"https:\/\/www.infinitri.be\/es\/producto\/performance-ss-tshirt-homme-sugar-black\/","title":{"rendered":"Camiseta SS Performance para hombre Sugar Black"},"content":{"rendered":"<p>\u2018Camiseta Compressport Performance SS: Ideal para atletas que buscan versatilidad y ligereza, perfecta para entrenar y competir.<br \/>\n-Tecnolog\u00eda antirozaduras: Tejido de microfibra ultrasuave con construcci\u00f3n sin costuras para evitar rozaduras, roces y olores.<br \/>\n-Ventilaci\u00f3n optimizada: Los paneles de malla de la parte delantera, las axilas y la espalda evaporan el sudor r\u00e1pidamente, manteni\u00e9ndote fresco y seco.<br \/>\n-Versatilidad y rendimiento: Adecuado para todas las disciplinas, desde carreras nocturnas a sesiones de trail, con propiedades termorreguladoras para un confort \u00f3ptimo.<\/p>","protected":false},"excerpt":{"rendered":"<p>T-shirt de sport masculin doux et thermor\u00e9gulateur avec ventilation int\u00e9gr\u00e9e pour l&#8217;entra\u00eenement, la course et les s\u00e9ances d&#8217;entra\u00eenement de haute intensit\u00e9.<\/p>","protected":false},"featured_media":36746,"comment_status":"open","ping_status":"closed","template":"","meta":[],"product_brand":[329],"product_cat":[16,29],"product_tag":[],"class_list":{"0":"post-36724","1":"product","2":"type-product","3":"status-publish","4":"has-post-thumbnail","6":"product_brand-compressport","7":"product_cat-course","8":"product_cat-vestes-et-t-shirts","9":"zank_product_brands-compressport","10":"nt-post-class","11":"","17":"first","18":"outofstock","19":"sale","20":"taxable","21":"shipping-taxable","22":"purchasable","23":"product-type-variable"},"_links":{"self":[{"href":"https:\/\/www.infinitri.be\/es\/wp-json\/wp\/v2\/product\/36724","targetHints":{"allow":["GET"]}}],"collection":[{"href":"https:\/\/www.infinitri.be\/es\/wp-json\/wp\/v2\/product"}],"about":[{"href":"https:\/\/www.infinitri.be\/es\/wp-json\/wp\/v2\/types\/product"}],"replies":[{"embeddable":true,"href":"https:\/\/www.infinitri.be\/es\/wp-json\/wp\/v2\/comments?post=36724"}],"wp:featuredmedia":[{"embeddable":true,"href":"https:\/\/www.infinitri.be\/es\/wp-json\/wp\/v2\/media\/36746"}],"wp:attachment":[{"href":"https:\/\/www.infinitri.be\/es\/wp-json\/wp\/v2\/media?parent=36724"}],"wp:term":[{"taxonomy":"product_brand","embeddable":true,"href":"https:\/\/www.infinitri.be\/es\/wp-json\/wp\/v2\/product_brand?post=36724"},{"taxonomy":"product_cat","embeddable":true,"href":"https:\/\/www.infinitri.be\/es\/wp-json\/wp\/v2\/product_cat?post=36724"},{"taxonomy":"product_tag","embeddable":true,"href":"https:\/\/www.infinitri.be\/es\/wp-json\/wp\/v2\/product_tag?post=36724"}],"curies":[{"name":"wp","href":"https:\/\/api.w.org\/{rel}","templated":true}]}}