{"id":36731,"date":"2025-12-27T11:56:29","date_gmt":"2025-12-27T11:56:29","guid":{"rendered":"https:\/\/www.infinitri.be\/?post_type=product&#038;p=36731"},"modified":"2026-04-04T17:28:14","modified_gmt":"2026-04-04T16:28:14","slug":"arena-balloons-lightdrop-back-fille","status":"publish","type":"product","link":"https:\/\/www.infinitri.be\/es\/producto\/arena-balloons-lightdrop-back-fille\/","title":{"rendered":"Arena - Globos Lightdrop Volver - Chica"},"content":{"rendered":"<p>El tejido MaxLife Eco ultrarresistente al cloro con protecci\u00f3n UV UPF 50+ integrada es duradero y se seca muy r\u00e1pidamente. Esta nueva versi\u00f3n eco-responsable del tejido arena MaxLife contiene al menos 50% de poli\u00e9ster reciclado de botellas de pl\u00e1stico PET. Adem\u00e1s, procede de un proceso de producci\u00f3n optimizado para ahorrar energ\u00eda, reducir las emisiones de CO2 y minimizar el consumo de agua. La espalda abierta y los tirantes finos garantizan la m\u00e1xima libertad de movimientos, una excelente sensaci\u00f3n en el agua y una resistencia reducida. Todos los componentes de este tejido certificado STANDARD 100 por OEKO-TEX han sido sometidos a controles de sustancias peligrosas para garantizar un art\u00edculo seguro para la salud humana. Estos controles se llevan a cabo en los institutos de nuestro socio independiente OEKO-TEX de acuerdo con un amplio conjunto de criterios de prueba.<\/p>\n<p><!--themify_builder_static--><!--\/themify_builder_static--><\/p>","protected":false},"excerpt":{"rendered":"<p>El ba\u00f1ador Arena Balloons Lightdrop Back para ni\u00f1a, ultraduradero, resistente al cloro y ultramoderno de la l\u00ednea Performance de Arena, es ideal para nadadoras de competici\u00f3n y nadadoras habituales que nadan a menudo en la piscina.<\/p>","protected":false},"featured_media":36771,"comment_status":"open","ping_status":"closed","template":"","meta":[],"product_brand":[326],"product_cat":[86,41],"product_tag":[],"class_list":{"0":"post-36731","1":"product","2":"type-product","3":"status-publish","4":"has-post-thumbnail","6":"product_brand-arena","7":"product_cat-maillots","8":"product_cat-natation","9":"zank_product_brands-arena","10":"nt-post-class","11":"","17":"first","18":"instock","19":"taxable","20":"shipping-taxable","21":"purchasable","22":"product-type-variable"},"_links":{"self":[{"href":"https:\/\/www.infinitri.be\/es\/wp-json\/wp\/v2\/product\/36731","targetHints":{"allow":["GET"]}}],"collection":[{"href":"https:\/\/www.infinitri.be\/es\/wp-json\/wp\/v2\/product"}],"about":[{"href":"https:\/\/www.infinitri.be\/es\/wp-json\/wp\/v2\/types\/product"}],"replies":[{"embeddable":true,"href":"https:\/\/www.infinitri.be\/es\/wp-json\/wp\/v2\/comments?post=36731"}],"wp:featuredmedia":[{"embeddable":true,"href":"https:\/\/www.infinitri.be\/es\/wp-json\/wp\/v2\/media\/36771"}],"wp:attachment":[{"href":"https:\/\/www.infinitri.be\/es\/wp-json\/wp\/v2\/media?parent=36731"}],"wp:term":[{"taxonomy":"product_brand","embeddable":true,"href":"https:\/\/www.infinitri.be\/es\/wp-json\/wp\/v2\/product_brand?post=36731"},{"taxonomy":"product_cat","embeddable":true,"href":"https:\/\/www.infinitri.be\/es\/wp-json\/wp\/v2\/product_cat?post=36731"},{"taxonomy":"product_tag","embeddable":true,"href":"https:\/\/www.infinitri.be\/es\/wp-json\/wp\/v2\/product_tag?post=36731"}],"curies":[{"name":"wp","href":"https:\/\/api.w.org\/{rel}","templated":true}]}}