{"id":36762,"date":"2025-12-27T11:57:01","date_gmt":"2025-12-27T11:57:01","guid":{"rendered":"https:\/\/www.infinitri.be\/?post_type=product&#038;p=36762"},"modified":"2026-04-04T17:28:06","modified_gmt":"2026-04-04T16:28:06","slug":"arena-powerskin-carbon-air%c2%b2-dos-ouvert-biscay-bay-femme","status":"publish","type":"product","link":"https:\/\/www.infinitri.be\/es\/producto\/arena-powerskin-carbon-air%c2%b2-dos-ouvert-biscay-bay-femme\/","title":{"rendered":"Arena \u2013 Powerskin Carbon Air\u00b2 Espalda abierta Biscay Bay mujer"},"content":{"rendered":"<p>&nbsp;<\/p>\n<p><!--themify_builder_static--><\/p>\n<h1 style=\"text-align: center\" data-content-type=\"text\" data-appearance=\"default\" data-element=\"main\" data-pb-style=\"WTSTT5E\">POWERSKIN CARBON AIR\u00b2<\/h1>\n<h3 style=\"text-align: center\" data-content-type=\"text\" data-appearance=\"default\" data-element=\"main\" data-pb-style=\"WTSTT5E\">LA COMPRESSION N&#8217;A JAMAIS \u00c9T\u00c9 AUSSI AGR\u00c9ABLE.<\/h3>\n<p><iframe title=\"arena Powerskin Carbon-Air\u00b2 explained (Eng)\" width=\"960\" height=\"540\" src=\"https:\/\/www.youtube.com\/embed\/vVI3i8aixpY?feature=oembed\" frameborder=\"0\" allow=\"accelerometer; autoplay; clipboard-write; encrypted-media; gyroscope; picture-in-picture; web-share\" referrerpolicy=\"strict-origin-when-cross-origin\" allowfullscreen><\/iframe><\/p>\n<p><img decoding=\"async\" title=\"logo-fina-approved-200px\" src=\"https:\/\/infinitri.be\/wp-content\/uploads\/2023\/02\/logo-fina-approved-200px.webp\" alt=\"logo-fina-approved-200px\" \/><br \/>\n<img decoding=\"async\" title=\"arena-carbon-air-positive-logo-2021\" src=\"https:\/\/infinitri.be\/wp-content\/uploads\/2023\/02\/arena-carbon-air-positive-logo-2021.webp\" alt=\"arena-carbon-air-positive-logo-2021\" \/><br \/>\n<img decoding=\"async\" title=\"ARENA-LOGO-NEW-HORIZONTAL-BLACK-WHITE-POSITIVE\" src=\"https:\/\/infinitri.be\/wp-content\/uploads\/2023\/02\/ARENA-LOGO-NEW-HORIZONTAL-BLACK-WHITE-POSITIVE-1024x724-336x75.jpg\" alt=\"ARENA-LOGO-NEW-HORIZONTAL-BLACK-WHITE-POSITIVE\" width=\"336\" height=\"75\" \/><br \/>\n<img fetchpriority=\"high\" decoding=\"async\" title=\"arena-powerskin-carbon-air-2-carbon-band-fabric-1920x900\" src=\"https:\/\/infinitri.be\/wp-content\/uploads\/2023\/02\/arena-powerskin-carbon-air-2-carbon-band-fabric-1920x900-1-1024x480-580x600.webp\" alt=\"arena-powerskin-carbon-air-2-carbon-band-fabric-1920x900\" width=\"580\" height=\"600\" \/><\/p>\n<p><b>COMPRESSION<\/b><\/p>\n<p>Confortable tissu \u00e0 bandes de carbone<\/p>\n<p>Les bandes de carbone horizontales se fixent \u00e0 un point d&#8217;\u00e9tirement critique pour assurer la compression, la stabilit\u00e9 du tronc et la puissance quand et o\u00f9 cela est n\u00e9cessaire. Une compression intelligente plus l\u00e9g\u00e8re avec le confort d&#8217;une seconde peau.<\/p>\n<p style=\"text-align: left\"><b>EFFET SECONDE PEAU<\/b><\/p>\n<p>Construction MonoblocGr\u00e2ce \u00e0 l&#8217;absence de coutures multiples, le Carbon-Air2 offre un confort supr\u00eame et absorbe moins d&#8217;eau, d&#8217;o\u00f9 une tra\u00een\u00e9e moindre et un effet hydrodynamique avanc\u00e9. Il est \u00e9galement plus facile \u00e0 enfiler.<\/p>\n<p><img decoding=\"async\" title=\"arena-powerskin-carbon-air-2-new-internal-lining-1920x900\" src=\"https:\/\/infinitri.be\/wp-content\/uploads\/2023\/02\/arena-powerskin-carbon-air-2-new-internal-lining-1920x900-1-1024x480-600x628.webp\" alt=\"arena-powerskin-carbon-air-2-new-internal-lining-1920x900\" width=\"600\" height=\"628\" \/><br \/>\n<img loading=\"lazy\" decoding=\"async\" title=\"arena-powerskin-carbon-air-2-single-piece-construction-1920x900\" src=\"https:\/\/infinitri.be\/wp-content\/uploads\/2023\/02\/arena-powerskin-carbon-air-2-single-piece-construction-1920x900-1-1024x480-580x600.webp\" alt=\"arena-powerskin-carbon-air-2-single-piece-construction-1920x900\" width=\"580\" height=\"600\" \/><\/p>\n<h3><strong>REDESSIN\u00c9 POUR UNE PLUS GRANDE LIBERT\u00c9<\/strong><\/h3>\n<p>Doublure interne.<\/p>\n<p>La doublure interne se compose de trois panneaux distincts pour offrir une plus grande libert\u00e9 de mouvement. Il en r\u00e9sulte une moindre compression au niveau de la poitrine (combinaisons pour femmes), une r\u00e9duction de la pression sur les hanches et une am\u00e9lioration de la flexibilit\u00e9.<\/p>\n<p><!--\/themify_builder_static--><\/p>","protected":false},"excerpt":{"rendered":"<p>Le Carbon-Air2 pr\u00e9sente deux grandes am\u00e9liorations : la doublure interne est con\u00e7ue avec 3 panneaux s\u00e9par\u00e9s, offrant une plus grande libert\u00e9 de mouvement pour un poids r\u00e9duit. La nouvelle structure d&#8217;un seul tenant offre un meilleur ajustement et de meilleures sensations pour un maillot qui est comme une seconde peau. Carbon-Air2 est fabriqu\u00e9 avec le m\u00eame textile tisse \u00e9prouv\u00e9 que le Carbon-Air original, avec des bandes Carbon horizontales. On retrouve ainsi tous les avantages de ce tissu : l\u00e9g\u00e8rete, compression, faible r\u00e9sistance. Gr\u00e2ce \u00e0 toutes ces qualit\u00e9s, le nouveau Carbon-Air2 est plus l\u00e9ger, flexible et confortable.<\/p>","protected":false},"featured_media":36815,"comment_status":"open","ping_status":"closed","template":"","meta":[],"product_brand":[326],"product_cat":[60,126,41],"product_tag":[],"class_list":{"0":"post-36762","1":"product","2":"type-product","3":"status-publish","4":"has-post-thumbnail","6":"product_brand-arena","7":"product_cat-fina","8":"product_cat-maillot-competition","9":"product_cat-natation","10":"zank_product_brands-arena","11":"nt-post-class","12":"","18":"first","19":"instock","20":"sale","21":"taxable","22":"shipping-taxable","23":"purchasable","24":"product-type-variable"},"_links":{"self":[{"href":"https:\/\/www.infinitri.be\/es\/wp-json\/wp\/v2\/product\/36762","targetHints":{"allow":["GET"]}}],"collection":[{"href":"https:\/\/www.infinitri.be\/es\/wp-json\/wp\/v2\/product"}],"about":[{"href":"https:\/\/www.infinitri.be\/es\/wp-json\/wp\/v2\/types\/product"}],"replies":[{"embeddable":true,"href":"https:\/\/www.infinitri.be\/es\/wp-json\/wp\/v2\/comments?post=36762"}],"wp:featuredmedia":[{"embeddable":true,"href":"https:\/\/www.infinitri.be\/es\/wp-json\/wp\/v2\/media\/36815"}],"wp:attachment":[{"href":"https:\/\/www.infinitri.be\/es\/wp-json\/wp\/v2\/media?parent=36762"}],"wp:term":[{"taxonomy":"product_brand","embeddable":true,"href":"https:\/\/www.infinitri.be\/es\/wp-json\/wp\/v2\/product_brand?post=36762"},{"taxonomy":"product_cat","embeddable":true,"href":"https:\/\/www.infinitri.be\/es\/wp-json\/wp\/v2\/product_cat?post=36762"},{"taxonomy":"product_tag","embeddable":true,"href":"https:\/\/www.infinitri.be\/es\/wp-json\/wp\/v2\/product_tag?post=36762"}],"curies":[{"name":"wp","href":"https:\/\/api.w.org\/{rel}","templated":true}]}}