{"id":36917,"date":"2025-12-27T12:36:48","date_gmt":"2025-12-27T12:36:48","guid":{"rendered":"https:\/\/www.infinitri.be\/?post_type=product&#038;p=36917"},"modified":"2026-04-04T17:33:54","modified_gmt":"2026-04-04T16:33:54","slug":"r2-aero-blanc-noir","status":"publish","type":"product","link":"https:\/\/www.infinitri.be\/es\/producto\/r2-aero-blanc-noir\/","title":{"rendered":"R2 Aero Blanco\/Negro"},"content":{"rendered":"<p>Des performances a\u00e9rodynamiques \u00e9prouv\u00e9es avec des bandes a\u00e9ro et la technologie aero.dots pour r\u00e9duire la r\u00e9sistance et augmenter la vitesse<\/p>\n<p>Tissu ultral\u00e9ger autour du mollet pour une ventilation et un confort performants lors des courses chaudes<\/p>\n<p>Soutien musculaire de haut niveau pour les mollets, r\u00e9duisant le risque de blessures et de crampes gr\u00e2ce \u00e0 une compression cibl\u00e9e \u00e0 360 degr\u00e9s<\/p>","protected":false},"excerpt":{"rendered":"<p>Le nouveau Compressport R2 Aero a \u00e9t\u00e9 redessin\u00e9 sur la base de l&#8217;embl\u00e9matique R2v2 pour un a\u00e9rodynamisme in\u00e9gal\u00e9. Rien ne vous retiendra. <\/p>","protected":false},"featured_media":36935,"comment_status":"open","ping_status":"closed","template":"","meta":[],"product_brand":[329],"product_cat":[155,16,321,59],"product_tag":[],"class_list":{"0":"post-36917","1":"product","2":"type-product","3":"status-publish","4":"has-post-thumbnail","6":"product_brand-compressport","7":"product_cat-compression","8":"product_cat-course","9":"product_cat-nouveaute","10":"product_cat-triathlon","11":"zank_product_brands-compressport","12":"nt-post-class","13":"","19":"first","20":"instock","21":"taxable","22":"shipping-taxable","23":"purchasable","24":"product-type-variable","25":"has-default-attributes"},"_links":{"self":[{"href":"https:\/\/www.infinitri.be\/es\/wp-json\/wp\/v2\/product\/36917","targetHints":{"allow":["GET"]}}],"collection":[{"href":"https:\/\/www.infinitri.be\/es\/wp-json\/wp\/v2\/product"}],"about":[{"href":"https:\/\/www.infinitri.be\/es\/wp-json\/wp\/v2\/types\/product"}],"replies":[{"embeddable":true,"href":"https:\/\/www.infinitri.be\/es\/wp-json\/wp\/v2\/comments?post=36917"}],"wp:featuredmedia":[{"embeddable":true,"href":"https:\/\/www.infinitri.be\/es\/wp-json\/wp\/v2\/media\/36935"}],"wp:attachment":[{"href":"https:\/\/www.infinitri.be\/es\/wp-json\/wp\/v2\/media?parent=36917"}],"wp:term":[{"taxonomy":"product_brand","embeddable":true,"href":"https:\/\/www.infinitri.be\/es\/wp-json\/wp\/v2\/product_brand?post=36917"},{"taxonomy":"product_cat","embeddable":true,"href":"https:\/\/www.infinitri.be\/es\/wp-json\/wp\/v2\/product_cat?post=36917"},{"taxonomy":"product_tag","embeddable":true,"href":"https:\/\/www.infinitri.be\/es\/wp-json\/wp\/v2\/product_tag?post=36917"}],"curies":[{"name":"wp","href":"https:\/\/api.w.org\/{rel}","templated":true}]}}