{"id":36945,"date":"2025-12-27T12:44:45","date_gmt":"2025-12-27T12:44:45","guid":{"rendered":"https:\/\/www.infinitri.be\/?post_type=product&#038;p=36945"},"modified":"2026-04-04T17:31:36","modified_gmt":"2026-04-04T16:31:36","slug":"r2-3-0-rouge-fluo-reflectif","status":"publish","type":"product","link":"https:\/\/www.infinitri.be\/es\/producto\/r2-3-0-rouge-fluo-reflectif\/","title":{"rendered":"R2 3.0 Rojo fluorescente reflectante"},"content":{"rendered":"<p>Las mangas de compresi\u00f3n R2v2 son quiz\u00e1s nuestro producto m\u00e1s emblem\u00e1tico. Presentes en todas partes, desde sesiones de entrenamiento hasta pasarelas, gracias a su comodidad y sujeci\u00f3n inigualables, estos manguitos de dise\u00f1o cient\u00edfico han revolucionado la ropa de compresi\u00f3n. Aunque ser\u00eda f\u00e1cil para nosotros dormirnos en los laureles, no hemos dejado de innovar y ahora nos enorgullece presentar la evoluci\u00f3n del R2v2: el R2 3.0. Para mejorar este gran cl\u00e1sico, hemos conservado todas las caracter\u00edsticas que han hecho del R2v2 un producto tan respetado: su compresi\u00f3n multigrado sin costuras exclusiva, el tejido de secado r\u00e1pido y la leng\u00fceta K-Protect en la rodilla, especialmente dise\u00f1ada para reducir los impactos, todo ello combinado con detalles a\u00fan m\u00e1s revolucionarios. Las nuevas bandas fibulares activan la propiocepci\u00f3n para aumentar el equilibrio y la estabilidad, lo que reduce el riesgo de esguinces en la pista. Las zonas horizontales espec\u00edficas de punto gofrado favorecen la microcirculaci\u00f3n y el flujo linf\u00e1tico, reduciendo as\u00ed el dolor y la inflamaci\u00f3n de la tibia. Para los entornos nocturnos, hemos a\u00f1adido un logotipo reflectante en la parte posterior de la manga para una mayor visibilidad. Tras la reciente publicaci\u00f3n de un informe cient\u00edfico que demostraba que las mangas de compresi\u00f3n contribu\u00edan a reducir los problemas estomacales despu\u00e9s de una actividad intensa, hemos perfeccionado estas zonas con tejido de punto gofrado para favorecer a\u00fan m\u00e1s la circulaci\u00f3n sangu\u00ednea y reducir los da\u00f1os intestinales. En resumen, se acabaron los DNF y los calambres estomacales. <\/p>","protected":false},"excerpt":{"rendered":"<p>El nuevo R2 3.0 de Compressport es la evoluci\u00f3n de las emblem\u00e1ticas pantorrilleras R2v2 de Compressport. El R2 3.0 aumenta la estabilidad y reduce los impactos en cualquier terreno por el que corras. <\/p>","protected":false},"featured_media":36972,"comment_status":"open","ping_status":"closed","template":"","meta":[],"product_brand":[329],"product_cat":[155,16,321],"product_tag":[],"class_list":{"0":"post-36945","1":"product","2":"type-product","3":"status-publish","4":"has-post-thumbnail","6":"product_brand-compressport","7":"product_cat-compression","8":"product_cat-course","9":"product_cat-nouveaute","10":"zank_product_brands-compressport","11":"nt-post-class","12":"","18":"first","19":"instock","20":"taxable","21":"shipping-taxable","22":"purchasable","23":"product-type-variable"},"_links":{"self":[{"href":"https:\/\/www.infinitri.be\/es\/wp-json\/wp\/v2\/product\/36945","targetHints":{"allow":["GET"]}}],"collection":[{"href":"https:\/\/www.infinitri.be\/es\/wp-json\/wp\/v2\/product"}],"about":[{"href":"https:\/\/www.infinitri.be\/es\/wp-json\/wp\/v2\/types\/product"}],"replies":[{"embeddable":true,"href":"https:\/\/www.infinitri.be\/es\/wp-json\/wp\/v2\/comments?post=36945"}],"wp:featuredmedia":[{"embeddable":true,"href":"https:\/\/www.infinitri.be\/es\/wp-json\/wp\/v2\/media\/36972"}],"wp:attachment":[{"href":"https:\/\/www.infinitri.be\/es\/wp-json\/wp\/v2\/media?parent=36945"}],"wp:term":[{"taxonomy":"product_brand","embeddable":true,"href":"https:\/\/www.infinitri.be\/es\/wp-json\/wp\/v2\/product_brand?post=36945"},{"taxonomy":"product_cat","embeddable":true,"href":"https:\/\/www.infinitri.be\/es\/wp-json\/wp\/v2\/product_cat?post=36945"},{"taxonomy":"product_tag","embeddable":true,"href":"https:\/\/www.infinitri.be\/es\/wp-json\/wp\/v2\/product_tag?post=36945"}],"curies":[{"name":"wp","href":"https:\/\/api.w.org\/{rel}","templated":true}]}}