{"id":36955,"date":"2025-12-27T12:44:45","date_gmt":"2025-12-27T12:44:45","guid":{"rendered":"https:\/\/www.infinitri.be\/?post_type=product&#038;p=36955"},"modified":"2026-04-04T18:47:30","modified_gmt":"2026-04-04T17:47:30","slug":"compressport-bandeau-fin-orange","status":"publish","type":"product","link":"https:\/\/www.infinitri.be\/es\/producto\/compressport-bandeau-fin-orange\/","title":{"rendered":"Compressport \u2013 cinta para la cabeza fina Naranja"},"content":{"rendered":"<p><!--themify_builder_static--><\/p>\n<h1 style=\"text-align: center\">Descripci\u00f3n \u2699<\/h1>\n<p style=\"text-align: left\">Plus \u00e9troit que notre mod\u00e8le standard, ce headband Compressport pour hommes et femmes offre un look \u00e9pur\u00e9, styl\u00e9 et contemporain. Son tissu en microfibre est extensible et perfor\u00e9 pour un contr\u00f4le constant de la temp\u00e9rature au niveau de la t\u00eate, assurant un confort in\u00e9gal\u00e9.<\/p>\n<p><img fetchpriority=\"high\" decoding=\"async\" class=\"alignnone  wp-image-25760\" src=\"https:\/\/infinitri.be\/wp-content\/uploads\/2025\/01\/8cb1479055a12887e012576eda6bc253817bec3e-300x143.webp\" alt=\"\" width=\"630\" height=\"300\" \/><\/p>\n<h1>Especificaciones t\u00e9cnicas<\/h1>\n<p>Thermor\u00e9gulation maximale gr\u00e2ce au tissu en microfibre perfor\u00e9 qui \u00e9vacue rapidement la transpiration et l&#8217;humidit\u00e9 pour que votre t\u00eate reste s\u00e8che et fra\u00eecheCoupe confortable et ergonomique gr\u00e2ce \u00e0 des fibres ultra-extensibles et souples qui s&#8217;adaptent parfaitement \u00e0 la forme de votre t\u00eateTissu en microfibre extr\u00eamement l\u00e9ger que vous sentirez \u00e0 peine autour de votre t\u00eate<\/p>\n<p style=\"text-align: left\">LIGEREZA \u2605\u2605\u2605<\/p>\n<p>&nbsp;<\/p>\n<p>TERMORREGULACI\u00d3N \u2605\u2605\u2605<\/p>\n<h1 style=\"text-align: center\">Material \ud83d\udc56<\/h1>\n<p style=\"text-align: left\">98% Poliamida, 2% Elastano<\/p>\n<p><img decoding=\"async\" src=\"https:\/\/www.compressport.com\/inter\/img\/prods_entretien.png\" \/><\/p>\n<p><img decoding=\"async\" title=\"thin-headband-on-off-persian-red\" src=\"https:\/\/infinitri.be\/wp-content\/uploads\/2023\/02\/thin-headband-on-off-persian-red-545x545.jpg\" alt=\"thin-headband-on-off-persian-red\" width=\"545\" height=\"545\" \/><img decoding=\"async\" class=\"alignnone  wp-image-25761\" src=\"https:\/\/infinitri.be\/wp-content\/uploads\/2025\/01\/08b18c9742bee064c5d1aa9060937ac67ed56779-300x143.webp\" alt=\"\" width=\"545\" height=\"260\" \/><\/p>\n<h1 style=\"text-align: center\">M\u00e1s info\ud83d\udca1<\/h1>\n<p>La technologie on\/off \u00e9vacue rapidement la transpiration et permet au tissu de s\u00e9cher jusqu&#8217;\u00e0 7 fois plus rapidement qu&#8217;un bandeau traditionnel, afin que la t\u00eate reste au frais m\u00eame dans les conditions tr\u00e8s chaudes. Le tissu soyeux s&#8217;adapte ergonomiquement aux contours de la t\u00eate, emp\u00eachant la sueur et les cheveux rebelles de g\u00eaner la vision. Energique en version rouge, le Thin Headband On\/Off peut \u00e9galement \u00eatre port\u00e9 sans irritation sous un casque ou un capuchon.<\/p>\n<section><\/section>\n<p><!--\/themify_builder_static--><\/p>","protected":false},"excerpt":{"rendered":"<p>Bandeau \u00e9troit, l\u00e9ger et thermor\u00e9gulant pour garder les id\u00e9es fra\u00eeches lorsqu&#8217;il fait chaud<\/p>\n<p>Plus \u00e9troit que notre mod\u00e8le standard, le Thin Headband On\/Off est un bandeau fin running pour homme et femme. Le tissu en microfibre est extensible et perfor\u00e9 pour un contr\u00f4le constant de la temp\u00e9rature au niveau de la t\u00eate. La technologie on\/off \u00e9vacue rapidement la transpiration et permet au tissu de s\u00e9cher jusqu&#8217;\u00e0 7 fois plus rapidement qu&#8217;un bandeau traditionnel, afin que la t\u00eate reste au frais m\u00eame dans les conditions tr\u00e8s chaudes. <\/p>","protected":false},"featured_media":36995,"comment_status":"open","ping_status":"closed","template":"","meta":[],"product_brand":[329],"product_cat":[40,156,16,321,59],"product_tag":[],"class_list":{"0":"post-36955","1":"product","2":"type-product","3":"status-publish","4":"has-post-thumbnail","6":"product_brand-compressport","7":"product_cat-accessoires","8":"product_cat-casquettes-visieres-headband","9":"product_cat-course","10":"product_cat-nouveaute","11":"product_cat-triathlon","12":"zank_product_brands-compressport","13":"nt-post-class","14":"","20":"first","21":"instock","22":"taxable","23":"shipping-taxable","24":"purchasable","25":"product-type-simple"},"_links":{"self":[{"href":"https:\/\/www.infinitri.be\/es\/wp-json\/wp\/v2\/product\/36955","targetHints":{"allow":["GET"]}}],"collection":[{"href":"https:\/\/www.infinitri.be\/es\/wp-json\/wp\/v2\/product"}],"about":[{"href":"https:\/\/www.infinitri.be\/es\/wp-json\/wp\/v2\/types\/product"}],"replies":[{"embeddable":true,"href":"https:\/\/www.infinitri.be\/es\/wp-json\/wp\/v2\/comments?post=36955"}],"wp:featuredmedia":[{"embeddable":true,"href":"https:\/\/www.infinitri.be\/es\/wp-json\/wp\/v2\/media\/36995"}],"wp:attachment":[{"href":"https:\/\/www.infinitri.be\/es\/wp-json\/wp\/v2\/media?parent=36955"}],"wp:term":[{"taxonomy":"product_brand","embeddable":true,"href":"https:\/\/www.infinitri.be\/es\/wp-json\/wp\/v2\/product_brand?post=36955"},{"taxonomy":"product_cat","embeddable":true,"href":"https:\/\/www.infinitri.be\/es\/wp-json\/wp\/v2\/product_cat?post=36955"},{"taxonomy":"product_tag","embeddable":true,"href":"https:\/\/www.infinitri.be\/es\/wp-json\/wp\/v2\/product_tag?post=36955"}],"curies":[{"name":"wp","href":"https:\/\/api.w.org\/{rel}","templated":true}]}}