{"id":36962,"date":"2025-12-27T12:44:46","date_gmt":"2025-12-27T12:44:46","guid":{"rendered":"https:\/\/www.infinitri.be\/?post_type=product&#038;p=36962"},"modified":"2026-04-04T17:33:46","modified_gmt":"2026-04-04T16:33:46","slug":"compressport-pro-racing-socks-v4-0-bike-rouge-fluo-blanc","status":"publish","type":"product","link":"https:\/\/www.infinitri.be\/es\/producto\/compressport-pro-racing-socks-v4-0-bike-rouge-fluo-blanc\/","title":{"rendered":"Compressport \u2013 Calcetines Pro Racing v4.0 Bike Rojo fluorescente blanco"},"content":{"rendered":"<p class=\"key_benefit_1\">Aerodin\u00e1mica mejorada gracias a un calcet\u00edn m\u00e1s alto, dise\u00f1ado espec\u00edficamente para el ciclismo, y a la tecnolog\u00eda Aero.dot, que reduce la resistencia.<\/p>\n<p class=\"key_benefit_2\">Soporte firme para el arco plantar que activa el retorno venoso y estimula la circulaci\u00f3n durante el esfuerzo, lo que mejora el rendimiento y evita que el calcet\u00edn se mueva durante tus salidas.<\/p>\n<p class=\"key_benefit_3\">Gran comodidad durante las largas jornadas en el sill\u00edn gracias a su gran transpirabilidad, ventilaci\u00f3n y corte ergon\u00f3mico.<\/p>","protected":false},"excerpt":{"rendered":"<p>Los calcetines Compressport Pro Racing Socks v4.0 Bike son unos elegantes calcetines  altos para ciclismo, con un rendimiento aerodin\u00e1mico mejorado y una ventilaci\u00f3n optimizada para un ciclismo a\u00fan m\u00e1s r\u00e1pido y c\u00f3modo.<\/p>","protected":false},"featured_media":37005,"comment_status":"open","ping_status":"closed","template":"","meta":[],"product_brand":[329],"product_cat":[173,37,321],"product_tag":[],"class_list":{"0":"post-36962","1":"product","2":"type-product","3":"status-publish","4":"has-post-thumbnail","6":"product_brand-compressport","7":"product_cat-chaussettes-cyclisme","8":"product_cat-cyclisme","9":"product_cat-nouveaute","10":"zank_product_brands-compressport","11":"nt-post-class","12":"","18":"first","19":"instock","20":"taxable","21":"shipping-taxable","22":"purchasable","23":"product-type-variable"},"_links":{"self":[{"href":"https:\/\/www.infinitri.be\/es\/wp-json\/wp\/v2\/product\/36962","targetHints":{"allow":["GET"]}}],"collection":[{"href":"https:\/\/www.infinitri.be\/es\/wp-json\/wp\/v2\/product"}],"about":[{"href":"https:\/\/www.infinitri.be\/es\/wp-json\/wp\/v2\/types\/product"}],"replies":[{"embeddable":true,"href":"https:\/\/www.infinitri.be\/es\/wp-json\/wp\/v2\/comments?post=36962"}],"wp:featuredmedia":[{"embeddable":true,"href":"https:\/\/www.infinitri.be\/es\/wp-json\/wp\/v2\/media\/37005"}],"wp:attachment":[{"href":"https:\/\/www.infinitri.be\/es\/wp-json\/wp\/v2\/media?parent=36962"}],"wp:term":[{"taxonomy":"product_brand","embeddable":true,"href":"https:\/\/www.infinitri.be\/es\/wp-json\/wp\/v2\/product_brand?post=36962"},{"taxonomy":"product_cat","embeddable":true,"href":"https:\/\/www.infinitri.be\/es\/wp-json\/wp\/v2\/product_cat?post=36962"},{"taxonomy":"product_tag","embeddable":true,"href":"https:\/\/www.infinitri.be\/es\/wp-json\/wp\/v2\/product_tag?post=36962"}],"curies":[{"name":"wp","href":"https:\/\/api.w.org\/{rel}","templated":true}]}}