{"id":36975,"date":"2025-12-27T12:45:09","date_gmt":"2025-12-27T12:45:09","guid":{"rendered":"https:\/\/www.infinitri.be\/?post_type=product&#038;p=36975"},"modified":"2026-04-04T17:33:46","modified_gmt":"2026-04-04T16:33:46","slug":"compressport-pro-racing-socks-v4-0-run-low-elf-yellow-fluo-red","status":"publish","type":"product","link":"https:\/\/www.infinitri.be\/es\/producto\/compressport-pro-racing-socks-v4-0-run-low-elf-yellow-fluo-red\/","title":{"rendered":"Compressport-Pro Racing Socks v4.0 Run Low amarillo elfo rojo fluorescente"},"content":{"rendered":"<p>El tejido t\u00e9cnico es ligero y transpirable, evacuando r\u00e1pidamente la humedad para mantener los pies frescos y secos. Una \u201cpuntera\u201d redise\u00f1ada y m\u00e1s ancha ofrece un ajuste m\u00e1s ergon\u00f3mico y una propiocepci\u00f3n mejorada, permitiendo que los dedos se agarren intuitivamente al aterrizaje para una zancada natural y fluida. La fina malla alrededor del tal\u00f3n, id\u00e9ntica a la de la versi\u00f3n PRS High, ofrece una sujeci\u00f3n espec\u00edfica a medida que se acelera el ritmo, mientras que el acolchado de rizo en el dedo gordo te mantiene libre de u\u00f1as ennegrecidas en las carreras m\u00e1s largas. La sujeci\u00f3n media del arco estimula la microcirculaci\u00f3n y evita que el tejido se retuerza y se doble para mantener a raya las ampollas y las irritaciones dolorosas. Nuestra nueva tecnolog\u00eda Flat.dots combina puntos 3D especiales alrededor del tend\u00f3n de Aquiles para una amortiguaci\u00f3n y protecci\u00f3n extra mientras tus pies machacan la pista. Bajo los pies, un patr\u00f3n de 3D Dots (75 %) y Flat Dots (25 %) amortigua el impacto y proporciona una mejor ventilaci\u00f3n, un mejor agarre a la zapatilla y una suave estimulaci\u00f3n para estimular el retorno venoso y retrasar la fatiga.<\/p>","protected":false},"excerpt":{"rendered":"<p>Los Compressport Pro Racing Socks v4.0 son la nueva generaci\u00f3n de calcetines de competici\u00f3n de perfil bajo que ofrecen la m\u00e1xima comodidad, prevenci\u00f3n de ampollas y ventilaci\u00f3n \u00f3ptima durante la carrera.<\/p>","protected":false},"featured_media":37008,"comment_status":"open","ping_status":"closed","template":"","meta":[],"product_brand":[329],"product_cat":[207,16,321],"product_tag":[],"class_list":{"0":"post-36975","1":"product","2":"type-product","3":"status-publish","4":"has-post-thumbnail","6":"product_brand-compressport","7":"product_cat-chaussettes-running","8":"product_cat-course","9":"product_cat-nouveaute","10":"zank_product_brands-compressport","11":"nt-post-class","12":"","18":"first","19":"instock","20":"taxable","21":"shipping-taxable","22":"purchasable","23":"product-type-variable"},"_links":{"self":[{"href":"https:\/\/www.infinitri.be\/es\/wp-json\/wp\/v2\/product\/36975","targetHints":{"allow":["GET"]}}],"collection":[{"href":"https:\/\/www.infinitri.be\/es\/wp-json\/wp\/v2\/product"}],"about":[{"href":"https:\/\/www.infinitri.be\/es\/wp-json\/wp\/v2\/types\/product"}],"replies":[{"embeddable":true,"href":"https:\/\/www.infinitri.be\/es\/wp-json\/wp\/v2\/comments?post=36975"}],"wp:featuredmedia":[{"embeddable":true,"href":"https:\/\/www.infinitri.be\/es\/wp-json\/wp\/v2\/media\/37008"}],"wp:attachment":[{"href":"https:\/\/www.infinitri.be\/es\/wp-json\/wp\/v2\/media?parent=36975"}],"wp:term":[{"taxonomy":"product_brand","embeddable":true,"href":"https:\/\/www.infinitri.be\/es\/wp-json\/wp\/v2\/product_brand?post=36975"},{"taxonomy":"product_cat","embeddable":true,"href":"https:\/\/www.infinitri.be\/es\/wp-json\/wp\/v2\/product_cat?post=36975"},{"taxonomy":"product_tag","embeddable":true,"href":"https:\/\/www.infinitri.be\/es\/wp-json\/wp\/v2\/product_tag?post=36975"}],"curies":[{"name":"wp","href":"https:\/\/api.w.org\/{rel}","templated":true}]}}