{"id":37024,"date":"2025-12-27T12:46:56","date_gmt":"2025-12-27T12:46:56","guid":{"rendered":"https:\/\/www.infinitri.be\/?post_type=product&#038;p=37024"},"modified":"2026-04-04T17:33:38","modified_gmt":"2026-04-04T16:33:38","slug":"compressport-pro-racing-socks-v4-0-trail-shadow-lime-green","status":"publish","type":"product","link":"https:\/\/www.infinitri.be\/es\/producto\/compressport-pro-racing-socks-v4-0-trail-shadow-lime-green\/","title":{"rendered":"Compressport-Pro Racing Socks v4.0 Trail Sombra lima\/ Verde"},"content":{"rendered":"<p>El trail running no es una carrera en carretera. Los pies deben flexionarse constantemente y adaptarse a un terreno en constante cambio. Dise\u00f1ados pensando en la absorci\u00f3n de impactos y la protecci\u00f3n, la 4\u00aa generaci\u00f3n de calcetines Pro Racing Socks Trail lleva las tecnolog\u00edas Compressport un paso m\u00e1s all\u00e1. Un tejido especial alrededor del antepi\u00e9 y la parte inferior de la pierna es resistente pero ventilado, evacuando r\u00e1pidamente la humedad para evitar rozaduras. El tejido m\u00e1s grueso del empeine se eleva m\u00e1s que nuestros modelos de running para una mayor protecci\u00f3n, y una malla especial alrededor del tobillo ofrece una estabilidad tranquilizadora en terrenos rocosos. Una zona de la puntera totalmente nueva y m\u00e1s ancha ofrece un ajuste m\u00e1s ergon\u00f3mico y una mejor propiocepci\u00f3n, permitiendo que los dedos se agarren intuitivamente y se equilibren en terrenos irregulares. El acolchado de rizo duradero cubre todos los dedos para amortiguar los impactos durante los descensos r\u00e1pidos y duros. La sujeci\u00f3n mejorada del arco del pie en 360\u00b0 estimula el flujo sangu\u00edneo y evita que el tejido se retuerza y doble, previniendo la aparici\u00f3n de ampollas y rozaduras con el paso de los kil\u00f3metros.  Ambos mal\u00e9olos est\u00e1n cubiertos con grandes puntos en forma de sol para evitar magulladuras en la planta del pie. Dos filas laterales de 3D Dots cubren los m\u00fasculos del peron\u00e9, estimulando los receptores sensoriales para mejorar la propiocepci\u00f3n y la estabilidad del tobillo. Un amplio patr\u00f3n de 3D.dots recorre el tend\u00f3n del tobillo para una mayor amortiguaci\u00f3n y sujeci\u00f3n, rodeando una l\u00ednea de Flat.dots para la ventilaci\u00f3n. Un tejido m\u00e1s denso bajo el pie reduce a\u00fan m\u00e1s la vibraci\u00f3n, con 3D.dots que amortiguan el impacto y proporcionan al pie un agarre s\u00f3lido en la zapatilla. Estos puntos tambi\u00e9n ayudan a aumentar el retorno venoso y retrasan la fatiga, para que te sientas fresco durante m\u00e1s tiempo.<\/p>","protected":false},"excerpt":{"rendered":"<p>Los Compressport Pro Racing Socks Trail v4.0 son unos calcetines de trail running de alta tecnolog\u00eda que protegen tus pies, absorben los impactos y proporcionan sujeci\u00f3n durante los desaf\u00edos todoterreno m\u00e1s duros.<\/p>","protected":false},"featured_media":37063,"comment_status":"open","ping_status":"closed","template":"","meta":[],"product_brand":[329],"product_cat":[207,16,321],"product_tag":[],"class_list":{"0":"post-37024","1":"product","2":"type-product","3":"status-publish","4":"has-post-thumbnail","6":"product_brand-compressport","7":"product_cat-chaussettes-running","8":"product_cat-course","9":"product_cat-nouveaute","10":"zank_product_brands-compressport","11":"nt-post-class","12":"","18":"first","19":"instock","20":"taxable","21":"shipping-taxable","22":"purchasable","23":"product-type-variable"},"_links":{"self":[{"href":"https:\/\/www.infinitri.be\/es\/wp-json\/wp\/v2\/product\/37024","targetHints":{"allow":["GET"]}}],"collection":[{"href":"https:\/\/www.infinitri.be\/es\/wp-json\/wp\/v2\/product"}],"about":[{"href":"https:\/\/www.infinitri.be\/es\/wp-json\/wp\/v2\/types\/product"}],"replies":[{"embeddable":true,"href":"https:\/\/www.infinitri.be\/es\/wp-json\/wp\/v2\/comments?post=37024"}],"wp:featuredmedia":[{"embeddable":true,"href":"https:\/\/www.infinitri.be\/es\/wp-json\/wp\/v2\/media\/37063"}],"wp:attachment":[{"href":"https:\/\/www.infinitri.be\/es\/wp-json\/wp\/v2\/media?parent=37024"}],"wp:term":[{"taxonomy":"product_brand","embeddable":true,"href":"https:\/\/www.infinitri.be\/es\/wp-json\/wp\/v2\/product_brand?post=37024"},{"taxonomy":"product_cat","embeddable":true,"href":"https:\/\/www.infinitri.be\/es\/wp-json\/wp\/v2\/product_cat?post=37024"},{"taxonomy":"product_tag","embeddable":true,"href":"https:\/\/www.infinitri.be\/es\/wp-json\/wp\/v2\/product_tag?post=37024"}],"curies":[{"name":"wp","href":"https:\/\/api.w.org\/{rel}","templated":true}]}}