{"id":37130,"date":"2025-12-27T12:58:38","date_gmt":"2025-12-27T12:58:38","guid":{"rendered":"https:\/\/www.infinitri.be\/?post_type=product&#038;p=37130"},"modified":"2026-04-04T17:27:09","modified_gmt":"2026-04-04T16:27:09","slug":"location-personnalisee-de-neoprene","status":"publish","type":"product","link":"https:\/\/www.infinitri.be\/es\/producto\/location-personnalisee-de-neoprene\/","title":{"rendered":"Alquiler de neopreno a medida"},"content":{"rendered":"<p>- Tengo muchas dudas sobre mi talla, \u00bfpueden aconsejarme? S\u00ed, por supuesto. P\u00f3ngase en contacto con nosotros e ind\u00edquenos su sexo, peso y altura para que podamos orientarle. - He finalizado mi alquiler pero me gustar\u00eda cambiar la talla, \u00bfes posible? Hasta 7 d\u00edas laborables, puede ponerse en contacto con nosotros por correo electr\u00f3nico para solicitar un cambio y comprobaremos juntos la disponibilidad. - \u00bfMe resulta dif\u00edcil concretar las fechas de mi alquiler? Participa en una competici\u00f3n deportiva, por ejemplo el triatl\u00f3n Haute Meuse el 13 de julio de 2025. Puede indicarnos la fecha en la que es importante que reciba el traje de neopreno en el World Point Relay. Como la duraci\u00f3n es de 7 d\u00edas, probablemente sea buena idea bloquear el 08 o 09 de julio y volver el 14 o 15 de julio. Esto le permitir\u00e1 probar el traje antes de su evento. - \u00bfC\u00f3mo devuelvo mi traje? Se le enviar\u00e1 por correo electr\u00f3nico una etiqueta de relevo Mondiale para que pueda devolver el traje. <strong>seco<\/strong> y <strong>envasado<\/strong> en el punto de enlace mundial de su elecci\u00f3n. Tenga en cuenta que es importante respetar la fecha m\u00e1xima de dep\u00f3sito indicada en su reserva. - Me gustar\u00eda comprar el traje de neopreno que he alquilado. La forma m\u00e1s f\u00e1cil de hacerlo es enviarnos un correo electr\u00f3nico. En este caso, no hay nada m\u00e1s que hacer, tu garant\u00eda se convierte autom\u00e1ticamente en compra y ya est\u00e1s listo para el resto de la temporada. - Me ha encantado la experiencia y me gustar\u00eda comprar un modelo equivalente, \u00bfqu\u00e9 debo hacer? En ese caso, nos quedaremos con su dep\u00f3sito y, una vez que hayamos recibido el combi alquilado, nos encargaremos de enviarle el nuevo modelo. - Necesito su experiencia y consejo sobre qu\u00e9 tama\u00f1o alquilar. Estamos disponibles con cita previa para dedicar tiempo a orientarte. Env\u00edenos un correo electr\u00f3nico o un mensaje de WhatsApp para concertarla y salir con el traje.<\/p>","protected":false},"excerpt":{"rendered":"<p>Alquile un traje de neopreno y rec\u00edbalo en la puerta de su casa. Precio :<\/p>\n<ul>\n<li>50 por un periodo de alquiler de 3 a 7 d\u00edas<\/li>\n<li>80 por un periodo de alquiler de 7 a 14 d\u00edas.<\/li>\n<\/ul>\n<p>Recibir\u00e1 el traje en su domicilio en la fecha de inicio del alquiler o antes. Deber\u00e1 devolver el traje a Infinitri como muy tarde al final del periodo de alquiler. Recibir\u00e1 el traje y un albar\u00e1n para devolverlo. Se mantiene una garant\u00eda de alquiler durante su periodo de alquiler.  Es posible convertir esta garant\u00eda en una compra si desea conservar el traje o recibir uno nuevo.<\/p>","protected":false},"featured_media":36595,"comment_status":"open","ping_status":"closed","template":"","meta":[],"product_brand":[],"product_cat":[130],"product_tag":[],"class_list":{"0":"post-37130","1":"product","2":"type-product","3":"status-publish","4":"has-post-thumbnail","6":"product_cat-combinaison-neoprene","7":"product_shipping_class-location-personnalisee","8":"nt-post-class","9":"","15":"first","16":"instock","17":"taxable","18":"shipping-taxable","19":"purchasable","20":"product-type-redq_rental"},"_links":{"self":[{"href":"https:\/\/www.infinitri.be\/es\/wp-json\/wp\/v2\/product\/37130","targetHints":{"allow":["GET"]}}],"collection":[{"href":"https:\/\/www.infinitri.be\/es\/wp-json\/wp\/v2\/product"}],"about":[{"href":"https:\/\/www.infinitri.be\/es\/wp-json\/wp\/v2\/types\/product"}],"replies":[{"embeddable":true,"href":"https:\/\/www.infinitri.be\/es\/wp-json\/wp\/v2\/comments?post=37130"}],"wp:featuredmedia":[{"embeddable":true,"href":"https:\/\/www.infinitri.be\/es\/wp-json\/wp\/v2\/media\/36595"}],"wp:attachment":[{"href":"https:\/\/www.infinitri.be\/es\/wp-json\/wp\/v2\/media?parent=37130"}],"wp:term":[{"taxonomy":"product_brand","embeddable":true,"href":"https:\/\/www.infinitri.be\/es\/wp-json\/wp\/v2\/product_brand?post=37130"},{"taxonomy":"product_cat","embeddable":true,"href":"https:\/\/www.infinitri.be\/es\/wp-json\/wp\/v2\/product_cat?post=37130"},{"taxonomy":"product_tag","embeddable":true,"href":"https:\/\/www.infinitri.be\/es\/wp-json\/wp\/v2\/product_tag?post=37130"}],"curies":[{"name":"wp","href":"https:\/\/api.w.org\/{rel}","templated":true}]}}