{"id":37191,"date":"2025-12-27T13:00:28","date_gmt":"2025-12-27T13:00:28","guid":{"rendered":"https:\/\/www.infinitri.be\/?post_type=product&#038;p=37191"},"modified":"2026-04-04T17:33:20","modified_gmt":"2026-04-04T16:33:20","slug":"compressport-trail-racing-overshort-homme-nile","status":"publish","type":"product","link":"https:\/\/www.infinitri.be\/es\/producto\/compressport-trail-racing-overshort-homme-nile\/","title":{"rendered":"Compressport Trail Racing Overshort Hombre Nilo"},"content":{"rendered":"<p class=\"key_benefit_1\">Tissu ultral\u00e9ger et non irritant, pour une respirabilit\u00e9 maximale par temps chaud<\/p>\n<p class=\"key_benefit_2\">Coupe r\u00e9guli\u00e8re et ergonomique pour que vous puissiez porter le surshort sur un short de course ou de compression avec style et confort<\/p>\n<p class=\"key_benefit_3\">Ceinture ext\u00e9rieure de trail en maillage, pratique pour transporter de quoi manger et vos petits effets personnels<\/p>\n<p>&nbsp;<\/p>\n<p>Guide des tailles :<\/p>\n<div class=\"col-md-3\"><span class=\"d-block d-md-block text-center text-md-left\"><img fetchpriority=\"high\" decoding=\"async\" class=\"chart-table-img img-fluid\" src=\"https:\/\/www.compressport.com\/inter\/modules\/sizeconversion\/views\/img\/BOTTOM%20HOMME.png\" width=\"242\" height=\"323\" \/><\/span><\/div>\n<div class=\"col-md-9\">\n<div class=\"table-responsive-md\">\n<table id=\"chart_table_59\" class=\"table table-striped table-bordered text-center chart-table\">\n<thead class=\"thead-default\">\n<tr class=\"big_size\">\n<th><\/th>\n<th id=\"conversion_group_240\" colspan=\"1\">Talla<\/th>\n<th id=\"conversion_group_241\" colspan=\"1\">Hanches<\/th>\n<\/tr>\n<\/thead>\n<tbody>\n<tr class=\"chart-table-row\">\n<th class=\"cc-name\">XS<\/th>\n<td>70 &#8211; 75cm<\/td>\n<td>83 &#8211; 88cm<\/td>\n<\/tr>\n<tr class=\"chart-table-row\">\n<th class=\"cc-name\">S<\/th>\n<td>76 &#8211; 81cm<\/td>\n<td>89 &#8211; 94cm<\/td>\n<\/tr>\n<tr class=\"chart-table-row\">\n<th class=\"cc-name\">M<\/th>\n<td>82 &#8211; 87cm<\/td>\n<td>95 &#8211; 100cm<\/td>\n<\/tr>\n<tr class=\"chart-table-row\">\n<th class=\"cc-name\">L<\/th>\n<td>88 &#8211; 93cm<\/td>\n<td>101 &#8211; 106cm<\/td>\n<\/tr>\n<tr class=\"chart-table-row\">\n<th class=\"cc-name\">XL<\/th>\n<td>94 &#8211; 99cm<\/td>\n<td>107 &#8211; 112cm<\/td>\n<\/tr>\n<\/tbody>\n<\/table>\n<div style=\"width: 960px;\" class=\"wp-video\"><video class=\"wp-video-shortcode\" id=\"video-37191-1\" width=\"960\" height=\"540\" preload=\"metadata\" controls=\"controls\"><source type=\"video\/mp4\" src=\"https:\/\/infinitri.be\/wp-content\/uploads\/2024\/11\/Short-Black-M.mp4?_=1\" \/><a href=\"https:\/\/infinitri.be\/wp-content\/uploads\/2024\/11\/Short-Black-M.mp4\">https:\/\/infinitri.be\/wp-content\/uploads\/2024\/11\/Short-Black-M.mp4<\/a><\/video><\/div>\n<\/div>\n<p>&nbsp;<\/p>\n<\/div>","protected":false},"excerpt":{"rendered":"<p>Le Compressport Trail Racing Overshort est un sur-short exceptionnellement l\u00e9ger et ample avec une ceinture de rangement int\u00e9gr\u00e9 pour une respirabilit\u00e9 maximale sur les sentiers.<\/p>","protected":false},"featured_media":37225,"comment_status":"open","ping_status":"closed","template":"","meta":[],"product_brand":[329],"product_cat":[17,16,18],"product_tag":[],"class_list":{"0":"post-37191","1":"product","2":"type-product","3":"status-publish","4":"has-post-thumbnail","6":"product_brand-compressport","7":"product_cat-bas","8":"product_cat-course","9":"product_cat-shorts-collants","10":"zank_product_brands-compressport","11":"nt-post-class","12":"","18":"first","19":"instock","20":"taxable","21":"shipping-taxable","22":"purchasable","23":"product-type-variable"},"_links":{"self":[{"href":"https:\/\/www.infinitri.be\/es\/wp-json\/wp\/v2\/product\/37191","targetHints":{"allow":["GET"]}}],"collection":[{"href":"https:\/\/www.infinitri.be\/es\/wp-json\/wp\/v2\/product"}],"about":[{"href":"https:\/\/www.infinitri.be\/es\/wp-json\/wp\/v2\/types\/product"}],"replies":[{"embeddable":true,"href":"https:\/\/www.infinitri.be\/es\/wp-json\/wp\/v2\/comments?post=37191"}],"wp:featuredmedia":[{"embeddable":true,"href":"https:\/\/www.infinitri.be\/es\/wp-json\/wp\/v2\/media\/37225"}],"wp:attachment":[{"href":"https:\/\/www.infinitri.be\/es\/wp-json\/wp\/v2\/media?parent=37191"}],"wp:term":[{"taxonomy":"product_brand","embeddable":true,"href":"https:\/\/www.infinitri.be\/es\/wp-json\/wp\/v2\/product_brand?post=37191"},{"taxonomy":"product_cat","embeddable":true,"href":"https:\/\/www.infinitri.be\/es\/wp-json\/wp\/v2\/product_cat?post=37191"},{"taxonomy":"product_tag","embeddable":true,"href":"https:\/\/www.infinitri.be\/es\/wp-json\/wp\/v2\/product_tag?post=37191"}],"curies":[{"name":"wp","href":"https:\/\/api.w.org\/{rel}","templated":true}]}}