{"id":37248,"date":"2025-12-27T13:35:24","date_gmt":"2025-12-27T13:35:24","guid":{"rendered":"https:\/\/www.infinitri.be\/?post_type=product&#038;p=37248"},"modified":"2026-04-04T18:44:16","modified_gmt":"2026-04-04T17:44:16","slug":"arena-swim-snorkel-pro-iii-sage-black","status":"publish","type":"product","link":"https:\/\/www.infinitri.be\/es\/producto\/arena-swim-snorkel-pro-iii-sage-black\/","title":{"rendered":"Arena - Esn\u00f3rquel de nataci\u00f3n Pro III Sage Negro"},"content":{"rendered":"","protected":false},"excerpt":{"rendered":"<p>Le tuba arena Swim Snorkel Pro III est id\u00e9al pour les nageurs comp\u00e9titeurs souhaitant am\u00e9liorer leur nage ou leur technique de respiration. Son design hydrodynamique, son positionnement central et sa sangle ajustable garantissent un maintien stable, m\u00eame \u00e0 une vitesse \u00e9lev\u00e9e. Comme le tuba de natation permet de respirer sous l\u2019eau, l\u2019athl\u00e8te peut ainsi se concentrer sur sa technique de nage et sa position dans l\u2019eau. Inclut deux r\u00e9gulateurs d\u2019air pour varier le niveau d\u2019effort des poumons. Gr\u00e2ce aux deux embouts en silicone, ce tuba s\u2019adapte \u00e0 tous les nageurs.<\/p>","protected":false},"featured_media":37254,"comment_status":"open","ping_status":"closed","template":"","meta":[],"product_brand":[326],"product_cat":[40,57,41],"product_tag":[],"class_list":{"0":"post-37248","1":"product","2":"type-product","3":"status-publish","4":"has-post-thumbnail","6":"product_brand-arena","7":"product_cat-accessoires","8":"product_cat-accessoires-natation","9":"product_cat-natation","10":"zank_product_brands-arena","11":"nt-post-class","12":"","18":"first","19":"instock","20":"taxable","21":"shipping-taxable","22":"purchasable","23":"product-type-simple"},"_links":{"self":[{"href":"https:\/\/www.infinitri.be\/es\/wp-json\/wp\/v2\/product\/37248","targetHints":{"allow":["GET"]}}],"collection":[{"href":"https:\/\/www.infinitri.be\/es\/wp-json\/wp\/v2\/product"}],"about":[{"href":"https:\/\/www.infinitri.be\/es\/wp-json\/wp\/v2\/types\/product"}],"replies":[{"embeddable":true,"href":"https:\/\/www.infinitri.be\/es\/wp-json\/wp\/v2\/comments?post=37248"}],"wp:featuredmedia":[{"embeddable":true,"href":"https:\/\/www.infinitri.be\/es\/wp-json\/wp\/v2\/media\/37254"}],"wp:attachment":[{"href":"https:\/\/www.infinitri.be\/es\/wp-json\/wp\/v2\/media?parent=37248"}],"wp:term":[{"taxonomy":"product_brand","embeddable":true,"href":"https:\/\/www.infinitri.be\/es\/wp-json\/wp\/v2\/product_brand?post=37248"},{"taxonomy":"product_cat","embeddable":true,"href":"https:\/\/www.infinitri.be\/es\/wp-json\/wp\/v2\/product_cat?post=37248"},{"taxonomy":"product_tag","embeddable":true,"href":"https:\/\/www.infinitri.be\/es\/wp-json\/wp\/v2\/product_tag?post=37248"}],"curies":[{"name":"wp","href":"https:\/\/api.w.org\/{rel}","templated":true}]}}