{"id":37250,"date":"2025-12-27T13:35:24","date_gmt":"2025-12-27T13:35:24","guid":{"rendered":"https:\/\/www.infinitri.be\/?post_type=product&#038;p=37250"},"modified":"2026-04-04T18:43:26","modified_gmt":"2026-04-04T17:43:26","slug":"arena-cobra-core-swipe-mirror-silver-gold","status":"publish","type":"product","link":"https:\/\/www.infinitri.be\/es\/producto\/arena-cobra-core-swipe-mirror-silver-gold\/","title":{"rendered":"Arena \u2013 Cobra Core Swipe Mirror Plata Oro"},"content":{"rendered":"","protected":false},"excerpt":{"rendered":"<p>Las gafas Arena Cobra Core Swipe Mirror son perfectas para nadadores y triatletas. La tecnolog\u00eda Swipe Anti Fog dura diez veces m\u00e1s y se puede reactivar deslizando las lentes con el dedo. Hazlo cada vez que las lentes se empa\u00f1en para disfrutar de una visi\u00f3n n\u00edtida durante m\u00e1s tiempo. La forma curvada de las lentes mejora enormemente la visi\u00f3n perif\u00e9rica y frontal. Se suministran con cinco puentes nasales intercambiables para una personalizaci\u00f3n perfecta a las diferentes formas de cara y nariz. La correa doble se ajusta f\u00e1cilmente en la parte posterior de la cabeza y garantiza un ajuste estable, incluso al arrancar y girar. Las gafas cuentan con lentes espejadas, protecci\u00f3n UV 400 y no contienen PVC.<\/p>","protected":false},"featured_media":37256,"comment_status":"open","ping_status":"closed","template":"","meta":[],"product_brand":[326],"product_cat":[54,55,56,41],"product_tag":[],"class_list":{"0":"post-37250","1":"product","2":"type-product","3":"status-publish","4":"has-post-thumbnail","6":"product_brand-arena","7":"product_cat-lunettes","8":"product_cat-lunettes-natation","9":"product_cat-lunettes-triathlon","10":"product_cat-natation","11":"zank_product_brands-arena","12":"nt-post-class","13":"","19":"first","20":"instock","21":"sale","22":"taxable","23":"shipping-taxable","24":"purchasable","25":"product-type-simple"},"_links":{"self":[{"href":"https:\/\/www.infinitri.be\/es\/wp-json\/wp\/v2\/product\/37250","targetHints":{"allow":["GET"]}}],"collection":[{"href":"https:\/\/www.infinitri.be\/es\/wp-json\/wp\/v2\/product"}],"about":[{"href":"https:\/\/www.infinitri.be\/es\/wp-json\/wp\/v2\/types\/product"}],"replies":[{"embeddable":true,"href":"https:\/\/www.infinitri.be\/es\/wp-json\/wp\/v2\/comments?post=37250"}],"wp:featuredmedia":[{"embeddable":true,"href":"https:\/\/www.infinitri.be\/es\/wp-json\/wp\/v2\/media\/37256"}],"wp:attachment":[{"href":"https:\/\/www.infinitri.be\/es\/wp-json\/wp\/v2\/media?parent=37250"}],"wp:term":[{"taxonomy":"product_brand","embeddable":true,"href":"https:\/\/www.infinitri.be\/es\/wp-json\/wp\/v2\/product_brand?post=37250"},{"taxonomy":"product_cat","embeddable":true,"href":"https:\/\/www.infinitri.be\/es\/wp-json\/wp\/v2\/product_cat?post=37250"},{"taxonomy":"product_tag","embeddable":true,"href":"https:\/\/www.infinitri.be\/es\/wp-json\/wp\/v2\/product_tag?post=37250"}],"curies":[{"name":"wp","href":"https:\/\/api.w.org\/{rel}","templated":true}]}}