{"id":40080,"date":"2026-02-12T20:24:32","date_gmt":"2026-02-12T20:24:32","guid":{"rendered":"https:\/\/www.infinitri.be\/?post_type=product&#038;p=40080"},"modified":"2026-04-04T17:30:56","modified_gmt":"2026-04-04T16:30:56","slug":"arena-spring-swimsuit-lightdrop-back-fille-plum-multi","status":"publish","type":"product","link":"https:\/\/www.infinitri.be\/es\/producto\/arena-spring-swimsuit-lightdrop-back-fille-plum-multi\/","title":{"rendered":"Traje de ba\u00f1o Arena Primavera Ni\u00f1a Espalda Lightdrop Ciruela Multi"},"content":{"rendered":"<div class=\"otQkpb\" role=\"heading\" data-animation-nesting=\"\" data-sfc-cp=\"\" data-complete=\"true\" data-processed=\"true\" data-sae=\"\">D\u00e9tails du Produit<button class=\"rBl3me\" data-amic=\"true\" data-icl-uuid=\"0304d6cc-aea2-46b3-9ad9-86d1914ab33a\" aria-label=\"Afficher les liens associ\u00e9s\" data-wiz-attrbind=\"disabled=lw7LWc_l\/C5gNJc;aria-label=lw7LWc_l\/bOjMyf;class=lw7LWc_l\/UpSNec\" data-ved=\"2ahUKEwijxJ3u5NSSAxUWNvsDHb4vNeEQye0OegYIAQgDEAA\"><\/button><\/div>\n<ul class=\"KsbFXc U6u95\" data-complete=\"true\" data-processed=\"true\">\n<li data-hveid=\"CAEIBBAA\" data-complete=\"true\" data-sae=\"\"><span class=\"T286Pc\" data-sfc-cp=\"\" data-complete=\"true\"><strong class=\"Yjhzub\" data-complete=\"true\">Color<\/strong>: Le maillot arbore un motif &#8220;plum multi-water&#8221; qui combine des teintes de prune, de violet et des touches de bleu aquatique.<\/span><\/li>\n<li data-hveid=\"CAEIBBAB\" data-complete=\"true\" data-sae=\"\"><span class=\"T286Pc\" data-sfc-cp=\"\" data-complete=\"true\"><strong class=\"Yjhzub\" data-complete=\"true\">Tissu MaxLife Eco<\/strong>: Il est con\u00e7u dans le tissu MaxLife Eco d&#8217;Arena, reconnu pour sa\u00a0<strong class=\"Yjhzub\" data-complete=\"true\">r\u00e9sistance maximale au chlore<\/strong>. Ce mat\u00e9riau durable s\u00e8che rapidement et offre une protection UV 50+ int\u00e9gr\u00e9e.<\/span><\/li>\n<li data-hveid=\"CAEIBBAC\" data-complete=\"true\" data-sae=\"\"><span class=\"T286Pc\" data-sfc-cp=\"\" data-complete=\"true\"><strong class=\"Yjhzub\" data-complete=\"true\">Composition \u00c9cologique<\/strong>: Le tissu est compos\u00e9 d&#8217;au moins 50 % de polyester recycl\u00e9 provenant de bouteilles en PET, s&#8217;inscrivant dans une d\u00e9marche \u00e9cologique.<\/span><\/li>\n<li data-hveid=\"CAEIBBAD\" data-complete=\"true\" data-sae=\"\"><span class=\"T286Pc\" data-sfc-cp=\"\" data-complete=\"true\"><strong class=\"Yjhzub\" data-complete=\"true\">Confort et Ajustement<\/strong>: Le mod\u00e8le Lightdrop Back pr\u00e9sente un dos ouvert avec des bretelles fines pour une libert\u00e9 de mouvement optimale et une tra\u00een\u00e9e r\u00e9duite dans l&#8217;eau. La coupe est mi-haute sur la jambe pour un \u00e9quilibre parfait entre confort et couverture.<\/span><\/li>\n<\/ul>","protected":false},"excerpt":{"rendered":"<p>Le maillot de bain\u00a0<strong class=\"Yjhzub\" data-complete=\"true\">Arena G Spring Swimsuit Lightdrop Back<\/strong>\u00a0est un mod\u00e8le pour filles et femmes, con\u00e7u pour la natation r\u00e9guli\u00e8re ou de comp\u00e9tition, et reconnu pour sa\u00a0<strong class=\"Yjhzub\" data-complete=\"true\">grande r\u00e9sistance au chlore<\/strong>\u00a0et son design confortable &#8220;Lightdrop&#8221;<\/p>","protected":false},"featured_media":40085,"comment_status":"open","ping_status":"closed","template":"","meta":[],"product_brand":[326],"product_cat":[86,41],"product_tag":[],"class_list":{"0":"post-40080","1":"product","2":"type-product","3":"status-publish","4":"has-post-thumbnail","6":"product_brand-arena","7":"product_cat-maillots","8":"product_cat-natation","9":"zank_product_brands-arena","10":"nt-post-class","11":"","17":"first","18":"instock","19":"taxable","20":"shipping-taxable","21":"purchasable","22":"product-type-variable"},"_links":{"self":[{"href":"https:\/\/www.infinitri.be\/es\/wp-json\/wp\/v2\/product\/40080","targetHints":{"allow":["GET"]}}],"collection":[{"href":"https:\/\/www.infinitri.be\/es\/wp-json\/wp\/v2\/product"}],"about":[{"href":"https:\/\/www.infinitri.be\/es\/wp-json\/wp\/v2\/types\/product"}],"replies":[{"embeddable":true,"href":"https:\/\/www.infinitri.be\/es\/wp-json\/wp\/v2\/comments?post=40080"}],"wp:featuredmedia":[{"embeddable":true,"href":"https:\/\/www.infinitri.be\/es\/wp-json\/wp\/v2\/media\/40085"}],"wp:attachment":[{"href":"https:\/\/www.infinitri.be\/es\/wp-json\/wp\/v2\/media?parent=40080"}],"wp:term":[{"taxonomy":"product_brand","embeddable":true,"href":"https:\/\/www.infinitri.be\/es\/wp-json\/wp\/v2\/product_brand?post=40080"},{"taxonomy":"product_cat","embeddable":true,"href":"https:\/\/www.infinitri.be\/es\/wp-json\/wp\/v2\/product_cat?post=40080"},{"taxonomy":"product_tag","embeddable":true,"href":"https:\/\/www.infinitri.be\/es\/wp-json\/wp\/v2\/product_tag?post=40080"}],"curies":[{"name":"wp","href":"https:\/\/api.w.org\/{rel}","templated":true}]}}