{"id":40090,"date":"2026-02-12T20:31:41","date_gmt":"2026-02-12T20:31:41","guid":{"rendered":"https:\/\/www.infinitri.be\/?post_type=product&#038;p=40090"},"modified":"2026-04-12T11:30:49","modified_gmt":"2026-04-12T10:30:49","slug":"arena-fireflow-lightdrop-back-fille-black-team-royal","status":"publish","type":"product","link":"https:\/\/www.infinitri.be\/es\/producto\/arena-fireflow-lightdrop-back-fille-black-team-royal\/","title":{"rendered":"Arena &#8211; Fireflow  Lightdrop Back &#8211; Fille black team royal"},"content":{"rendered":"<div class=\"otQkpb\" role=\"heading\" data-animation-nesting=\"\" data-sfc-cp=\"\" data-complete=\"true\" data-processed=\"true\" data-sae=\"\">D\u00e9tails du maillot de bain<button class=\"rBl3me\" data-amic=\"true\" data-icl-uuid=\"cb474e83-05d1-4ed5-a722-0d9dda1ec4f5\" aria-label=\"Afficher les liens associ\u00e9s\" data-wiz-attrbind=\"disabled=EFgAp_l\/C5gNJc;aria-label=EFgAp_l\/bOjMyf;class=EFgAp_l\/UpSNec\" data-ved=\"2ahUKEwin-OLE5tSSAxXfSaQEHa6kLU4Qye0OegQIAxAA\"><\/button><\/div>\n<div class=\"Y3BBE\" data-sfc-cp=\"\" data-hveid=\"CAQQAA\" data-complete=\"true\" data-processed=\"true\"><span class=\"uJ19be notranslate\" data-wiz-uids=\"EFgAp_r,EFgAp_s\" data-complete=\"true\"><span class=\"vKEkVd\" data-animation-atomic=\"\" data-wiz-attrbind=\"class=EFgAp_q\/TKHnVd\" data-sae=\"\"><span aria-hidden=\"true\">\u00a0<\/span><button class=\"rBl3me\" data-amic=\"true\" data-icl-uuid=\"8bb8fdb1-90f4-4820-9493-d1c66b86b4ac\" aria-label=\"Afficher les liens associ\u00e9s\" data-wiz-attrbind=\"disabled=EFgAp_q\/C5gNJc;aria-label=EFgAp_q\/bOjMyf;class=EFgAp_q\/UpSNec\" data-ved=\"2ahUKEwin-OLE5tSSAxXfSaQEHa6kLU4Qye0OegQIBBAB\"><\/button><\/span><\/span><\/div>\n<ul class=\"KsbFXc U6u95\" data-complete=\"true\" data-processed=\"true\">\n<li data-hveid=\"CAUQAA\" data-complete=\"true\" data-sae=\"\"><span class=\"T286Pc\" data-sfc-cp=\"\" data-complete=\"true\"><strong class=\"Yjhzub\" data-complete=\"true\">R\u00e9sistance au chlore :<\/strong>\u00a0Fabriqu\u00e9 \u00e0 partir du mat\u00e9riau MaxLife Eco d&#8217;Arena, il offre une r\u00e9sistance maximale au chlore, ce qui le rend id\u00e9al pour une utilisation fr\u00e9quente en piscine.<\/span><\/li>\n<li data-hveid=\"CAUQAQ\" data-complete=\"true\" data-sae=\"\"><span class=\"T286Pc\" data-sfc-cp=\"\" data-complete=\"true\"><strong class=\"Yjhzub\" data-complete=\"true\">Mat\u00e9riau \u00e9cologique :<\/strong>\u00a0Le MaxLife Eco contient au moins 50 % de polyester recycl\u00e9 provenant de bouteilles PET. Le mat\u00e9riau est \u00e9galement certifi\u00e9 OEKO-TEX\u00ae STANDARD 100, garantissant l&#8217;absence de substances nocives.<\/span><\/li>\n<li data-hveid=\"CAUQAg\" data-complete=\"true\" data-sae=\"\"><span class=\"T286Pc\" data-sfc-cp=\"\" data-complete=\"true\"><strong class=\"Yjhzub\" data-complete=\"true\">Confort et ajustement :<\/strong>\u00a0Le maillot est dot\u00e9 d&#8217;un dos semi-ouvert (&#8220;Lightdrop Back&#8221;) et de bretelles fines et confortables, assurant un ajustement s\u00fbr et une grande libert\u00e9 de mouvement.<\/span><\/li>\n<li data-hveid=\"CAUQAw\" data-complete=\"true\" data-sae=\"\"><span class=\"T286Pc\" data-sfc-cp=\"\" data-complete=\"true\"><strong class=\"Yjhzub\" data-complete=\"true\">S\u00e9chage rapide et protection UV :<\/strong>\u00a0Le tissu s\u00e8che rapidement et int\u00e8gre une protection UV UPF 50+.<\/span><\/li>\n<li data-hveid=\"CAUQBA\" data-complete=\"true\" data-sae=\"\"><span class=\"T286Pc\" data-sfc-cp=\"\" data-complete=\"true\"><strong class=\"Yjhzub\" data-complete=\"true\">Couleur :<\/strong>\u00a0Le coloris sp\u00e9cifique est noir avec des accents &#8220;team royal&#8221; (bleu roi)<\/span><\/li>\n<\/ul>","protected":false},"excerpt":{"rendered":"<p>Le maillot de bain\u00a0<strong class=\"Yjhzub\" data-complete=\"true\">Arena G Spring Swimsuit Lightdrop Back<\/strong>\u00a0est un mod\u00e8le pour filles et femmes, con\u00e7u pour la natation r\u00e9guli\u00e8re ou de comp\u00e9tition, et reconnu pour sa\u00a0<strong class=\"Yjhzub\" data-complete=\"true\">grande r\u00e9sistance au chlore<\/strong>\u00a0et son design confortable &#8220;Lightdrop&#8221;<\/p>","protected":false},"featured_media":40094,"comment_status":"open","ping_status":"closed","template":"","meta":[],"product_brand":[326],"product_cat":[86,41],"product_tag":[343],"class_list":{"0":"post-40090","1":"product","2":"type-product","3":"status-publish","4":"has-post-thumbnail","6":"product_brand-arena","7":"product_cat-maillots","8":"product_cat-natation","9":"product_tag-fille","10":"zank_product_brands-arena","11":"nt-post-class","12":"","18":"first","19":"instock","20":"taxable","21":"shipping-taxable","22":"purchasable","23":"product-type-variable"},"_links":{"self":[{"href":"https:\/\/www.infinitri.be\/es\/wp-json\/wp\/v2\/product\/40090","targetHints":{"allow":["GET"]}}],"collection":[{"href":"https:\/\/www.infinitri.be\/es\/wp-json\/wp\/v2\/product"}],"about":[{"href":"https:\/\/www.infinitri.be\/es\/wp-json\/wp\/v2\/types\/product"}],"replies":[{"embeddable":true,"href":"https:\/\/www.infinitri.be\/es\/wp-json\/wp\/v2\/comments?post=40090"}],"wp:featuredmedia":[{"embeddable":true,"href":"https:\/\/www.infinitri.be\/es\/wp-json\/wp\/v2\/media\/40094"}],"wp:attachment":[{"href":"https:\/\/www.infinitri.be\/es\/wp-json\/wp\/v2\/media?parent=40090"}],"wp:term":[{"taxonomy":"product_brand","embeddable":true,"href":"https:\/\/www.infinitri.be\/es\/wp-json\/wp\/v2\/product_brand?post=40090"},{"taxonomy":"product_cat","embeddable":true,"href":"https:\/\/www.infinitri.be\/es\/wp-json\/wp\/v2\/product_cat?post=40090"},{"taxonomy":"product_tag","embeddable":true,"href":"https:\/\/www.infinitri.be\/es\/wp-json\/wp\/v2\/product_tag?post=40090"}],"curies":[{"name":"wp","href":"https:\/\/api.w.org\/{rel}","templated":true}]}}