{"id":40127,"date":"2026-02-12T20:53:43","date_gmt":"2026-02-12T20:53:43","guid":{"rendered":"https:\/\/www.infinitri.be\/?post_type=product&#038;p=40127"},"modified":"2026-04-04T17:31:19","modified_gmt":"2026-04-04T16:31:19","slug":"arena-hard-shell-cabin-trolley","status":"publish","type":"product","link":"https:\/\/www.infinitri.be\/es\/producto\/arena-hard-shell-cabin-trolley\/","title":{"rendered":"Arena &#8211; Hard Shell Cabin Trolley"},"content":{"rendered":"<div class=\"otQkpb\" role=\"heading\" data-animation-nesting=\"\" data-sfc-cp=\"\" data-complete=\"true\" data-processed=\"true\" data-sae=\"\">Caract\u00e9ristiques principales<button class=\"rBl3me\" data-amic=\"true\" data-icl-uuid=\"a0ff7847-a424-46f6-b0bd-6ca523d88965\" aria-label=\"Afficher les liens associ\u00e9s\" data-wiz-attrbind=\"disabled=Z13xkb_l\/C5gNJc;aria-label=Z13xkb_l\/bOjMyf;class=Z13xkb_l\/UpSNec\" data-ved=\"2ahUKEwjS0qiW69SSAxUbaqQEHTUWDcIQye0OegQIAxAA\"><\/button><\/div>\n<ul class=\"KsbFXc U6u95\" data-processed=\"true\" data-complete=\"true\">\n<li data-hveid=\"CAQQAA\" data-complete=\"true\" data-sae=\"\"><span class=\"T286Pc\" data-sfc-cp=\"\" data-complete=\"true\"><strong class=\"Yjhzub\" data-complete=\"true\">Dimensions et Capacit\u00e9<\/strong>\u00a0: Elle mesure\u00a0<strong class=\"Yjhzub\" data-complete=\"true\">55 x 35 x 25 cm<\/strong>, ce qui correspond aux exigences de bagage cabine de la plupart des compagnies a\u00e9riennes. Sa capacit\u00e9 est d&#8217;environ\u00a0<strong class=\"Yjhzub\" data-complete=\"true\">35 litres<\/strong>.<\/span><\/li>\n<li data-hveid=\"CAQQAQ\" data-sae=\"\" data-complete=\"true\"><span class=\"T286Pc\" data-sfc-cp=\"\" data-complete=\"true\"><strong class=\"Yjhzub\" data-complete=\"true\">Mobilit\u00e9<\/strong>\u00a0: \u00c9quip\u00e9e de\u00a0<strong class=\"Yjhzub\" data-complete=\"true\">quatre roues pivotantes \u00e0 360\u00b0<\/strong>\u00a0et d&#8217;une poign\u00e9e t\u00e9lescopique pour un transport fluide et sans effort.<\/span><\/li>\n<li data-hveid=\"CAQQAg\" data-complete=\"true\" data-processed=\"true\" data-sae=\"\"><span class=\"T286Pc\" data-sfc-cp=\"\" data-complete=\"true\"><strong class=\"Yjhzub\" data-complete=\"true\">Organisation interne<\/strong>\u00a0: L&#8217;int\u00e9rieur comprend un s\u00e9parateur, des sangles de maintien pour les v\u00eatements, une poche en filet et plusieurs compartiments pour optimiser le rangement.<\/span><\/li>\n<li data-hveid=\"CAQQAw\" data-complete=\"true\" data-processed=\"true\" data-sae=\"\"><span class=\"T286Pc\" data-sfc-cp=\"\" data-complete=\"true\"><strong class=\"Yjhzub\" data-complete=\"true\">Material<\/strong>\u00a0: Fabriqu\u00e9e dans un mat\u00e9riau rigide et durable capable de r\u00e9sister \u00e0 l&#8217;usure des voyages fr\u00e9quents.<\/span><\/li>\n<li data-hveid=\"CAQQBA\" data-complete=\"true\" data-processed=\"true\" data-sae=\"\"><span class=\"T286Pc\" data-sfc-cp=\"\" data-complete=\"true\"><strong class=\"Yjhzub\" data-complete=\"true\">Dise\u00f1o<\/strong>\u00a0: Souvent disponible en coloris &#8220;dark smoke&#8221; avec des d\u00e9tails &#8220;neon yellow&#8221;, elle est con\u00e7ue pour s&#8217;assortir \u00e0 la valise plus grande\u00a0<em class=\"eujQNb\" data-complete=\"true\">Hard Shell XL Cargo Suitcase<\/em>.<\/span><\/li>\n<\/ul>","protected":false},"excerpt":{"rendered":"<p>L&#8217;<strong class=\"Yjhzub\" data-complete=\"true\">Arena Hard Shell Cabin Trolley<\/strong> est une valise cabine robuste con\u00e7ue pour les courts s\u00e9jours et les voyages en avion<\/p>","protected":false},"featured_media":40128,"comment_status":"open","ping_status":"closed","template":"","meta":[],"product_brand":[326],"product_cat":[40,41,58,59],"product_tag":[],"class_list":{"0":"post-40127","1":"product","2":"type-product","3":"status-publish","4":"has-post-thumbnail","6":"product_brand-arena","7":"product_cat-accessoires","8":"product_cat-natation","9":"product_cat-sacs","10":"product_cat-triathlon","11":"zank_product_brands-arena","12":"nt-post-class","13":"","19":"first","20":"instock","21":"sale","22":"taxable","23":"shipping-taxable","24":"purchasable","25":"product-type-simple"},"_links":{"self":[{"href":"https:\/\/www.infinitri.be\/es\/wp-json\/wp\/v2\/product\/40127","targetHints":{"allow":["GET"]}}],"collection":[{"href":"https:\/\/www.infinitri.be\/es\/wp-json\/wp\/v2\/product"}],"about":[{"href":"https:\/\/www.infinitri.be\/es\/wp-json\/wp\/v2\/types\/product"}],"replies":[{"embeddable":true,"href":"https:\/\/www.infinitri.be\/es\/wp-json\/wp\/v2\/comments?post=40127"}],"wp:featuredmedia":[{"embeddable":true,"href":"https:\/\/www.infinitri.be\/es\/wp-json\/wp\/v2\/media\/40128"}],"wp:attachment":[{"href":"https:\/\/www.infinitri.be\/es\/wp-json\/wp\/v2\/media?parent=40127"}],"wp:term":[{"taxonomy":"product_brand","embeddable":true,"href":"https:\/\/www.infinitri.be\/es\/wp-json\/wp\/v2\/product_brand?post=40127"},{"taxonomy":"product_cat","embeddable":true,"href":"https:\/\/www.infinitri.be\/es\/wp-json\/wp\/v2\/product_cat?post=40127"},{"taxonomy":"product_tag","embeddable":true,"href":"https:\/\/www.infinitri.be\/es\/wp-json\/wp\/v2\/product_tag?post=40127"}],"curies":[{"name":"wp","href":"https:\/\/api.w.org\/{rel}","templated":true}]}}