{"id":40133,"date":"2026-02-12T20:59:58","date_gmt":"2026-02-12T20:59:58","guid":{"rendered":"https:\/\/www.infinitri.be\/?post_type=product&#038;p=40133"},"modified":"2026-04-04T17:31:19","modified_gmt":"2026-04-04T16:31:19","slug":"arena-hard-shell-xl-cargo-darksmoke-yellow-fluo","status":"publish","type":"product","link":"https:\/\/www.infinitri.be\/es\/producto\/arena-hard-shell-xl-cargo-darksmoke-yellow-fluo\/","title":{"rendered":"Arena &#8211; Hard Shell XL Cargo Darksmoke yellow fluo"},"content":{"rendered":"<div class=\"otQkpb\" role=\"heading\" data-animation-nesting=\"\" data-sfc-cp=\"\" data-complete=\"true\" data-processed=\"true\" data-sae=\"\">Caract\u00e9ristiques principales de la valise Arena Hard Shell XL Cargo<\/div>\n<ul class=\"KsbFXc U6u95\" data-complete=\"true\" data-processed=\"true\">\n<li data-hveid=\"CAQQAA\" data-complete=\"true\" data-sae=\"\"><span class=\"T286Pc\" data-sfc-cp=\"\" data-complete=\"true\"><strong class=\"Yjhzub\" data-complete=\"true\">Capacit\u00e9 et dimensions<\/strong>: Elle offre un volume g\u00e9n\u00e9reux de\u00a0<strong class=\"Yjhzub\" data-complete=\"true\">100 litres<\/strong>\u00a0et ses dimensions sont de\u00a0<strong class=\"Yjhzub\" data-complete=\"true\">75 cm x 50 cm x 30 cm<\/strong>.<\/span><\/li>\n<li data-hveid=\"CAQQAQ\" data-complete=\"true\" data-sae=\"\"><span class=\"T286Pc\" data-sfc-cp=\"\" data-complete=\"true\"><strong class=\"Yjhzub\" data-complete=\"true\">Material<\/strong>: Fabriqu\u00e9e \u00e0 partir d&#8217;un mat\u00e9riau\u00a0<strong class=\"Yjhzub\" data-complete=\"true\">rigide et durable<\/strong>, elle prot\u00e8ge vos affaires des chocs et des intemp\u00e9ries (pluie, salet\u00e9).<\/span><\/li>\n<li data-hveid=\"CAQQAg\" data-complete=\"true\" data-sae=\"\"><span class=\"T286Pc\" data-sfc-cp=\"\" data-complete=\"true\"><strong class=\"Yjhzub\" data-complete=\"true\">Maniabilit\u00e9<\/strong>: Le chariot est \u00e9quip\u00e9 d&#8217;une\u00a0<strong class=\"Yjhzub\" data-complete=\"true\">poign\u00e9e t\u00e9lescopique<\/strong>\u00a0et de\u00a0<strong class=\"Yjhzub\" data-complete=\"true\">quatre roues pivotantes \u00e0 360\u00b0<\/strong>\u00a0pour un transport ais\u00e9, m\u00eame lorsqu&#8217;elle est pleine.<\/span><\/li>\n<li data-hveid=\"CAQQAw\" data-complete=\"true\" data-sae=\"\"><span class=\"T286Pc\" data-sfc-cp=\"\" data-complete=\"true\"><strong class=\"Yjhzub\" data-complete=\"true\">Rangement interne<\/strong>: L&#8217;int\u00e9rieur comprend\u00a0<strong class=\"Yjhzub\" data-complete=\"true\">plusieurs compartiments<\/strong>, une\u00a0<strong class=\"Yjhzub\" data-complete=\"true\">s\u00e9paration interne<\/strong>, une poche int\u00e9rieure en maille et des sangles pour maintenir les v\u00eatements en place et organiser efficacement vos effets personnels.<\/span><\/li>\n<\/ul>","protected":false},"excerpt":{"rendered":"<p><strong class=\"Yjhzub\" data-complete=\"true\">La valise trolley rigide Arena Hard Shell XL Cargo<\/strong>, un bagage spacieux et durable de 100 litres, con\u00e7u pour les voyages et le transport de mat\u00e9riel, notamment sportif<\/p>","protected":false},"featured_media":40134,"comment_status":"open","ping_status":"closed","template":"","meta":[],"product_brand":[326],"product_cat":[40,41,58,59],"product_tag":[],"class_list":{"0":"post-40133","1":"product","2":"type-product","3":"status-publish","4":"has-post-thumbnail","6":"product_brand-arena","7":"product_cat-accessoires","8":"product_cat-natation","9":"product_cat-sacs","10":"product_cat-triathlon","11":"zank_product_brands-arena","12":"nt-post-class","13":"","19":"first","20":"instock","21":"sale","22":"taxable","23":"shipping-taxable","24":"purchasable","25":"product-type-simple"},"_links":{"self":[{"href":"https:\/\/www.infinitri.be\/es\/wp-json\/wp\/v2\/product\/40133","targetHints":{"allow":["GET"]}}],"collection":[{"href":"https:\/\/www.infinitri.be\/es\/wp-json\/wp\/v2\/product"}],"about":[{"href":"https:\/\/www.infinitri.be\/es\/wp-json\/wp\/v2\/types\/product"}],"replies":[{"embeddable":true,"href":"https:\/\/www.infinitri.be\/es\/wp-json\/wp\/v2\/comments?post=40133"}],"wp:featuredmedia":[{"embeddable":true,"href":"https:\/\/www.infinitri.be\/es\/wp-json\/wp\/v2\/media\/40134"}],"wp:attachment":[{"href":"https:\/\/www.infinitri.be\/es\/wp-json\/wp\/v2\/media?parent=40133"}],"wp:term":[{"taxonomy":"product_brand","embeddable":true,"href":"https:\/\/www.infinitri.be\/es\/wp-json\/wp\/v2\/product_brand?post=40133"},{"taxonomy":"product_cat","embeddable":true,"href":"https:\/\/www.infinitri.be\/es\/wp-json\/wp\/v2\/product_cat?post=40133"},{"taxonomy":"product_tag","embeddable":true,"href":"https:\/\/www.infinitri.be\/es\/wp-json\/wp\/v2\/product_tag?post=40133"}],"curies":[{"name":"wp","href":"https:\/\/api.w.org\/{rel}","templated":true}]}}