{"id":46580,"date":"2026-04-04T14:49:08","date_gmt":"2026-04-04T13:49:08","guid":{"rendered":"https:\/\/www.infinitri.be\/?post_type=product&#038;p=46580"},"modified":"2026-04-08T07:31:50","modified_gmt":"2026-04-08T06:31:50","slug":"performance-ss-tshirt-w-zephyr-tie-dye-limited-edition","status":"publish","type":"product","link":"https:\/\/www.infinitri.be\/es\/producto\/performance-ss-tshirt-w-zephyr-tie-dye-limited-edition\/","title":{"rendered":"Performance SS Tshirt W Zephyr Tie Dye Limited edition"},"content":{"rendered":"<div class=\"pWvJNd\" data-sfc-root=\"c\" data-sfc-cb=\"\" data-complete=\"true\">\n<div class=\"mZJni Dn7Fzd\" dir=\"ltr\" data-container-id=\"main-col\" data-xid=\"VpUvz\" data-sfc-root=\"c\" data-sfc-cb=\"\" data-ved=\"2ahUKEwizm-fxq9STAxXjVqQEHVPzHZUQ3KYQegYIAQgAEAE\" data-processed=\"true\">\n<div class=\"Y3BBE\" data-sfc-cp=\"\" data-sfc-root=\"c\" data-sfc-cb=\"\" data-hveid=\"CAEIBBAA\" data-complete=\"true\" data-processed=\"true\">Le t-shirt\u00a0<strong class=\"Yjhzub\" data-sfc-root=\"c\" data-sfc-cb=\"\" data-complete=\"true\" data-processed=\"true\">Compressport Performance SS Zephyr<\/strong>\u00a0est l&#8217;alli\u00e9 ultime des runneuses et triathl\u00e8tes qui ne font aucun compromis entre\u00a0<strong class=\"Yjhzub\" data-sfc-root=\"c\" data-sfc-cb=\"\" data-complete=\"true\" data-processed=\"true\">style<\/strong>\u00a0y\u00a0<strong class=\"Yjhzub\" data-sfc-root=\"c\" data-sfc-cb=\"\" data-complete=\"true\" data-processed=\"true\">vitesse<\/strong>. \ud83c\udf1f<\/div>\n<div class=\"Y3BBE\" data-sfc-cp=\"\" data-sfc-root=\"c\" data-sfc-cb=\"\" data-hveid=\"CAEIBRAA\" data-complete=\"true\" data-processed=\"true\"><strong class=\"Yjhzub\" data-sfc-root=\"c\" data-sfc-cb=\"\" data-complete=\"true\" data-processed=\"true\">Ses points forts :<\/strong><\/div>\n<ul class=\"KsbFXc U6u95\" data-sfc-root=\"c\" data-sfc-cb=\"\" data-complete=\"true\" data-processed=\"true\">\n<li class=\"dF3vjf\" data-sfc-root=\"c\" data-sfc-cb=\"\" data-hveid=\"CAEIBhAA\" data-complete=\"true\" data-sae=\"\"><span class=\"T286Pc\" data-sfc-cp=\"\" data-sfc-root=\"c\" data-sfc-cb=\"\" data-complete=\"true\">\ud83c\udf21\ufe0f\u00a0<strong class=\"Yjhzub\" data-sfc-root=\"c\" data-sfc-cb=\"\" data-complete=\"true\">Thermor\u00e9gulation de pointe<\/strong>\u00a0: Microfibre high-tech qui \u00e9vacue la sueur en un \u00e9clair pour rester au sec.<\/span><\/li>\n<li class=\"dF3vjf\" data-sfc-root=\"c\" data-sfc-cb=\"\" data-hveid=\"CAEIBhAB\" data-complete=\"true\" data-sae=\"\"><span class=\"T286Pc\" data-sfc-cp=\"\" data-sfc-root=\"c\" data-sfc-cb=\"\" data-complete=\"true\">\u2601\ufe0f\u00a0<strong class=\"Yjhzub\" data-sfc-root=\"c\" data-sfc-cb=\"\" data-complete=\"true\">Confort &#8220;Z\u00e9ro Irritation&#8221;<\/strong>\u00a0: Conception\u00a0<strong class=\"Yjhzub\" data-sfc-root=\"c\" data-sfc-cb=\"\" data-complete=\"true\">Seamless<\/strong>\u00a0(sans couture) pour oublier les frottements, m\u00eame sur 42km.<\/span><\/li>\n<li class=\"dF3vjf\" data-sfc-root=\"c\" data-sfc-cb=\"\" data-hveid=\"CAEIBhAC\" data-complete=\"true\" data-sae=\"\"><span class=\"T286Pc\" data-sfc-cp=\"\" data-sfc-root=\"c\" data-sfc-cb=\"\" data-complete=\"true\">\ud83c\udf2c\ufe0f\u00a0<strong class=\"Yjhzub\" data-sfc-root=\"c\" data-sfc-cb=\"\" data-complete=\"true\">Ventilation strat\u00e9gique<\/strong>\u00a0: Zones d&#8217;a\u00e9ration tiss\u00e9es sur le dos et la poitrine pour une fra\u00eecheur maximale.<\/span><\/li>\n<li class=\"dF3vjf\" data-sfc-root=\"c\" data-sfc-cb=\"\" data-hveid=\"CAEIBhAD\" data-complete=\"true\" data-sae=\"\"><span class=\"T286Pc\" data-sfc-cp=\"\" data-sfc-root=\"c\" data-sfc-cb=\"\" data-complete=\"true\">\ud83d\udc83\u00a0<strong class=\"Yjhzub\" data-sfc-root=\"c\" data-sfc-cb=\"\" data-complete=\"true\">Coupe F\u00e9minine<\/strong>\u00a0: Coupe\u00a0<strong class=\"Yjhzub\" data-sfc-root=\"c\" data-sfc-cb=\"\" data-complete=\"true\">Regular<\/strong>\u00a0ergonomique qui flatte la silhouette sans jamais g\u00eaner le mouvement.<\/span><\/li>\n<li class=\"dF3vjf\" data-sfc-root=\"c\" data-sfc-cb=\"\" data-hveid=\"CAEIBhAE\" data-complete=\"true\" data-sae=\"\"><span class=\"T286Pc\" data-sfc-cp=\"\" data-sfc-root=\"c\" data-sfc-cb=\"\" data-complete=\"true\">\ud83e\udeb6\u00a0<strong class=\"Yjhzub\" data-sfc-root=\"c\" data-sfc-cb=\"\" data-complete=\"true\">Ultra-L\u00e9ger<\/strong>\u00a0: Une sensation de &#8220;seconde peau&#8221; (seulement 68g !) pour performer sans contrainte.<\/span><\/li>\n<li class=\"dF3vjf\" data-sfc-root=\"c\" data-sfc-cb=\"\" data-hveid=\"CAEIBhAF\" data-complete=\"true\" data-sae=\"\"><span class=\"T286Pc\" data-sfc-cp=\"\" data-sfc-root=\"c\" data-sfc-cb=\"\" data-complete=\"true\">\ud83c\udf08\u00a0<strong class=\"Yjhzub\" data-sfc-root=\"c\" data-sfc-cb=\"\" data-complete=\"true\">Look Exclusif<\/strong>\u00a0: Motif\u00a0<strong class=\"Yjhzub\" data-sfc-root=\"c\" data-sfc-cb=\"\" data-complete=\"true\">Tie Dye<\/strong>\u00a0vibrant et message inspirant &#8220;Eat My Dust!&#8221; pour booster votre motivation.<\/span><\/li>\n<\/ul>\n<div class=\"Y3BBE\" data-sfc-cp=\"\" data-sfc-root=\"c\" data-sfc-cb=\"\" data-hveid=\"CAEIBxAA\" data-complete=\"true\" data-processed=\"true\"><strong class=\"Yjhzub\" data-sfc-root=\"c\" data-sfc-cb=\"\" data-complete=\"true\" data-processed=\"true\">D\u00e9tails pratiques :<\/strong><\/div>\n<ul class=\"KsbFXc U6u95\" data-sfc-root=\"c\" data-sfc-cb=\"\" data-complete=\"true\" data-processed=\"true\">\n<li class=\"dF3vjf\" data-sfc-root=\"c\" data-sfc-cb=\"\" data-hveid=\"CAEICBAA\" data-complete=\"true\" data-sae=\"\"><span class=\"T286Pc\" data-sfc-cp=\"\" data-sfc-root=\"c\" data-sfc-cb=\"\" data-complete=\"true\">\ud83c\udfc1\u00a0<strong class=\"Yjhzub\" data-sfc-root=\"c\" data-sfc-cb=\"\" data-complete=\"true\">Usage<\/strong>\u00a0: Running, Trail, Triathlon &amp; Cardio.<\/span><\/li>\n<li class=\"dF3vjf\" data-sfc-root=\"c\" data-sfc-cb=\"\" data-hveid=\"CAEICBAB\" data-complete=\"true\" data-sae=\"\"><span class=\"T286Pc\" data-sfc-cp=\"\" data-sfc-root=\"c\" data-sfc-cb=\"\" data-complete=\"true\">\ud83e\uddfc\u00a0<strong class=\"Yjhzub\" data-sfc-root=\"c\" data-sfc-cb=\"\" data-complete=\"true\">Mantenimiento<\/strong>\u00a0: S\u00e9chage ultra-rapide, ne n\u00e9cessite pas de repassage.<\/span><\/li>\n<li class=\"dF3vjf\" data-sfc-root=\"c\" data-sfc-cb=\"\" data-hveid=\"CAEICBAC\" data-complete=\"true\" data-sae=\"\"><span class=\"T286Pc\" data-sfc-cp=\"\" data-sfc-root=\"c\" data-sfc-cb=\"\" data-complete=\"true\">\ud83c\udfa8\u00a0<strong class=\"Yjhzub\" data-sfc-root=\"c\" data-sfc-cb=\"\" data-complete=\"true\">Style<\/strong>\u00a0: Collection limit\u00e9e 2026.<\/span><\/li>\n<\/ul>\n<div class=\"Y3BBE\" data-sfc-cp=\"\" data-sfc-root=\"c\" data-sfc-cb=\"\" data-hveid=\"CAEICRAA\" data-complete=\"true\" data-processed=\"true\"><\/div>\n<div data-xid=\"Gd7Hsc\" data-sfc-cp=\"\" data-sfc-root=\"c\" data-sfc-cb=\"\" data-complete=\"true\" data-processed=\"true\">\n<div class=\"DBd2Wb\" data-complete=\"true\" data-processed=\"true\">\n<div class=\"zkL70c\" data-processed=\"true\">\n<div class=\"RkJvxe\" data-sfc-root=\"c\" data-wiz-uids=\"isXE8_23\" data-sfc-cb=\"\" data-complete=\"true\" data-processed=\"true\">\n<div class=\"YHsVn\" data-sfc-cp=\"\" data-sfc-root=\"c\" data-wiz-uids=\"isXE8_25,isXE8_26\" data-sfc-cb=\"\" data-complete=\"true\" data-processed=\"true\">\n<div class=\"\" data-processed=\"true\"><\/div>\n<\/div>\n<\/div>\n<div data-xid=\"YruvMc\" data-sfc-root=\"c\" data-sfc-cb=\"\" data-complete=\"true\" data-processed=\"true\">\n<div class=\"OUQe0e\" data-processed=\"true\">\n<div id=\"shrproxy43\" class=\"bQ0Yzc\" data-ved=\"0CAAQp4QQahcKEwi4uM2pqtSTAxUAAAAAHQAAAAAQZw\" data-hveid=\"0\" data-processed=\"true\">\n<div class=\"RENDr\"><\/div>\n<div><\/div>\n<div><\/div>\n<\/div>\n<\/div>\n<\/div>\n<div data-sfc-root=\"c\" data-wiz-uids=\"isXE8_2q,isXE8_2r,isXE8_2s\" data-sfc-cb=\"\" data-complete=\"true\" data-processed=\"true\">\n<div id=\"fbproxy44\" class=\"UrecDd\" data-processed=\"true\">\n<div class=\"YHsVn\" data-sfc-cp=\"\" data-sfc-root=\"c\" data-wiz-uids=\"isXE8_2u,isXE8_2v\" data-sfc-cb=\"\" data-complete=\"true\" data-processed=\"true\"><\/div>\n<div class=\"YHsVn\" data-sfc-cp=\"\" data-sfc-root=\"c\" data-wiz-uids=\"isXE8_2x,isXE8_2y\" data-sfc-cb=\"\" data-complete=\"true\" data-processed=\"true\"><\/div>\n<\/div>\n<\/div>\n<div class=\"FYF80\" data-processed=\"true\"><\/div>\n<\/div>\n<div data-processed=\"true\">\n<div data-sfc-root=\"c\" data-wiz-uids=\"isXE8_30,isXE8_31,isXE8_32,isXE8_33,isXE8_34,isXE8_35,isXE8_36,isXE8_37,isXE8_38,isXE8_39,isXE8_3a,isXE8_3b,isXE8_3c,isXE8_3d,isXE8_3e,isXE8_3f,isXE8_3g,isXE8_3h,isXE8_3i\" data-sfc-cb=\"\" data-complete=\"true\" data-processed=\"true\"><\/div>\n<\/div>\n<\/div>\n<div data-zzy=\"1\" data-processed=\"true\"><\/div>\n<\/div>\n<div class=\"Fsg96\" data-sfc-cp=\"\" data-sfc-root=\"c\" data-sfc-cb=\"\" data-complete=\"true\" data-processed=\"true\"><\/div>\n<div data-subtree=\"aimba\" data-sfc-root=\"c\" data-sfc-cb=\"\" data-complete=\"true\" data-processed=\"true\">\n<div class=\"Jd31eb\" data-sfc-root=\"c\" data-sfc-cb=\"\" data-complete=\"true\" data-processed=\"true\">\n<div class=\"cycAue\" data-ved=\"2ahUKEwizm-fxq9STAxXjVqQEHVPzHZUQ3OMSegYIAQgMEAA\" data-hveid=\"CAEIDBAA\" data-processed=\"true\"><\/div>\n<\/div>\n<\/div>\n<\/div>\n<div class=\"SGF5Lb\" data-processed=\"true\">\n<div data-container-id=\"6\" data-processed=\"true\"><\/div>\n<\/div>\n<div class=\"SGF5Lb\" data-processed=\"true\">\n<div data-container-id=\"7\" data-processed=\"true\"><\/div>\n<\/div>\n<div class=\"SGF5Lb\" data-processed=\"true\">\n<div data-container-id=\"8\" data-processed=\"true\"><\/div>\n<\/div>\n<div class=\"SGF5Lb\" data-processed=\"true\">\n<div data-container-id=\"9\" data-processed=\"true\"><\/div>\n<\/div>\n<div class=\"SGF5Lb\" data-processed=\"true\">\n<div data-container-id=\"10\" data-processed=\"true\"><\/div>\n<\/div>\n<div class=\"SGF5Lb\" data-processed=\"true\">\n<div data-container-id=\"11\" data-processed=\"true\"><\/div>\n<\/div>\n<div class=\"SGF5Lb\" data-processed=\"true\">\n<div data-container-id=\"12\" data-processed=\"true\"><\/div>\n<\/div>\n<\/div>\n<div class=\"\" data-sfc-root=\"c\" data-sfc-cb=\"\" data-complete=\"true\" data-processed=\"true\"><\/div>","protected":false},"excerpt":{"rendered":"<p>Boostez vos sessions avec le\u00a0<strong class=\"Yjhzub\" data-sfc-root=\"c\" data-sfc-cb=\"\" data-complete=\"true\">T-shirt Compressport Performance SS Zephyr<\/strong>. Ce haut de running pour femme allie un style\u00a0<strong class=\"Yjhzub\" data-sfc-root=\"c\" data-sfc-cb=\"\" data-complete=\"true\">Tie Dye<\/strong> audacieux \u00e0 une technologie de thermor\u00e9gulation de pointe. Ultra-l\u00e9ger, sans couture et ultra-respirant, il est con\u00e7u pour maximiser votre confort lors de vos entra\u00eenements et comp\u00e9titions les plus intenses. Adoptez l&#8217;esprit &#8216;Eat My Dust&#8217; !<\/p>","protected":false},"featured_media":46584,"comment_status":"open","ping_status":"closed","template":"","meta":[],"product_brand":[329],"product_cat":[16,29],"product_tag":[],"class_list":{"0":"post-46580","1":"product","2":"type-product","3":"status-publish","4":"has-post-thumbnail","6":"product_brand-compressport","7":"product_cat-course","8":"product_cat-vestes-et-t-shirts","9":"zank_product_brands-compressport","10":"nt-post-class","11":"","17":"first","18":"instock","19":"taxable","20":"shipping-taxable","21":"purchasable","22":"product-type-variable"},"_links":{"self":[{"href":"https:\/\/www.infinitri.be\/es\/wp-json\/wp\/v2\/product\/46580","targetHints":{"allow":["GET"]}}],"collection":[{"href":"https:\/\/www.infinitri.be\/es\/wp-json\/wp\/v2\/product"}],"about":[{"href":"https:\/\/www.infinitri.be\/es\/wp-json\/wp\/v2\/types\/product"}],"replies":[{"embeddable":true,"href":"https:\/\/www.infinitri.be\/es\/wp-json\/wp\/v2\/comments?post=46580"}],"wp:featuredmedia":[{"embeddable":true,"href":"https:\/\/www.infinitri.be\/es\/wp-json\/wp\/v2\/media\/46584"}],"wp:attachment":[{"href":"https:\/\/www.infinitri.be\/es\/wp-json\/wp\/v2\/media?parent=46580"}],"wp:term":[{"taxonomy":"product_brand","embeddable":true,"href":"https:\/\/www.infinitri.be\/es\/wp-json\/wp\/v2\/product_brand?post=46580"},{"taxonomy":"product_cat","embeddable":true,"href":"https:\/\/www.infinitri.be\/es\/wp-json\/wp\/v2\/product_cat?post=46580"},{"taxonomy":"product_tag","embeddable":true,"href":"https:\/\/www.infinitri.be\/es\/wp-json\/wp\/v2\/product_tag?post=46580"}],"curies":[{"name":"wp","href":"https:\/\/api.w.org\/{rel}","templated":true}]}}