{"id":28261,"date":"2025-12-25T16:44:57","date_gmt":"2025-12-25T16:44:57","guid":{"rendered":"https:\/\/www.infinitri.be\/?post_type=product&#038;p=28261"},"modified":"2026-04-04T17:34:18","modified_gmt":"2026-04-04T16:34:18","slug":"fusion-c3-short-tights-femme","status":"publish","type":"product","link":"https:\/\/www.infinitri.be\/it\/prodotto\/fusion-c3-short-tights-femme\/","title":{"rendered":"Collant corti donna Fusion C3"},"content":{"rendered":"<p><!--themify_builder_static--><\/p>\n<h1 style=\"text-align: center\">Descrizione \u2699<\/h1>\n<p>La longueur des jambes est plus courte que celle de nos collants courts traditionnels et sans les marques blanches.<\/p>\n<p>Tout comme nos WOMEN&#8217;S C3 TRAINING TIGHTS, ces collants sont sp\u00e9cialement con\u00e7us pour les femmes, car ils sont dot\u00e9s d&#8217;une taille extra haute pour un ajustement sp\u00e9cifique aux femmes.<\/p>\n<p>Un design intemporel enti\u00e8rement test\u00e9 qui a subi 15 ans de d\u00e9veloppement et d&#8217;utilisation intensive est votre garantie que votre collant r\u00e9sistera \u00e0 une utilisation intensive et \u00e0 la laveuse pendant des ann\u00e9es.<\/p>\n<p>Agr\u00e9ablement confortable : Notre mat\u00e9riau sp\u00e9cial C3 permet une \u00e9vacuation rapide et efficace de l&#8217;humidit\u00e9, pour que vous n&#8217;ayez jamais froid et ne soyez pas humide pendant ou apr\u00e8s une activit\u00e9.<\/p>\n<p>Coupe optimale : Votre collant reste en place pendant votre activit\u00e9, car nous utilisons un tricotage circulaire et un pourcentage \u00e9lev\u00e9 d&#8217;\u00e9lasthanne powerfit, ce qui rend les zips g\u00eanants superflus.<\/p>\n<p>Il est dot\u00e9 de poches lat\u00e9rales fonctionnelles FUSION qui permettent de garder le contenu pr\u00e8s du corps sans perturber votre sch\u00e9ma de mouvement naturel.<\/p>\n<p><img fetchpriority=\"high\" decoding=\"async\" src=\"https:\/\/infinitri.be\/wp-content\/uploads\/2023\/02\/Womens-C3-short-training-tights_0277_Black_4f_v1-4976555_750x-545x545.webp\" width=\"545\" height=\"545\" title=\"Womens-C3-short-training-tights_0277_Black_4f_v1-4976555_750x\" alt=\"Womens-C3-short-training-tights_0277_Black_4f_v1-4976555_750x\" \/><\/p>\n<h1>Specifiche tecniche<\/h1>\n<ul>\n<li>Tissu Compressor3 \u00e0 m\u00e8che active, produit en Italie<\/li>\n<li>Poches \u00e0 gel \u00e0 l&#8217;ext\u00e9rieur des cuisses pour les gels (jusqu&#8217;\u00e0 3 par poche) \/ cl\u00e9s \/ t\u00e9l\u00e9phone<\/li>\n<li>Bande de taille profonde pour un confort maximal<\/li>\n<li>Prodotto in Europa presso la FUSION.FACTORY<\/li>\n<li>Produit certifi\u00e9 STANDARD 100 par OEKO-TEX\u00ae. Cela signifie que tous les composants, tels que les tissus, les fils, les transferts, les fermetures \u00e9clair, les \u00e9lastiques, les \u00e9tiquettes, etc., sont test\u00e9s et approuv\u00e9s selon la norme et ne contiennent donc pas de substances nocives<\/li>\n<\/ul>\n<p>    <em style=\"color:#000000\"><\/em>PROTEZIONE DAL VENTO \u2605\u2605\u2605\u2605<\/p>\n<p>    <em style=\"color:#000000\"><\/em>PROTEZIONE DALLA PIOGGIA \u2605\u2605\u2605\u2605<\/p>\n<p>    <em style=\"color:#000000\"><\/em><\/p>\n<p style=\"text-align: center\">LEGGERZZA \u2605\u2605\u2605<\/p>\n<p>    <em style=\"color:#000000\"><\/em>TAGLIO REGOLARIZZATO \u2605\u2605\u2605\u2605<\/p>\n<p>    <em style=\"color:#000000\"><\/em>NIVEAU DE COMPRESSION \u2605\u2605\u2605\u2605<\/p>\n<h1 style=\"text-align: center\">Materiale \ud83d\udc56<\/h1>\n<p>Tricot circulaire. 77% polyamide, \u00e9lasthanne 23% pour un temp\u00e9rature de 10\u00b0C \u00e0 30\u00b0C<\/p>\n<p>Le mat\u00e9riau unique et durable FUSION C3 assure une adaptation parfaite du produit gr\u00e2ce \u00e0 la construction en tricot circulaire et \u00e0 la teneur exceptionnellement \u00e9lev\u00e9e en powerfit-\u00e9lasthanne.<\/p>\n<p>La mati\u00e8re FUSION C3 assure un v\u00e9ritable transport actif de la transpiration en \u00e9vacuant la sueur de la surface de la peau et en la transportant vers la surface ext\u00e9rieure du tissu, o\u00f9 elle se dissipe sur une plus grande surface et s&#8217;\u00e9vapore rapidement.<\/p>\n<p>Votre peau reste confortable &#8211; et vous sentez que vous transpirez moins. Tout cela gr\u00e2ce \u00e0 un effet de m\u00e8che capillaire m\u00e9canique qui reste le m\u00eame pendant toute la dur\u00e9e de vie du produit.<\/p>\n<p>Nous ne craignons pas de fournir des efforts suppl\u00e9mentaires dans le processus de d\u00e9veloppement des tissus.<\/p>\n<p><img decoding=\"async\" src=\"https:\/\/infinitri.be\/wp-content\/uploads\/2023\/02\/Womens-C3-short-training-tights_0277_Black_5b_v1-4976557_750x-545x545.webp\" width=\"545\" height=\"545\" title=\"Womens-C3-short-training-tights_0277_Black_5b_v1-4976557_750x\" alt=\"Womens-C3-short-training-tights_0277_Black_5b_v1-4976557_750x\" \/><br \/>\n<img decoding=\"async\" src=\"https:\/\/infinitri.be\/wp-content\/uploads\/2023\/02\/Womens-C3-short-training-tights_0277_Black_7b_v2-4976560_750x-545x545.webp\" width=\"545\" height=\"545\" title=\"Womens-C3-short-training-tights_0277_Black_7b_v2-4976560_750x\" alt=\"Womens-C3-short-training-tights_0277_Black_7b_v2-4976560_750x\" \/><\/p>\n<h1 style=\"text-align: center\">Consigli per la manutenzione \ud83d\udca1<\/h1>\n<p>Lavatelo prima di usarlo per la prima volta. Se aggiungete un po' di aceto al primo lavaggio, il colore rimarr\u00e0 pi\u00f9 chiaro e durer\u00e0 pi\u00f9 a lungo.<\/p>\n<p>Lavare gli indumenti sportivi a una temperatura massima di 40\u00b0C. Non utilizzare detersivi o candeggina.<\/p>\n<p>L'uso del detergente limiter\u00e0 il trasporto dell'umidit\u00e0 dal prodotto.<\/p>\n<p>Asciugare all'aria l'abbigliamento sportivo FUSION. Non asciugare in asciugatrice.<\/p>\n<p>Attenzione agli oggetti appuntiti, ai bordi e alle cinghie in velcro di zaini, cinture e simili che sfregano contro il tessuto e le cuciture dell'indumento. Questo pu\u00f2 strappare il tessuto e le cuciture dell'abbigliamento sportivo FUSION.<\/p>\n<h1 style=\"text-align: center\">Quanto sono alto?<\/h1>\n<p><img decoding=\"async\" src=\"https:\/\/infinitri.be\/wp-content\/uploads\/2023\/02\/c3_short_woman_size.png\" title=\"c3_short_woman_size\" alt=\"c3_short_woman_size\" \/><br \/>\n<img loading=\"lazy\" decoding=\"async\" src=\"https:\/\/infinitri.be\/wp-content\/uploads\/2023\/02\/0277_lifestyle_1-2566585-1024x683-545x545.webp\" width=\"545\" height=\"545\" title=\"0277_lifestyle_1-2566585\" alt=\"0277_lifestyle_1-2566585\" \/><!--\/themify_builder_static--><\/p>","protected":false},"excerpt":{"rendered":"<p>Des collants courts pour toutes vos activit\u00e9s &#8211; sp\u00e9cialement con\u00e7us pour les femmes.<\/p>\n<p>Une paire de collants polyvalents et performants pour la course, le yoga, le fitness, l&#8217;entra\u00eenement fonctionnel, une journ\u00e9e de d\u00e9tente \u00e0 la maison ou comme collant sous une robe d&#8217;\u00e9t\u00e9.<\/p>","protected":false},"featured_media":106,"comment_status":"open","ping_status":"closed","template":"","meta":[],"product_brand":[331],"product_cat":[17,16,18],"product_tag":[],"class_list":{"0":"post-28261","1":"product","2":"type-product","3":"status-publish","4":"has-post-thumbnail","6":"product_brand-fusion","7":"product_cat-bas","8":"product_cat-course","9":"product_cat-shorts-collants","10":"zank_product_brands-fusion","11":"nt-post-class","12":"","18":"first","19":"instock","20":"taxable","21":"shipping-taxable","22":"purchasable","23":"product-type-variable"},"_links":{"self":[{"href":"https:\/\/www.infinitri.be\/it\/wp-json\/wp\/v2\/product\/28261","targetHints":{"allow":["GET"]}}],"collection":[{"href":"https:\/\/www.infinitri.be\/it\/wp-json\/wp\/v2\/product"}],"about":[{"href":"https:\/\/www.infinitri.be\/it\/wp-json\/wp\/v2\/types\/product"}],"replies":[{"embeddable":true,"href":"https:\/\/www.infinitri.be\/it\/wp-json\/wp\/v2\/comments?post=28261"}],"wp:featuredmedia":[{"embeddable":true,"href":"https:\/\/www.infinitri.be\/it\/wp-json\/wp\/v2\/media\/106"}],"wp:attachment":[{"href":"https:\/\/www.infinitri.be\/it\/wp-json\/wp\/v2\/media?parent=28261"}],"wp:term":[{"taxonomy":"product_brand","embeddable":true,"href":"https:\/\/www.infinitri.be\/it\/wp-json\/wp\/v2\/product_brand?post=28261"},{"taxonomy":"product_cat","embeddable":true,"href":"https:\/\/www.infinitri.be\/it\/wp-json\/wp\/v2\/product_cat?post=28261"},{"taxonomy":"product_tag","embeddable":true,"href":"https:\/\/www.infinitri.be\/it\/wp-json\/wp\/v2\/product_tag?post=28261"}],"curies":[{"name":"wp","href":"https:\/\/api.w.org\/{rel}","templated":true}]}}