{"id":28293,"date":"2025-12-25T16:45:00","date_gmt":"2025-12-25T16:45:00","guid":{"rendered":"https:\/\/www.infinitri.be\/?post_type=product&#038;p=28293"},"modified":"2026-04-04T17:34:18","modified_gmt":"2026-04-04T16:34:18","slug":"fusion-c3-hot-long-tights-femme","status":"publish","type":"product","link":"https:\/\/www.infinitri.be\/it\/prodotto\/fusion-c3-hot-long-tights-femme\/","title":{"rendered":"Fusion C3 Hot Calzamaglia lunga da donna"},"content":{"rendered":"<p><!--themify_builder_static--><\/p>\n<h1 style=\"text-align: center\">Descrizione \u2699<\/h1>\n<p>Un design intemporel enti\u00e8rement test\u00e9 qui a subi 15 ans de d\u00e9veloppement et d&#8217;utilisation intensive est votre garantie que votre collant durera pour l&#8217;entra\u00eenement, la comp\u00e9tition et dans la machine \u00e0 laver pendant des ann\u00e9es.<\/p>\n<p>Agr\u00e9ablement confortable : Le mat\u00e9riau de ces collants permet une \u00e9vacuation rapide et efficace de l&#8217;humidit\u00e9, afin que vous n&#8217;ayez jamais froid et ne soyez pas humide pendant ou apr\u00e8s l&#8217;activit\u00e9.<\/p>\n<p>Coupe optimale : Votre collant reste en place pendant votre activit\u00e9, car nous utilisons un tricotage circulaire et un pourcentage \u00e9lev\u00e9 d&#8217;\u00e9lasthanne powerfit, ce qui rend les fermetures \u00e9clair g\u00eanantes superflues.<\/p>\n<p>Il est dot\u00e9 d&#8217;une large bande \u00e9lastique au niveau des hanches avec un cordon r\u00e9glable et de poches FUSION fonctionnelles pour garder le contenu pr\u00e8s du corps sans perturber votre sch\u00e9ma de mouvement naturel. Des r\u00e9flexes 3M discrets mais efficaces sur le bas des jambes assurent une visibilit\u00e9 \u00e0 360 degr\u00e9s dans l&#8217;obscurit\u00e9.<\/p>\n<p><img fetchpriority=\"high\" decoding=\"async\" title=\"0025_lifestyle_1_v2-3203288\" src=\"https:\/\/infinitri.be\/wp-content\/uploads\/2023\/02\/0025_lifestyle_1_v2-3203288-1024x683-545x545.webp\" alt=\"0025_lifestyle_1_v2-3203288\" width=\"545\" height=\"545\" \/><\/p>\n<h1>Specifiche tecniche<\/h1>\n<ul>\n<li>Tissu unique \u00e0 effet m\u00e8che actif, fabriqu\u00e9 en Europe.<\/li>\n<li>Doublure \u00e9lastique en polaire assurant une libert\u00e9 de mouvement naturelle et de la chaleur<\/li>\n<li>Poche enveloppe arri\u00e8re discr\u00e8te pour les cl\u00e9s ou une alimentation suppl\u00e9mentaire<\/li>\n<li>Bordure de jambe en mati\u00e8re libre pour \u00e9viter les marques de compression et am\u00e9liorer le confort<\/li>\n<li>Bandes r\u00e9fl\u00e9chissantes au bas des jambes (avant et arri\u00e8re) pour une meilleure visibilit\u00e9.<\/li>\n<li>Bande \u00e9lastique avec cordon de serrage permettant un ajustement individuel.<\/li>\n<li>Fabriqu\u00e9 en Europe \u00e0 l&#8217;usine FUSION.<\/li>\n<li>Prodotto certificato STANDARD 100 da OEKO-TEX\u00ae. Ci\u00f2 significa che tutti i componenti, come tessuti, fili, transfer, cerniere, elastici, etichette, ecc. sono testati e approvati in conformit\u00e0 allo standard e non contengono quindi sostanze nocive.<\/li>\n<\/ul>\n<p>PROTEZIONE DAL VENTO \u2605\u2605\u2605\u2605<\/p>\n<p>PROTEZIONE DALLA PIOGGIA \u2605\u2605\u2605\u2605<\/p>\n<p>&nbsp;<\/p>\n<p style=\"text-align: center\">LEGGERZZA \u2605\u2605\u2605<\/p>\n<p>TAGLIO REGOLARIZZATO \u2605\u2605\u2605\u2605<\/p>\n<p>LIVELLO DI COMPRESSIONE \u2605\u2605\u2605<\/p>\n<h1 style=\"text-align: center\">Materiale \ud83d\udc56<\/h1>\n<p>Tissage en point de cha\u00eenette. 82% polyamide, 18% \u00e9lasthanne.<\/p>\n<p>Utilisation de -5\u00b0C \u00e0 10\u00b0C<\/p>\n<p><img decoding=\"async\" title=\"0293_lifestyle_1-4900520\" src=\"https:\/\/infinitri.be\/wp-content\/uploads\/2023\/02\/0293_lifestyle_1-4900520-1024x683-545x545.webp\" alt=\"0293_lifestyle_1-4900520\" width=\"545\" height=\"545\" \/><br \/>\n<img decoding=\"async\" title=\"0025_lifestyle_2-3203289\" src=\"https:\/\/infinitri.be\/wp-content\/uploads\/2023\/02\/0025_lifestyle_2-3203289-1024x683-545x545.webp\" alt=\"0025_lifestyle_2-3203289\" width=\"545\" height=\"545\" \/><\/p>\n<h1 style=\"text-align: center\">Consigli per la manutenzione \ud83d\udca1<\/h1>\n<p>Lavatelo prima di usarlo per la prima volta. Se aggiungete un po' di aceto al primo lavaggio, il colore rimarr\u00e0 pi\u00f9 chiaro e durer\u00e0 pi\u00f9 a lungo.<\/p>\n<p>Lavare gli indumenti sportivi a una temperatura massima di 40\u00b0C. Non utilizzare detersivi o candeggina.<\/p>\n<p>L'uso del detergente limiter\u00e0 il trasporto dell'umidit\u00e0 dal prodotto.<\/p>\n<p>Asciugare all'aria l'abbigliamento sportivo FUSION. Non asciugare in asciugatrice.<\/p>\n<p>Attenzione agli oggetti appuntiti, ai bordi e alle cinghie in velcro di zaini, cinture e simili che sfregano contro il tessuto e le cuciture dell'indumento. Questo pu\u00f2 strappare il tessuto e le cuciture dell'abbigliamento sportivo FUSION.<\/p>\n<h1 style=\"text-align: center\">Quanto sono alto?<\/h1>\n<p><img decoding=\"async\" title=\"c3-hotlong-tights-femme-size\" src=\"https:\/\/infinitri.be\/wp-content\/uploads\/2023\/02\/c3-hotlong-tights-femme-size.png\" alt=\"c3-hotlong-tights-femme-size\" \/><br \/>\n<img loading=\"lazy\" decoding=\"async\" title=\"fusione-logo-espanso\" src=\"https:\/\/infinitri.be\/wp-content\/uploads\/2023\/01\/fusion-logo-expanded.svg\" alt=\"fusion-logo-expanded\" width=\"545\" height=\"545\" \/><!--\/themify_builder_static--><\/p>","protected":false},"excerpt":{"rendered":"<p>Une version plus chaude de notre collant d&#8217;entra\u00eenement polyvalent C3 pour femmes. Un bon choix pour les activit\u00e9s de plein air par temps froid, notamment pendant la saison hivernale, car l&#8217;ext\u00e9rieur de ce collant est super finement tricot\u00e9 pour emp\u00eacher le froid et le vent de p\u00e9n\u00e9trer et poss\u00e8de un arri\u00e8re doux et thermor\u00e9gulateur qui retient la chaleur naturelle du corps. Il est aussi fr\u00e9quemment utilis\u00e9 pour se d\u00e9tendre \u00e0 l&#8217;int\u00e9rieur.<\/p>\n<p>Sp\u00e9cialement adapt\u00e9 aux femmes, car il est con\u00e7u avec une taille extra haute pour un ajustement sp\u00e9cifique aux femmes.<\/p>","protected":false},"featured_media":154,"comment_status":"open","ping_status":"closed","template":"","meta":[],"product_brand":[331],"product_cat":[17,16,18],"product_tag":[],"class_list":{"0":"post-28293","1":"product","2":"type-product","3":"status-publish","4":"has-post-thumbnail","6":"product_brand-fusion","7":"product_cat-bas","8":"product_cat-course","9":"product_cat-shorts-collants","10":"zank_product_brands-fusion","11":"nt-post-class","12":"","18":"first","19":"instock","20":"taxable","21":"shipping-taxable","22":"purchasable","23":"product-type-variable"},"_links":{"self":[{"href":"https:\/\/www.infinitri.be\/it\/wp-json\/wp\/v2\/product\/28293","targetHints":{"allow":["GET"]}}],"collection":[{"href":"https:\/\/www.infinitri.be\/it\/wp-json\/wp\/v2\/product"}],"about":[{"href":"https:\/\/www.infinitri.be\/it\/wp-json\/wp\/v2\/types\/product"}],"replies":[{"embeddable":true,"href":"https:\/\/www.infinitri.be\/it\/wp-json\/wp\/v2\/comments?post=28293"}],"wp:featuredmedia":[{"embeddable":true,"href":"https:\/\/www.infinitri.be\/it\/wp-json\/wp\/v2\/media\/154"}],"wp:attachment":[{"href":"https:\/\/www.infinitri.be\/it\/wp-json\/wp\/v2\/media?parent=28293"}],"wp:term":[{"taxonomy":"product_brand","embeddable":true,"href":"https:\/\/www.infinitri.be\/it\/wp-json\/wp\/v2\/product_brand?post=28293"},{"taxonomy":"product_cat","embeddable":true,"href":"https:\/\/www.infinitri.be\/it\/wp-json\/wp\/v2\/product_cat?post=28293"},{"taxonomy":"product_tag","embeddable":true,"href":"https:\/\/www.infinitri.be\/it\/wp-json\/wp\/v2\/product_tag?post=28293"}],"curies":[{"name":"wp","href":"https:\/\/api.w.org\/{rel}","templated":true}]}}