{"id":28317,"date":"2025-12-25T16:45:01","date_gmt":"2025-12-25T16:45:01","guid":{"rendered":"https:\/\/www.infinitri.be\/?post_type=product&#038;p=28317"},"modified":"2026-04-04T17:34:10","modified_gmt":"2026-04-04T16:34:10","slug":"fusion-c3-midlayer-homme","status":"publish","type":"product","link":"https:\/\/www.infinitri.be\/it\/prodotto\/fusion-c3-midlayer-homme\/","title":{"rendered":"Fusion C3 Midlayer Uomo"},"content":{"rendered":"<p><!--themify_builder_static--><\/p>\n<h1 style=\"text-align: center\">Descrizione \u2699<\/h1>\n<p>Le Men&#8217;s C3 Midlayer est fabriqu\u00e9 avec notre tissu technique C3 qui \u00e9vacue activement la transpiration, de sorte que la sueur est efficacement transport\u00e9e vers l&#8217;ext\u00e9rieur du tissu, o\u00f9 elle dispara\u00eet rapidement. Par cons\u00e9quent, vous n&#8217;aurez jamais froid ni ne serez humide, que ce soit pendant ou apr\u00e8s l&#8217;activit\u00e9.<\/p>\n<p>Le C3 Midlayer pour homme est tricot\u00e9 de mani\u00e8re circulaire avec de l&#8217;\u00e9lasthanne powerfit, de sorte que votre maillot offre un ajustement optimal et confortable.<\/p>\n<p style=\"text-align: left\">Un assortiment parfait pour vos collants C3 et votre gilet S1 ou votre veste S1. La coupe est serr\u00e9e<\/p>\n<p><img fetchpriority=\"high\" decoding=\"async\" src=\"https:\/\/infinitri.be\/wp-content\/uploads\/2023\/02\/Mens-c3-sweatshirt_0113_Grey_9b_v2-5027928_750x-545x545.webp\" width=\"545\" height=\"545\" title=\"Mens-c3-sweatshirt_0113_Grey_9b_v2-5027928_750x\" alt=\"Mens-c3-sweatshirt_0113_Grey_9b_v2-5027928_750x\" \/><\/p>\n<h1>Specifiche tecniche<\/h1>\n<ul>\n<li>Eccellenti propriet\u00e0 traspiranti. L'umidit\u00e0 viene trasportata dalla pelle all'esterno, dove si disperde su un'area pi\u00f9 ampia ed evapora rapidamente.<\/li>\n<li>Morbide cuciture flatlock<\/li>\n<li>Bandes r\u00e9fl\u00e9chissantes dans le dos pour une meilleure visibilit\u00e9.<\/li>\n<li>Fabriqu\u00e9 en Europe \u00e0 l&#8217;usine FUSION.<\/li>\n<li>Prodotto certificato STANDARD 100 da OEKO-TEX\u00ae. Ci\u00f2 significa che tutti i componenti, come tessuti, fili, transfer, cerniere, elastici, etichette, ecc. sono testati e approvati in conformit\u00e0 allo standard e non contengono quindi sostanze nocive.<\/li>\n<\/ul>\n<p>    <em style=\"color:#000000\"><\/em>PROTECTION CONTRE LE VENT \u2605\u2605<\/p>\n<p>    <em style=\"color:#000000\"><\/em>PROTECTION CONTRE LA PLUIE \u2605\u2605<\/p>\n<p>    <em style=\"color:#000000\"><\/em><\/p>\n<p style=\"text-align: center\">LEGGERZZA \u2605\u2605\u2605<\/p>\n<p>    <em style=\"color:#000000\"><\/em>TAGLIO REGOLARIZZATO \u2605\u2605\u2605\u2605<\/p>\n<p>    <em style=\"color:#000000\"><\/em>LIVELLO DI COMPRESSIONE \u2605\u2605\u2605<\/p>\n<h1 style=\"text-align: center\">Materiale \ud83d\udc56<\/h1>\n<p style=\"text-align: left\">Tricot circulaire. 80% polyamide, 20% \u00e9lasthanne<\/p>\n<p style=\"text-align: left\">Utilisation de 0\u00b0C \u00e0 10\u00b0C<\/p>\n<p><img decoding=\"async\" src=\"https:\/\/infinitri.be\/wp-content\/uploads\/2023\/02\/Mens-c3-sweatshirt_0113_Grey_4f_V2-4925557_750x-545x545.webp\" width=\"545\" height=\"545\" title=\"Mens-c3-sweatshirt_0113_Grey_4f_V2-4925557_750x\" alt=\"Mens-c3-sweatshirt_0113_Grey_4f_V2-4925557_750x\" \/><br \/>\n<img decoding=\"async\" src=\"https:\/\/infinitri.be\/wp-content\/uploads\/2023\/02\/Mens-c3-sweatshirt_0113_Grey_4f_V2-4925557_750x-545x545.webp\" width=\"545\" height=\"545\" title=\"Mens-c3-sweatshirt_0113_Grey_4f_V2-4925557_750x\" alt=\"Mens-c3-sweatshirt_0113_Grey_4f_V2-4925557_750x\" \/><\/p>\n<h1 style=\"text-align: center\">Consigli per la manutenzione \ud83d\udca1<\/h1>\n<p>Lavatelo prima di usarlo per la prima volta. Se aggiungete un po' di aceto al primo lavaggio, il colore rimarr\u00e0 pi\u00f9 chiaro e durer\u00e0 pi\u00f9 a lungo.<\/p>\n<p>Lavare gli indumenti sportivi a una temperatura massima di 40\u00b0C. Non utilizzare detersivi o candeggina.<\/p>\n<p>L'uso del detergente limiter\u00e0 il trasporto dell'umidit\u00e0 dal prodotto.<\/p>\n<p>Asciugare all'aria l'abbigliamento sportivo FUSION. Non asciugare in asciugatrice.<\/p>\n<p>Attenzione agli oggetti appuntiti, ai bordi e alle cinghie in velcro di zaini, cinture e simili che sfregano contro il tessuto e le cuciture dell'indumento. Questo pu\u00f2 strappare il tessuto e le cuciture dell'abbigliamento sportivo FUSION.<\/p>\n<h1 style=\"text-align: center\">Quanto sono alto?<\/h1>\n<p><img decoding=\"async\" src=\"https:\/\/infinitri.be\/wp-content\/uploads\/2023\/02\/C3-midlayer-homme-size.png\" title=\"C3-midlayer-homme-size\" alt=\"C3-midlayer-homme-size\" \/><br \/>\n<img decoding=\"async\" src=\"https:\/\/infinitri.be\/wp-content\/uploads\/2023\/01\/fusion-logo-expanded.svg\" width=\"545\" height=\"545\" title=\"fusione-logo-espanso\" alt=\"fusion-logo-expanded\"><!--\/themify_builder_static--><\/p>","protected":false},"excerpt":{"rendered":"<p>Un layer d&#8217;entra\u00eenement \u00e0 manches longues polyvalent, ultra-confortable et dot\u00e9 de nombreuses caract\u00e9ristiques. Un midlayer d&#8217;entra\u00eenement \u00e0 manches longues polyvalent pour la plupart des entra\u00eenements. Convient \u00e0 la fois comme premi\u00e8re et deuxi\u00e8me couche.<\/p>","protected":false},"featured_media":205,"comment_status":"open","ping_status":"closed","template":"","meta":[],"product_brand":[331],"product_cat":[16,29],"product_tag":[],"class_list":{"0":"post-28317","1":"product","2":"type-product","3":"status-publish","4":"has-post-thumbnail","6":"product_brand-fusion","7":"product_cat-course","8":"product_cat-vestes-et-t-shirts","9":"zank_product_brands-fusion","10":"nt-post-class","11":"","17":"first","18":"instock","19":"taxable","20":"shipping-taxable","21":"purchasable","22":"product-type-variable"},"_links":{"self":[{"href":"https:\/\/www.infinitri.be\/it\/wp-json\/wp\/v2\/product\/28317","targetHints":{"allow":["GET"]}}],"collection":[{"href":"https:\/\/www.infinitri.be\/it\/wp-json\/wp\/v2\/product"}],"about":[{"href":"https:\/\/www.infinitri.be\/it\/wp-json\/wp\/v2\/types\/product"}],"replies":[{"embeddable":true,"href":"https:\/\/www.infinitri.be\/it\/wp-json\/wp\/v2\/comments?post=28317"}],"wp:featuredmedia":[{"embeddable":true,"href":"https:\/\/www.infinitri.be\/it\/wp-json\/wp\/v2\/media\/205"}],"wp:attachment":[{"href":"https:\/\/www.infinitri.be\/it\/wp-json\/wp\/v2\/media?parent=28317"}],"wp:term":[{"taxonomy":"product_brand","embeddable":true,"href":"https:\/\/www.infinitri.be\/it\/wp-json\/wp\/v2\/product_brand?post=28317"},{"taxonomy":"product_cat","embeddable":true,"href":"https:\/\/www.infinitri.be\/it\/wp-json\/wp\/v2\/product_cat?post=28317"},{"taxonomy":"product_tag","embeddable":true,"href":"https:\/\/www.infinitri.be\/it\/wp-json\/wp\/v2\/product_tag?post=28317"}],"curies":[{"name":"wp","href":"https:\/\/api.w.org\/{rel}","templated":true}]}}