{"id":28329,"date":"2025-12-25T16:45:04","date_gmt":"2025-12-25T16:45:04","guid":{"rendered":"https:\/\/www.infinitri.be\/?post_type=product&#038;p=28329"},"modified":"2026-04-04T17:34:10","modified_gmt":"2026-04-04T16:34:10","slug":"fusion-s2-run-jacket-homme","status":"publish","type":"product","link":"https:\/\/www.infinitri.be\/it\/prodotto\/fusion-s2-run-jacket-homme\/","title":{"rendered":"Giacca Fusion S2 Run da uomo"},"content":{"rendered":"<p><!--themify_builder_static--><\/p>\n<h1 style=\"text-align: center\">Descrizione \u2699<\/h1>\n<p style=\"text-align: left\">La veste MEN&#8217;S S2 RUN JACKET est dot\u00e9e d&#8217;un lamin\u00e9 respirant 3 couches, protecteur et super \u00e9lastique, sur le devant, les manches et les \u00e9paules, et notre tissu sp\u00e9cial C3 sur le col et le dos assure une \u00e9vacuation rapide et efficace de la transpiration pour vous aider \u00e0 rester au sec et \u00e0 l&#8217;aise, afin que vous n&#8217;ayez jamais froid et ne soyez jamais humide pendant ou apr\u00e8s l&#8217;activit\u00e9.<\/p>\n<p style=\"text-align: left\">Cette veste bien ajust\u00e9e comporte une poche avant \u00e0 fermeture \u00e9clair avec un dos \u00e9lastique qui s&#8217;adapte au contenu de votre poche &#8211; comme le t\u00e9l\u00e9phone et les cartes de cr\u00e9dit &#8211; ainsi qu&#8217;une poche arri\u00e8re ouverte pour les gants, le bonnet ou le bandeau.<\/p>\n<p style=\"text-align: left\">Des reflets 3M discrets mais efficaces sur le dos et les \u00e9paules assurent une visibilit\u00e9 au degr\u00e9 pr\u00e8s dans l&#8217;obscurit\u00e9.<\/p>\n<p style=\"text-align: left\">Recommand\u00e9 pour la course \u00e0 pied. Parfait \u00e9galement avant et apr\u00e8s l&#8217;entra\u00eenement. Forme : Coupe ajust\u00e9e.<\/p>\n<p><img fetchpriority=\"high\" decoding=\"async\" src=\"https:\/\/infinitri.be\/wp-content\/uploads\/2023\/02\/Mens-S2-Run-jacket_0221_Orange_5f_V1-4717000_750x-545x545.webp\" width=\"545\" height=\"545\" title=\"Mens-S2-Run-jacket_0221_Orange_5f_V1-4717000_750x\" alt=\"Mens-S2-Run-jacket_0221_Orange_5f_V1-4717000_750x\" \/><\/p>\n<h1>Specifiche tecniche<\/h1>\n<ul>\n<li>Tissu coupe-vent et d\u00e9perlant, fabriqu\u00e9 au Royaume-Uni.<\/li>\n<li>\u00c0 utiliser avec n&#8217;importe quel produit Fusion \u00e0 manches longues pour une protection suppl\u00e9mentaire par mauvais temps.<\/li>\n<li>D\u00e9tails r\u00e9fl\u00e9chissants sur le devant et l&#8217;arri\u00e8re des \u00e9paules et le bas du dos<\/li>\n<li>Poche sur la poitrine pour le t\u00e9l\u00e9phone et les cl\u00e9s<\/li>\n<li>Doublure de col douce et respirante pour plus de confort.<\/li>\n<li>Fabriqu\u00e9 en Europe \u00e0 l&#8217;usine FUSION.<\/li>\n<li>Produit certifi\u00e9 STANDARD 100 par OEKO-TEX\u00ae. Cela signifie que tous les composants, tels que les tissus, les fils, les transferts, les fermetures \u00e0 glissi\u00e8re, les \u00e9lastiques, les \u00e9tiquettes, etc., sont test\u00e9s et approuv\u00e9s conform\u00e9ment \u00e0 la norme et ne contiennent donc pas de substances nocives.<\/li>\n<\/ul>\n<p>    <em style=\"color:#000000\"><\/em>PROTEZIONE DAL VENTO \u2605\u2605\u2605\u2605<\/p>\n<p>    <em style=\"color:#000000\"><\/em>PROTEZIONE DALLA PIOGGIA \u2605\u2605\u2605\u2605<\/p>\n<p>    <em style=\"color:#000000\"><\/em><\/p>\n<p style=\"text-align: center\">LUMINOSIT\u00c0 \u2605\u2605\u2605\u2605<\/p>\n<p>    <em style=\"color:#000000\"><\/em>SLIM FIT \u2605\u2605\u2605\u2605<\/p>\n<p>    <em style=\"color:#000000\"><\/em>LIVELLO DI COMPRESSIONE \u2605<\/p>\n<h1 style=\"text-align: center\">Materiale \ud83d\udc56<\/h1>\n<p style=\"text-align: left\">Devant : 81% polyester, 19% \u00e9lasthanne. Membrane : 100% polyester<\/p>\n<p style=\"text-align: left\">Dos : 77 % polyamide, 23 % \u00e9lasthanne.<\/p>\n<p style=\"text-align: left\">Utilisation de-5\u00b0C \u00e0 5\u00b0C<\/p>\n<p><img decoding=\"async\" src=\"https:\/\/infinitri.be\/wp-content\/uploads\/2023\/02\/Mens-S2-Run-jacket_0221_black_7front_low-3271691_900x-768x1024-545x545.webp\" width=\"545\" height=\"545\" title=\"Mens-S2-Run-jacket_0221_black_7front_low-3271691_900x\" alt=\"Mens-S2-Run-jacket_0221_black_7front_low-3271691_900x\" \/><br \/>\n<img decoding=\"async\" src=\"https:\/\/infinitri.be\/wp-content\/uploads\/2023\/02\/Mens-S2-Run-jacket_0221_Orange_4front_v2_low-3272194_750x-545x545.webp\" width=\"545\" height=\"545\" title=\"Mens-S2-Run-jacket_0221_Orange_4front_v2_low-3272194_750x\" alt=\"Mens-S2-Run-jacket_0221_Orange_4front_v2_low-3272194_750x\" \/><\/p>\n<h1 style=\"text-align: center\">Consigli per la manutenzione \ud83d\udca1<\/h1>\n<p>Lavatelo prima di usarlo per la prima volta. Se aggiungete un po' di aceto al primo lavaggio, il colore rimarr\u00e0 pi\u00f9 chiaro e durer\u00e0 pi\u00f9 a lungo.<\/p>\n<p>Lavare gli indumenti sportivi a una temperatura massima di 40\u00b0C. Non utilizzare detersivi o candeggina.<\/p>\n<p>L'uso del detergente limiter\u00e0 il trasporto dell'umidit\u00e0 dal prodotto.<\/p>\n<p>Asciugare all'aria l'abbigliamento sportivo FUSION. Non asciugare in asciugatrice.<\/p>\n<p>Attenzione agli oggetti appuntiti, ai bordi e alle cinghie in velcro di zaini, cinture e simili che sfregano contro il tessuto e le cuciture dell'indumento. Questo pu\u00f2 strappare il tessuto e le cuciture dell'abbigliamento sportivo FUSION.<\/p>\n<h1 style=\"text-align: center\">Quanto sono alto?<\/h1>\n<p><img decoding=\"async\" src=\"https:\/\/infinitri.be\/wp-content\/uploads\/2023\/02\/s2-run-jacket-homme-size.png\" title=\"s2-run-jacket-homme-size\" alt=\"s2-run-jacket-homme-size\" \/><br \/>\n<img loading=\"lazy\" decoding=\"async\" src=\"https:\/\/infinitri.be\/wp-content\/uploads\/2023\/01\/fusion-logo-expanded.svg\" width=\"545\" height=\"545\" title=\"fusione-logo-espanso\" alt=\"fusion-logo-expanded\"><!--\/themify_builder_static--><\/p>","protected":false},"excerpt":{"rendered":"<p>La veste de course ultime pour les mois froids.<br \/>\nLa veste de course ultime qui prot\u00e8ge du vent et des pr\u00e9cipitations pendant les mois froids.<\/p>","protected":false},"featured_media":215,"comment_status":"open","ping_status":"closed","template":"","meta":[],"product_brand":[331],"product_cat":[16,29],"product_tag":[],"class_list":{"0":"post-28329","1":"product","2":"type-product","3":"status-publish","4":"has-post-thumbnail","6":"product_brand-fusion","7":"product_cat-course","8":"product_cat-vestes-et-t-shirts","9":"zank_product_brands-fusion","10":"nt-post-class","11":"","17":"first","18":"instock","19":"taxable","20":"shipping-taxable","21":"purchasable","22":"product-type-variable"},"_links":{"self":[{"href":"https:\/\/www.infinitri.be\/it\/wp-json\/wp\/v2\/product\/28329","targetHints":{"allow":["GET"]}}],"collection":[{"href":"https:\/\/www.infinitri.be\/it\/wp-json\/wp\/v2\/product"}],"about":[{"href":"https:\/\/www.infinitri.be\/it\/wp-json\/wp\/v2\/types\/product"}],"replies":[{"embeddable":true,"href":"https:\/\/www.infinitri.be\/it\/wp-json\/wp\/v2\/comments?post=28329"}],"wp:featuredmedia":[{"embeddable":true,"href":"https:\/\/www.infinitri.be\/it\/wp-json\/wp\/v2\/media\/215"}],"wp:attachment":[{"href":"https:\/\/www.infinitri.be\/it\/wp-json\/wp\/v2\/media?parent=28329"}],"wp:term":[{"taxonomy":"product_brand","embeddable":true,"href":"https:\/\/www.infinitri.be\/it\/wp-json\/wp\/v2\/product_brand?post=28329"},{"taxonomy":"product_cat","embeddable":true,"href":"https:\/\/www.infinitri.be\/it\/wp-json\/wp\/v2\/product_cat?post=28329"},{"taxonomy":"product_tag","embeddable":true,"href":"https:\/\/www.infinitri.be\/it\/wp-json\/wp\/v2\/product_tag?post=28329"}],"curies":[{"name":"wp","href":"https:\/\/api.w.org\/{rel}","templated":true}]}}