{"id":28362,"date":"2025-12-25T16:45:07","date_gmt":"2025-12-25T16:45:07","guid":{"rendered":"https:\/\/www.infinitri.be\/?post_type=product&#038;p=28362"},"modified":"2026-04-04T17:34:10","modified_gmt":"2026-04-04T16:34:10","slug":"fusion-recharge-hoodie-homme","status":"publish","type":"product","link":"https:\/\/www.infinitri.be\/it\/prodotto\/fusion-recharge-hoodie-homme\/","title":{"rendered":"Felpa con cappuccio Fusion Recharge Uomo"},"content":{"rendered":"<p><!--themify_builder_static--><\/p>\n<h1 style=\"text-align: center\">Descrizione \u2699<\/h1>\n<p style=\"text-align: left\">La vestibilit\u00e0 regolare offre una felpa con zip ampia ma aderente, adatta ai viaggi, al pre e post-gara e agli allenamenti leggeri.<\/p>\n<p style=\"text-align: left\">Grazie al suo rivestimento in pile spazzolato, la felpa con cappuccio Recharge offre prestazioni uniche ad alto isolamento, nonostante il peso ridotto, e si adatta termicamente alle esigenze del corpo. Elimina attivamente il sudore, \u00e8 antibatterica e traspirante e offre protezione dai raggi UV (UPF 50+).<\/p>\n<p style=\"text-align: left\">Il cappuccio \u00e8 progettato per seguire i movimenti naturali.<\/p>\n<p style=\"text-align: left\">Sono presenti due tasche frontali\/laterali con cerniera e un discreto logo 3M reflex sulla clavicola e sulla parte bassa della schiena.<\/p>\n<p style=\"text-align: left\">La felpa con cappuccio Recharge di FUSION \u00e8 il compagno naturale dei pantaloni Recharge, ma naturalmente si abbina anche ai vostri jeans preferiti.<\/p>\n<p style=\"text-align: left\">In breve, \u00e8 il vostro partner ideale quando avete bisogno di ricaricare le batterie.<\/p>\n<p style=\"text-align: left\">Consigliato per : Corsa leggera, Palestra, Viaggio, Recupero, Prima e dopo la corsa. Forma : Regolare.<\/p>\n<p><img fetchpriority=\"high\" decoding=\"async\" src=\"https:\/\/infinitri.be\/wp-content\/uploads\/2023\/02\/Mens-Recharge-Hoodie_0299_Green_4front_v3_low-3583589_750x-545x545.webp\" width=\"545\" height=\"545\" title=\"Mens-Recharge-Hoodie_0299_Green_4front_v3_low-3583589_750x\" alt=\"Mens-Recharge-Hoodie_0299_Green_4front_v3_low-3583589_750x\" \/><\/p>\n<h1>Specifiche tecniche<\/h1>\n<ul>\n<li>Tessuto attivo che assorbe il sudore<\/li>\n<li>Tasche con zip<\/li>\n<li>Tessuto prodotto in Italia<\/li>\n<li>Prodotto in Europa presso la FUSION.FACTORY<\/li>\n<li>Prodotto certificato STANDARD 100 da OEKO-TEX\u00ae. Ci\u00f2 significa che tutti i componenti, come i tessuti, i filati, i trasferimenti, le cerniere, gli elastici, le etichette, ecc. sono testati e approvati in conformit\u00e0 allo standard e non contengono quindi sostanze nocive.<\/li>\n<\/ul>\n<p>    <em style=\"color:#000000\"><\/em>PROTEZIONE DAL VENTO \u2605\u2605\u2605\u2605<\/p>\n<p>    <em style=\"color:#000000\"><\/em>PROTEZIONE DALLA PIOGGIA \u2605\u2605\u2605\u2605<\/p>\n<p>    <em style=\"color:#000000\"><\/em><\/p>\n<p style=\"text-align: center\">LUMINOSIT\u00c0 \u2605\u2605\u2605\u2605<\/p>\n<p>    <em style=\"color:#000000\"><\/em>SLIM FIT \u2605\u2605\u2605\u2605<\/p>\n<p>    <em style=\"color:#000000\"><\/em>LIVELLO DI COMPRESSIONE \u2605<\/p>\n<h1 style=\"text-align: center\">Materiale \ud83d\udc56<\/h1>\n<p>Maglia circolare. Poliammide 57%, poliestere 28%, elastan 15%.<\/p>\n<p style=\"text-align: left\">Utilizzo da 5\u00b0C a 15\u00b0C<\/p>\n<p><img decoding=\"async\" src=\"https:\/\/infinitri.be\/wp-content\/uploads\/2023\/02\/Mens-Recharge-Hoodie_0299_Night-Blue_5back_v2_low-3587498_750x-545x545.webp\" width=\"545\" height=\"545\" title=\"Mens-Recharge-Hoodie_0299_Night-Blue_5back_v2_low-3587498_750x\" alt=\"Mens-Recharge-Hoodie_0299_Night-Blue_5back_v2_low-3587498_750x\" \/><br \/>\n<img decoding=\"async\" src=\"https:\/\/infinitri.be\/wp-content\/uploads\/2023\/02\/Mens-Recharge-Hoodie_0299_Black_5front_V2_low-3587496_750x-545x545.webp\" width=\"545\" height=\"545\" title=\"Mens-Recharge-Hoodie_0299_Black_5front_V2_low-3587496_750x\" alt=\"Mens-Recharge-Hoodie_0299_Black_5front_V2_low-3587496_750x\" \/><\/p>\n<h1 style=\"text-align: center\">Consigli per la manutenzione \ud83d\udca1<\/h1>\n<p>Lavatelo prima di usarlo per la prima volta. Se aggiungete un po' di aceto al primo lavaggio, il colore rimarr\u00e0 pi\u00f9 chiaro e durer\u00e0 pi\u00f9 a lungo.<\/p>\n<p>Lavare gli indumenti sportivi a una temperatura massima di 40\u00b0C. Non utilizzare detersivi o candeggina.<\/p>\n<p>L'uso del detergente limiter\u00e0 il trasporto dell'umidit\u00e0 dal prodotto.<\/p>\n<p>Asciugare all'aria l'abbigliamento sportivo FUSION. Non asciugare in asciugatrice.<\/p>\n<p>Attenzione agli oggetti appuntiti, ai bordi e alle cinghie in velcro di zaini, cinture e simili che sfregano contro il tessuto e le cuciture dell'indumento. Questo pu\u00f2 strappare il tessuto e le cuciture dell'abbigliamento sportivo FUSION.<\/p>\n<h1 style=\"text-align: center\">Quanto sono alto?<\/h1>\n<p><img decoding=\"async\" src=\"https:\/\/infinitri.be\/wp-content\/uploads\/2023\/02\/mens-recharge-hoodie-size.png\" title=\"uomo-ricarica-cappuccio-taglia\" alt=\"mens-recharge-hoodie-size\" \/><br \/>\n<img loading=\"lazy\" decoding=\"async\" src=\"https:\/\/infinitri.be\/wp-content\/uploads\/2023\/01\/fusion-logo-expanded.svg\" width=\"545\" height=\"545\" title=\"fusione-logo-espanso\" alt=\"fusion-logo-expanded\"><!--\/themify_builder_static--><\/p>","protected":false},"excerpt":{"rendered":"<p>Giacca antivento e idrorepellente per una maggiore protezione durante le gare in caso di maltempo. Giacca da corsa classica con efficaci pannelli di ventilazione.<\/p>","protected":false},"featured_media":274,"comment_status":"open","ping_status":"closed","template":"","meta":[],"product_brand":[331],"product_cat":[16,28],"product_tag":[],"class_list":{"0":"post-28362","1":"product","2":"type-product","3":"status-publish","4":"has-post-thumbnail","6":"product_brand-fusion","7":"product_cat-course","8":"product_cat-tops-pulls","9":"zank_product_brands-fusion","10":"nt-post-class","11":"","17":"first","18":"instock","19":"taxable","20":"shipping-taxable","21":"purchasable","22":"product-type-variable"},"_links":{"self":[{"href":"https:\/\/www.infinitri.be\/it\/wp-json\/wp\/v2\/product\/28362","targetHints":{"allow":["GET"]}}],"collection":[{"href":"https:\/\/www.infinitri.be\/it\/wp-json\/wp\/v2\/product"}],"about":[{"href":"https:\/\/www.infinitri.be\/it\/wp-json\/wp\/v2\/types\/product"}],"replies":[{"embeddable":true,"href":"https:\/\/www.infinitri.be\/it\/wp-json\/wp\/v2\/comments?post=28362"}],"wp:featuredmedia":[{"embeddable":true,"href":"https:\/\/www.infinitri.be\/it\/wp-json\/wp\/v2\/media\/274"}],"wp:attachment":[{"href":"https:\/\/www.infinitri.be\/it\/wp-json\/wp\/v2\/media?parent=28362"}],"wp:term":[{"taxonomy":"product_brand","embeddable":true,"href":"https:\/\/www.infinitri.be\/it\/wp-json\/wp\/v2\/product_brand?post=28362"},{"taxonomy":"product_cat","embeddable":true,"href":"https:\/\/www.infinitri.be\/it\/wp-json\/wp\/v2\/product_cat?post=28362"},{"taxonomy":"product_tag","embeddable":true,"href":"https:\/\/www.infinitri.be\/it\/wp-json\/wp\/v2\/product_tag?post=28362"}],"curies":[{"name":"wp","href":"https:\/\/api.w.org\/{rel}","templated":true}]}}