{"id":28369,"date":"2025-12-25T16:45:08","date_gmt":"2025-12-25T16:45:08","guid":{"rendered":"https:\/\/www.infinitri.be\/?post_type=product&#038;p=28369"},"modified":"2026-04-04T17:34:10","modified_gmt":"2026-04-04T16:34:10","slug":"fusion-recharge-hoodie-femme","status":"publish","type":"product","link":"https:\/\/www.infinitri.be\/it\/prodotto\/fusion-recharge-hoodie-femme\/","title":{"rendered":"Felpa con cappuccio Fusion Recharge da donna"},"content":{"rendered":"<p><!--themify_builder_static--><\/p>\n<h1 style=\"text-align: center\">Descrizione \u2699<\/h1>\n<p style=\"text-align: left\">Avec son support en polaire gratt\u00e9, votre Recharge Hoodie offre une performance unique de haute isolation &#8211; malgr\u00e9 son faible poids &#8211; et s&#8217;adapte thermiquement aux besoins de votre corps. Il \u00e9vacue activement la transpiration, est antibact\u00e9rien et respirant, et offre une protection contre les UV (UPF 50+). La capuche est con\u00e7ue pour suivre vos mouvements naturels.<\/p>\n<p style=\"text-align: left\">Il y a 2 poches frontales\/lat\u00e9rales zipp\u00e9es et un logo reflex 3M discret sur la clavicule et le bas du dos. Le Recharge Hoodie de FUSION est le compagnon naturel de votre Recharge Pants, mais bien s\u00fbr, il va aussi tr\u00e8s bien avec votre jean pr\u00e9f\u00e9r\u00e9.<\/p>\n<p style=\"text-align: left\">In breve, \u00e8 il vostro partner ideale quando avete bisogno di ricaricare le batterie.<\/p>\n<p style=\"text-align: left\">Recommand\u00e9 pour : la course l\u00e9g\u00e8re, la gym, les voyages, la r\u00e9cup\u00e9ration, la pr\u00e9 et post course. Coupe : R\u00e9guli\u00e8re<\/p>\n<p><img fetchpriority=\"high\" decoding=\"async\" src=\"https:\/\/infinitri.be\/wp-content\/uploads\/2023\/02\/Womens-Recharge-Hoodie_0300_Night-Blue_7f_v1-4798365_750x-545x545.webp\" width=\"545\" height=\"545\" title=\"Womens-Recharge-Hoodie_0300_Night-Blue_7f_v1-4798365_750x\" alt=\"Womens-Recharge-Hoodie_0300_Night-Blue_7f_v1-4798365_750x\" \/><\/p>\n<h1>Specifiche tecniche<\/h1>\n<ul>\n<li>Tessuto attivo che assorbe il sudore<\/li>\n<li>Tasche con zip<\/li>\n<li>Tessuto prodotto in Italia<\/li>\n<li>Prodotto in Europa presso la FUSION.FACTORY<\/li>\n<li>Prodotto certificato STANDARD 100 da OEKO-TEX\u00ae. Ci\u00f2 significa che tutti i componenti, come i tessuti, i filati, i trasferimenti, le cerniere, gli elastici, le etichette, ecc. sono testati e approvati in conformit\u00e0 allo standard e non contengono quindi sostanze nocive.<\/li>\n<\/ul>\n<p>    <em style=\"color:#000000\"><\/em>PROTEZIONE DAL VENTO \u2605\u2605\u2605\u2605<\/p>\n<p>    <em style=\"color:#000000\"><\/em>PROTEZIONE DALLA PIOGGIA \u2605\u2605\u2605\u2605<\/p>\n<p>    <em style=\"color:#000000\"><\/em><\/p>\n<p style=\"text-align: center\">LUMINOSIT\u00c0 \u2605\u2605\u2605\u2605<\/p>\n<p>    <em style=\"color:#000000\"><\/em>SLIM FIT \u2605\u2605\u2605\u2605<\/p>\n<p>    <em style=\"color:#000000\"><\/em>LIVELLO DI COMPRESSIONE \u2605<\/p>\n<h1 style=\"text-align: center\">Materiale \ud83d\udc56<\/h1>\n<p style=\"text-align: left\">Maglia circolare. Poliammide 57%, poliestere 28%, elastan 15%.<\/p>\n<p style=\"text-align: left\">Utilizzo da 5\u00b0C a 15\u00b0C<\/p>\n<p><img decoding=\"async\" src=\"https:\/\/infinitri.be\/wp-content\/uploads\/2023\/02\/Womens-Recharge-Hoodie_0300_Black_3d_v1-4798364_750x-545x545.jpg\" width=\"545\" height=\"545\" title=\"Womens-Recharge-Hoodie_0300_Black_3d_v1-4798364_750x\" alt=\"Womens-Recharge-Hoodie_0300_Black_3d_v1-4798364_750x\" \/><br \/>\n<img decoding=\"async\" src=\"https:\/\/infinitri.be\/wp-content\/uploads\/2023\/02\/Womens-Recharge-Hoodie_0300_Green_5s_v3-4798369_750x-545x545.webp\" width=\"545\" height=\"545\" title=\"Womens-Recharge-Hoodie_0300_Green_5s_v3-4798369_750x\" alt=\"Womens-Recharge-Hoodie_0300_Green_5s_v3-4798369_750x\" \/><\/p>\n<h1 style=\"text-align: center\">Consigli per la manutenzione \ud83d\udca1<\/h1>\n<p>Lavatelo prima di usarlo per la prima volta. Se aggiungete un po' di aceto al primo lavaggio, il colore rimarr\u00e0 pi\u00f9 chiaro e durer\u00e0 pi\u00f9 a lungo.<\/p>\n<p>Lavare gli indumenti sportivi a una temperatura massima di 40\u00b0C. Non utilizzare detersivi o candeggina.<\/p>\n<p>L'uso del detergente limiter\u00e0 il trasporto dell'umidit\u00e0 dal prodotto.<\/p>\n<p>Asciugare all'aria l'abbigliamento sportivo FUSION. Non asciugare in asciugatrice.<\/p>\n<p>Attenzione agli oggetti appuntiti, ai bordi e alle cinghie in velcro di zaini, cinture e simili che sfregano contro il tessuto e le cuciture dell'indumento. Questo pu\u00f2 strappare il tessuto e le cuciture dell'abbigliamento sportivo FUSION.<\/p>\n<h1 style=\"text-align: center\">Quanto sono alto?<\/h1>\n<p><img decoding=\"async\" src=\"https:\/\/infinitri.be\/wp-content\/uploads\/2023\/02\/women-recharge-hoodie-size.png\" title=\"women-recharge-hoodie-size\" alt=\"women-recharge-hoodie-size\" \/><br \/>\n<img loading=\"lazy\" decoding=\"async\" src=\"https:\/\/infinitri.be\/wp-content\/uploads\/2023\/01\/fusion-logo-expanded.svg\" width=\"545\" height=\"545\" title=\"fusione-logo-espanso\" alt=\"fusion-logo-expanded\"><!--\/themify_builder_static--><\/p>","protected":false},"excerpt":{"rendered":"<p>Votre nouveau sweat \u00e0 capuche pr\u00e9f\u00e9r\u00e9 pour la vie de tous les jours et entre deux entra\u00eenements. La coupe r\u00e9guli\u00e8re vous donne un sweat \u00e0 capuche zipp\u00e9 ample mais bien ajust\u00e9 qui convient aux voyages, \u00e0 l&#8217;avant et \u00e0 l&#8217;apr\u00e8s-course, ainsi qu&#8217;aux entra\u00eenements l\u00e9gers.<\/p>","protected":false},"featured_media":316,"comment_status":"open","ping_status":"closed","template":"","meta":[],"product_brand":[331],"product_cat":[16,28],"product_tag":[],"class_list":{"0":"post-28369","1":"product","2":"type-product","3":"status-publish","4":"has-post-thumbnail","6":"product_brand-fusion","7":"product_cat-course","8":"product_cat-tops-pulls","9":"zank_product_brands-fusion","10":"nt-post-class","11":"","17":"first","18":"instock","19":"taxable","20":"shipping-taxable","21":"purchasable","22":"product-type-variable"},"_links":{"self":[{"href":"https:\/\/www.infinitri.be\/it\/wp-json\/wp\/v2\/product\/28369","targetHints":{"allow":["GET"]}}],"collection":[{"href":"https:\/\/www.infinitri.be\/it\/wp-json\/wp\/v2\/product"}],"about":[{"href":"https:\/\/www.infinitri.be\/it\/wp-json\/wp\/v2\/types\/product"}],"replies":[{"embeddable":true,"href":"https:\/\/www.infinitri.be\/it\/wp-json\/wp\/v2\/comments?post=28369"}],"wp:featuredmedia":[{"embeddable":true,"href":"https:\/\/www.infinitri.be\/it\/wp-json\/wp\/v2\/media\/316"}],"wp:attachment":[{"href":"https:\/\/www.infinitri.be\/it\/wp-json\/wp\/v2\/media?parent=28369"}],"wp:term":[{"taxonomy":"product_brand","embeddable":true,"href":"https:\/\/www.infinitri.be\/it\/wp-json\/wp\/v2\/product_brand?post=28369"},{"taxonomy":"product_cat","embeddable":true,"href":"https:\/\/www.infinitri.be\/it\/wp-json\/wp\/v2\/product_cat?post=28369"},{"taxonomy":"product_tag","embeddable":true,"href":"https:\/\/www.infinitri.be\/it\/wp-json\/wp\/v2\/product_tag?post=28369"}],"curies":[{"name":"wp","href":"https:\/\/api.w.org\/{rel}","templated":true}]}}