{"id":28456,"date":"2025-12-25T16:45:18","date_gmt":"2025-12-25T16:45:18","guid":{"rendered":"https:\/\/www.infinitri.be\/?post_type=product&#038;p=28456"},"modified":"2026-04-04T17:30:48","modified_gmt":"2026-04-04T16:30:48","slug":"arena-gourde-75cl","status":"publish","type":"product","link":"https:\/\/www.infinitri.be\/it\/prodotto\/arena-gourde-75cl\/","title":{"rendered":"Arena \u2013 Borraccia 75 cl"},"content":{"rendered":"","protected":false},"excerpt":{"rendered":"<p>La bottiglia d'acqua Arena, leggera e di alta qualit\u00e0, \u00e8 ideale per le attivit\u00e0 sportive e il tempo libero. La bottiglia \u00e8 facile da impugnare. Capacit\u00e0: 750 ml.<\/p>","protected":false},"featured_media":464,"comment_status":"open","ping_status":"closed","template":"","meta":[],"product_brand":[326],"product_cat":[40,42,41],"product_tag":[],"class_list":{"0":"post-28456","1":"product","2":"type-product","3":"status-publish","4":"has-post-thumbnail","6":"product_brand-arena","7":"product_cat-accessoires","8":"product_cat-gourdes","9":"product_cat-natation","10":"zank_product_brands-arena","11":"nt-post-class","12":"","18":"first","19":"outofstock","20":"taxable","21":"shipping-taxable","22":"purchasable","23":"product-type-variable","24":"has-default-attributes"},"_links":{"self":[{"href":"https:\/\/www.infinitri.be\/it\/wp-json\/wp\/v2\/product\/28456","targetHints":{"allow":["GET"]}}],"collection":[{"href":"https:\/\/www.infinitri.be\/it\/wp-json\/wp\/v2\/product"}],"about":[{"href":"https:\/\/www.infinitri.be\/it\/wp-json\/wp\/v2\/types\/product"}],"replies":[{"embeddable":true,"href":"https:\/\/www.infinitri.be\/it\/wp-json\/wp\/v2\/comments?post=28456"}],"wp:featuredmedia":[{"embeddable":true,"href":"https:\/\/www.infinitri.be\/it\/wp-json\/wp\/v2\/media\/464"}],"wp:attachment":[{"href":"https:\/\/www.infinitri.be\/it\/wp-json\/wp\/v2\/media?parent=28456"}],"wp:term":[{"taxonomy":"product_brand","embeddable":true,"href":"https:\/\/www.infinitri.be\/it\/wp-json\/wp\/v2\/product_brand?post=28456"},{"taxonomy":"product_cat","embeddable":true,"href":"https:\/\/www.infinitri.be\/it\/wp-json\/wp\/v2\/product_cat?post=28456"},{"taxonomy":"product_tag","embeddable":true,"href":"https:\/\/www.infinitri.be\/it\/wp-json\/wp\/v2\/product_tag?post=28456"}],"curies":[{"name":"wp","href":"https:\/\/api.w.org\/{rel}","templated":true}]}}