{"id":28500,"date":"2025-12-25T16:45:21","date_gmt":"2025-12-25T16:45:21","guid":{"rendered":"https:\/\/www.infinitri.be\/?post_type=product&#038;p=28500"},"modified":"2026-04-04T17:30:40","modified_gmt":"2026-04-04T16:30:40","slug":"arena-air-jr","status":"publish","type":"product","link":"https:\/\/www.infinitri.be\/it\/prodotto\/arena-air-jr\/","title":{"rendered":"Arena \u2013 Air Jr"},"content":{"rendered":"","protected":false},"excerpt":{"rendered":"<p>Ultra-confortables, les lunettes pour enfants arena Air Junior sont parfaites pour les jeunes nageuses et nageurs occasionnels et r\u00e9guliers. Leurs joints d\u2019\u00e9tanch\u00e9it\u00e9 Air Seals innovants en forme de nid d\u2019abeille facilitent la compression et l\u2019adaptation \u00e0 votre visage et procurent une grande sensation de l\u00e9g\u00e8ret\u00e9. Elles sont dot\u00e9es de verres durs et d\u2019un pont de nez auto ajustable. La double sangle se r\u00e8gle facilement pour garantir un maintien fiable et confortable, m\u00eame avec des cheveux longs. Ces lunettes b\u00e9n\u00e9ficient d\u2019un traitement antibu\u00e9e, d\u2019une protection UV et sont exemptes de PVC. Les enfants adorent leurs couleurs fantaisie.<\/p>","protected":false},"featured_media":27743,"comment_status":"open","ping_status":"closed","template":"","meta":[],"product_brand":[326],"product_cat":[54,55,41],"product_tag":[],"class_list":{"0":"post-28500","1":"product","2":"type-product","3":"status-publish","4":"has-post-thumbnail","6":"product_brand-arena","7":"product_cat-lunettes","8":"product_cat-lunettes-natation","9":"product_cat-natation","10":"zank_product_brands-arena","11":"nt-post-class","12":"","18":"first","19":"instock","20":"taxable","21":"shipping-taxable","22":"purchasable","23":"product-type-variable"},"_links":{"self":[{"href":"https:\/\/www.infinitri.be\/it\/wp-json\/wp\/v2\/product\/28500","targetHints":{"allow":["GET"]}}],"collection":[{"href":"https:\/\/www.infinitri.be\/it\/wp-json\/wp\/v2\/product"}],"about":[{"href":"https:\/\/www.infinitri.be\/it\/wp-json\/wp\/v2\/types\/product"}],"replies":[{"embeddable":true,"href":"https:\/\/www.infinitri.be\/it\/wp-json\/wp\/v2\/comments?post=28500"}],"wp:featuredmedia":[{"embeddable":true,"href":"https:\/\/www.infinitri.be\/it\/wp-json\/wp\/v2\/media\/27743"}],"wp:attachment":[{"href":"https:\/\/www.infinitri.be\/it\/wp-json\/wp\/v2\/media?parent=28500"}],"wp:term":[{"taxonomy":"product_brand","embeddable":true,"href":"https:\/\/www.infinitri.be\/it\/wp-json\/wp\/v2\/product_brand?post=28500"},{"taxonomy":"product_cat","embeddable":true,"href":"https:\/\/www.infinitri.be\/it\/wp-json\/wp\/v2\/product_cat?post=28500"},{"taxonomy":"product_tag","embeddable":true,"href":"https:\/\/www.infinitri.be\/it\/wp-json\/wp\/v2\/product_tag?post=28500"}],"curies":[{"name":"wp","href":"https:\/\/api.w.org\/{rel}","templated":true}]}}