{"id":28530,"date":"2025-12-25T16:45:25","date_gmt":"2025-12-25T16:45:25","guid":{"rendered":"https:\/\/www.infinitri.be\/?post_type=product&#038;p=28530"},"modified":"2026-04-04T17:30:24","modified_gmt":"2026-04-04T16:30:24","slug":"arena-iconic-low-waist-short","status":"publish","type":"product","link":"https:\/\/www.infinitri.be\/it\/prodotto\/arena-iconic-low-waist-short\/","title":{"rendered":"Pantaloncini Arena Iconic a vita bassa"},"content":{"rendered":"","protected":false},"excerpt":{"rendered":"<p>Chic et ultra-durable, le short de bain taille basse arena Iconic de la collection arena Icons est con\u00e7u pour les nageurs reguliers. La mati\u00e8re MaxLife ultra-resistante au chlore avec protection UV integree UPF 50+ est durable et s\u00e8che tr\u00e8s rapidement. Comporte une doublure avant pour plus de confort. Le cordon de serrage interieur reglable garantit un excellent maintien. Longueur: 17cm. Decouvrez l\u2019ensemble de la collection arenaIcons, des articles athleisure aux v\u00eatements et accessoires de natation pour completer votre look.<\/p>","protected":false},"featured_media":27870,"comment_status":"open","ping_status":"closed","template":"","meta":[],"product_brand":[326],"product_cat":[86,41],"product_tag":[],"class_list":{"0":"post-28530","1":"product","2":"type-product","3":"status-publish","4":"has-post-thumbnail","6":"product_brand-arena","7":"product_cat-maillots","8":"product_cat-natation","9":"zank_product_brands-arena","10":"nt-post-class","11":"","17":"first","18":"instock","19":"sale","20":"taxable","21":"shipping-taxable","22":"purchasable","23":"product-type-variable"},"_links":{"self":[{"href":"https:\/\/www.infinitri.be\/it\/wp-json\/wp\/v2\/product\/28530","targetHints":{"allow":["GET"]}}],"collection":[{"href":"https:\/\/www.infinitri.be\/it\/wp-json\/wp\/v2\/product"}],"about":[{"href":"https:\/\/www.infinitri.be\/it\/wp-json\/wp\/v2\/types\/product"}],"replies":[{"embeddable":true,"href":"https:\/\/www.infinitri.be\/it\/wp-json\/wp\/v2\/comments?post=28530"}],"wp:featuredmedia":[{"embeddable":true,"href":"https:\/\/www.infinitri.be\/it\/wp-json\/wp\/v2\/media\/27870"}],"wp:attachment":[{"href":"https:\/\/www.infinitri.be\/it\/wp-json\/wp\/v2\/media?parent=28530"}],"wp:term":[{"taxonomy":"product_brand","embeddable":true,"href":"https:\/\/www.infinitri.be\/it\/wp-json\/wp\/v2\/product_brand?post=28530"},{"taxonomy":"product_cat","embeddable":true,"href":"https:\/\/www.infinitri.be\/it\/wp-json\/wp\/v2\/product_cat?post=28530"},{"taxonomy":"product_tag","embeddable":true,"href":"https:\/\/www.infinitri.be\/it\/wp-json\/wp\/v2\/product_tag?post=28530"}],"curies":[{"name":"wp","href":"https:\/\/api.w.org\/{rel}","templated":true}]}}