{"id":28615,"date":"2025-12-25T16:45:37","date_gmt":"2025-12-25T16:45:37","guid":{"rendered":"https:\/\/www.infinitri.be\/?post_type=product&#038;p=28615"},"modified":"2026-04-04T17:30:16","modified_gmt":"2026-04-04T16:30:16","slug":"arena-crazy-jammer-placement-black-multi-garcon","status":"publish","type":"product","link":"https:\/\/www.infinitri.be\/it\/prodotto\/arena-crazy-jammer-placement-black-multi-garcon\/","title":{"rendered":"Arena - Posizionamento del disturbatore pazzo nero multi ragazzo"},"content":{"rendered":"<p>Questa evoluzione ecologica del tessuto MaxLife di Arena contiene almeno 50 % di fibre riciclate, ottenute da bottiglie in PET. Inoltre, il processo di produzione del tessuto \u00e8 stato ottimizzato per risparmiare energia, ridurre le emissioni di CO\u00b2 e minimizzare il consumo di acqua. Dotato di una comoda fodera anteriore. La coulisse interna regolabile assicura un'ottima vestibilit\u00e0. Lunghezza laterale: 36 cm. Ogni componente del tessuto STANDARD 100 by OEKO-TEX\u00ae \u00e8 stato testato per verificare l'assenza di sostanze nocive, garantendo cos\u00ec l'innocuit\u00e0 di questo articolo per la salute umana. Il test viene effettuato da istituti indipendenti partner di arena OEKO-TEX\u00ae sulla base dell'ampio catalogo di criteri di arena.<\/p>","protected":false},"excerpt":{"rendered":"<p>Gli eleganti e resistenti Crazy Placement Jammers di Arena Boys sono ideali per i nuotatori abituali e per le competizioni. Il tessuto MaxLife Eco, altamente resistente al cloro e con protezione UV UPF 50+ integrata, si asciuga molto rapidamente e dura a lungo.<\/p>","protected":false},"featured_media":27999,"comment_status":"open","ping_status":"closed","template":"","meta":[],"product_brand":[326],"product_cat":[86,41],"product_tag":[],"class_list":{"0":"post-28615","1":"product","2":"type-product","3":"status-publish","4":"has-post-thumbnail","6":"product_brand-arena","7":"product_cat-maillots","8":"product_cat-natation","9":"zank_product_brands-arena","10":"nt-post-class","11":"","17":"first","18":"instock","19":"sale","20":"taxable","21":"shipping-taxable","22":"purchasable","23":"product-type-variable"},"_links":{"self":[{"href":"https:\/\/www.infinitri.be\/it\/wp-json\/wp\/v2\/product\/28615","targetHints":{"allow":["GET"]}}],"collection":[{"href":"https:\/\/www.infinitri.be\/it\/wp-json\/wp\/v2\/product"}],"about":[{"href":"https:\/\/www.infinitri.be\/it\/wp-json\/wp\/v2\/types\/product"}],"replies":[{"embeddable":true,"href":"https:\/\/www.infinitri.be\/it\/wp-json\/wp\/v2\/comments?post=28615"}],"wp:featuredmedia":[{"embeddable":true,"href":"https:\/\/www.infinitri.be\/it\/wp-json\/wp\/v2\/media\/27999"}],"wp:attachment":[{"href":"https:\/\/www.infinitri.be\/it\/wp-json\/wp\/v2\/media?parent=28615"}],"wp:term":[{"taxonomy":"product_brand","embeddable":true,"href":"https:\/\/www.infinitri.be\/it\/wp-json\/wp\/v2\/product_brand?post=28615"},{"taxonomy":"product_cat","embeddable":true,"href":"https:\/\/www.infinitri.be\/it\/wp-json\/wp\/v2\/product_cat?post=28615"},{"taxonomy":"product_tag","embeddable":true,"href":"https:\/\/www.infinitri.be\/it\/wp-json\/wp\/v2\/product_tag?post=28615"}],"curies":[{"name":"wp","href":"https:\/\/api.w.org\/{rel}","templated":true}]}}