{"id":28803,"date":"2025-12-25T16:47:33","date_gmt":"2025-12-25T16:47:33","guid":{"rendered":"https:\/\/www.infinitri.be\/?post_type=product&#038;p=28803"},"modified":"2026-04-04T17:29:50","modified_gmt":"2026-04-04T16:29:50","slug":"arena-powerskin-carbon-core-fx-diamonds-open-back","status":"publish","type":"product","link":"https:\/\/www.infinitri.be\/it\/prodotto\/arena-powerskin-carbon-core-fx-diamonds-open-back\/","title":{"rendered":"Arena - Powerskin Carbon Core FX Diamonds Open Back"},"content":{"rendered":"<p>L&#8217;ext\u00e9rieur est fabriqu\u00e9 \u00e0 partir de notre tissu Carbon Cage avec des bandes horizontales et verticales qui se verrouillent sur le corps pour une compression et une puissance intenses. Le dos ouvert de cette peau de genou approuv\u00e9e par la FINA assure une sensation proche de l&#8217;eau.<\/p>\n<p><!--themify_builder_static--><!--\/themify_builder_static--><\/p>","protected":false},"excerpt":{"rendered":"<p>Dot\u00e9e d&#8217;une nouvelle conception de notre logo historique, notre combinaison Diamonds Open Back Powerskin Carbon Core FX est une combinaison technique pour femmes ax\u00e9e sur la performance. La double bande \u00e0 l&#8217;arri\u00e8re des jambes aide \u00e0 soulever le corps dans l&#8217;eau, m\u00eame lorsque vous \u00eates fatigu\u00e9e. La doublure Carbon Band augmente la stabilit\u00e9 du tronc pour r\u00e9duire la tra\u00een\u00e9e et poss\u00e8de une d\u00e9coupe sous la poitrine pour garantir une amplitude de mouvement totale.<\/p>","protected":false},"featured_media":28879,"comment_status":"open","ping_status":"closed","template":"","meta":[],"product_brand":[326],"product_cat":[60,126,41],"product_tag":[],"class_list":{"0":"post-28803","1":"product","2":"type-product","3":"status-publish","4":"has-post-thumbnail","6":"product_brand-arena","7":"product_cat-fina","8":"product_cat-maillot-competition","9":"product_cat-natation","10":"zank_product_brands-arena","11":"nt-post-class","12":"","18":"first","19":"instock","20":"sale","21":"taxable","22":"shipping-taxable","23":"purchasable","24":"product-type-variable"},"_links":{"self":[{"href":"https:\/\/www.infinitri.be\/it\/wp-json\/wp\/v2\/product\/28803","targetHints":{"allow":["GET"]}}],"collection":[{"href":"https:\/\/www.infinitri.be\/it\/wp-json\/wp\/v2\/product"}],"about":[{"href":"https:\/\/www.infinitri.be\/it\/wp-json\/wp\/v2\/types\/product"}],"replies":[{"embeddable":true,"href":"https:\/\/www.infinitri.be\/it\/wp-json\/wp\/v2\/comments?post=28803"}],"wp:featuredmedia":[{"embeddable":true,"href":"https:\/\/www.infinitri.be\/it\/wp-json\/wp\/v2\/media\/28879"}],"wp:attachment":[{"href":"https:\/\/www.infinitri.be\/it\/wp-json\/wp\/v2\/media?parent=28803"}],"wp:term":[{"taxonomy":"product_brand","embeddable":true,"href":"https:\/\/www.infinitri.be\/it\/wp-json\/wp\/v2\/product_brand?post=28803"},{"taxonomy":"product_cat","embeddable":true,"href":"https:\/\/www.infinitri.be\/it\/wp-json\/wp\/v2\/product_cat?post=28803"},{"taxonomy":"product_tag","embeddable":true,"href":"https:\/\/www.infinitri.be\/it\/wp-json\/wp\/v2\/product_tag?post=28803"}],"curies":[{"name":"wp","href":"https:\/\/api.w.org\/{rel}","templated":true}]}}