{"id":28898,"date":"2025-12-25T17:59:09","date_gmt":"2025-12-25T16:59:09","guid":{"rendered":"https:\/\/www.infinitri.be\/?post_type=product&#038;p=28898"},"modified":"2026-04-23T20:36:20","modified_gmt":"2026-04-23T19:36:20","slug":"arena-powerskin-st-next-fille","status":"publish","type":"product","link":"https:\/\/www.infinitri.be\/it\/prodotto\/arena-powerskin-st-next-fille\/","title":{"rendered":"Arena \u2013 Powerskin ST Next - Ragazza"},"content":{"rendered":"<p>Questa esclusiva edizione limitata in Sea Blue celebra e promuove la sostenibilit\u00e0 con una stampa unica ispirata al mare, per il mare. Immergetevi nella prossima generazione e contribuite a ridurre i rifiuti con ogni movimento.<\/p>\n<p>Caratteristiche:<\/p>\n<ul>\n<li>Bretelle rinforzate per un maggiore comfort e una maggiore durata.<\/li>\n<li>Compressione pi\u00f9 duratura e miglior sostegno del tronco e delle gambe<\/li>\n<li>Tessuto a maglia in catena extra flessibile per prestazioni di alto livello<\/li>\n<li>Maggiore assorbimento d'acqua per una muta 20 % pi\u00f9 leggera<\/li>\n<li>Struttura ergonomica con cuciture basse per una vestibilit\u00e0 perfetta<\/li>\n<li>Oltre il 60% del tessuto \u00e8 composto da filati riciclati.<\/li>\n<li>Composizione: 71% poliammide, 29% elastan.<\/li>\n<li>Approvato dalla FINA<\/li>\n<\/ul>\n<p><!--themify_builder_static--><iframe title=\"Il primo costume da gara approvato dalla FINA realizzato con tessuto riciclato: arena Powerskin ST NEXT\" width=\"960\" height=\"540\" src=\"https:\/\/www.youtube.com\/embed\/4FmvfvPoPFo?feature=oembed\" frameborder=\"0\" allow=\"accelerometer; autoplay; clipboard-write; encrypted-media; gyroscope; picture-in-picture; web-share\" referrerpolicy=\"strict-origin-when-cross-origin\" allowfullscreen><\/iframe><!--\/themify_builder_static--><\/p>","protected":false},"excerpt":{"rendered":"<p>Arena \u00e8 orgogliosa di presentare POWERSKIN ST NEXT, la prima muta da gara sostenibile. Tutto ci\u00f2 che avete apprezzato della ST 2.0 \u00e8 ora pi\u00f9 leggero, pi\u00f9 veloce e pi\u00f9 ecologico.<\/p>\n<p>Oltre ai vantaggi legati alla durata, il POWERSKIN ST Next Jammer Junior presenta anche notevoli miglioramenti in termini di prestazioni. Innanzitutto, \u00e8 pi\u00f9 leggero del 20% rispetto al modello ST 2.0 grazie a un minore assorbimento d'acqua. La muta ha anche una migliore memoria del tessuto, che garantisce una compressione e prestazioni pi\u00f9 durature nel tempo.<\/p>\n<p>&nbsp;<\/p>","protected":false},"featured_media":28928,"comment_status":"open","ping_status":"closed","template":"","meta":[],"product_brand":[326],"product_cat":[60,126,41],"product_tag":[],"class_list":{"0":"post-28898","1":"product","2":"type-product","3":"status-publish","4":"has-post-thumbnail","6":"product_brand-arena","7":"product_cat-fina","8":"product_cat-maillot-competition","9":"product_cat-natation","10":"zank_product_brands-arena","11":"nt-post-class","12":"","18":"first","19":"instock","20":"sale","21":"taxable","22":"shipping-taxable","23":"purchasable","24":"product-type-variable"},"_links":{"self":[{"href":"https:\/\/www.infinitri.be\/it\/wp-json\/wp\/v2\/product\/28898","targetHints":{"allow":["GET"]}}],"collection":[{"href":"https:\/\/www.infinitri.be\/it\/wp-json\/wp\/v2\/product"}],"about":[{"href":"https:\/\/www.infinitri.be\/it\/wp-json\/wp\/v2\/types\/product"}],"replies":[{"embeddable":true,"href":"https:\/\/www.infinitri.be\/it\/wp-json\/wp\/v2\/comments?post=28898"}],"wp:featuredmedia":[{"embeddable":true,"href":"https:\/\/www.infinitri.be\/it\/wp-json\/wp\/v2\/media\/28928"}],"wp:attachment":[{"href":"https:\/\/www.infinitri.be\/it\/wp-json\/wp\/v2\/media?parent=28898"}],"wp:term":[{"taxonomy":"product_brand","embeddable":true,"href":"https:\/\/www.infinitri.be\/it\/wp-json\/wp\/v2\/product_brand?post=28898"},{"taxonomy":"product_cat","embeddable":true,"href":"https:\/\/www.infinitri.be\/it\/wp-json\/wp\/v2\/product_cat?post=28898"},{"taxonomy":"product_tag","embeddable":true,"href":"https:\/\/www.infinitri.be\/it\/wp-json\/wp\/v2\/product_tag?post=28898"}],"curies":[{"name":"wp","href":"https:\/\/api.w.org\/{rel}","templated":true}]}}