{"id":28902,"date":"2025-12-25T16:59:09","date_gmt":"2025-12-25T16:59:09","guid":{"rendered":"https:\/\/www.infinitri.be\/?post_type=product&#038;p=28902"},"modified":"2026-04-12T09:17:03","modified_gmt":"2026-04-12T08:17:03","slug":"arena-powerskin-st-next-jammer","status":"publish","type":"product","link":"https:\/\/www.infinitri.be\/it\/prodotto\/arena-powerskin-st-next-jammer\/","title":{"rendered":"Arena - Powerskin ST Next Jammer"},"content":{"rendered":"<p>Dans une version remani\u00e9e par rapport \u00e0 son pr\u00e9d\u00e9cesseur, le nouveau ST Next absorbe moins d&#8217;eau, ce qui le rend plus l\u00e9ger et vous assure une compression musculaire optimale, course apr\u00e8s course, pour que vous continuiez \u00e0 donner le meilleur de vous-m\u00eame. Fini avec des coutures plates pour une hydrodynamique maximale pendant que vous nagez. Approuv\u00e9 par la FINA.<\/p>\n<p><!--themify_builder_static--><\/p>\n<p><iframe title=\"Il primo costume da gara approvato dalla FINA realizzato con tessuto riciclato: arena Powerskin ST NEXT\" width=\"960\" height=\"540\" src=\"https:\/\/www.youtube.com\/embed\/4FmvfvPoPFo?feature=oembed\" frameborder=\"0\" allow=\"accelerometer; autoplay; clipboard-write; encrypted-media; gyroscope; picture-in-picture; web-share\" referrerpolicy=\"strict-origin-when-cross-origin\" allowfullscreen><\/iframe><\/p>\n<p><!--\/themify_builder_static--><\/p>","protected":false},"excerpt":{"rendered":"<p>Avec un imprim\u00e9 inspir\u00e9 des couleurs de la mer et un tissu respectueux des \u00e9cosyst\u00e8mes, le nouveau jammer pour homme Powerskin ST Next est une nouvelle g\u00e9n\u00e9ration de v\u00eatements de course. Fabriqu\u00e9 \u00e0 partir de plus de 60 % de fibres recycl\u00e9es provenant de fils de d\u00e9chets, ce mod\u00e8le en \u00e9dition limit\u00e9e c\u00e9l\u00e8bre la durabilit\u00e9 et vous aide \u00e0 lutter contre les d\u00e9chets, m\u00eame en comp\u00e9tition.<\/p>","protected":false},"featured_media":28932,"comment_status":"open","ping_status":"closed","template":"","meta":[],"product_brand":[326],"product_cat":[60,126,41],"product_tag":[],"class_list":{"0":"post-28902","1":"product","2":"type-product","3":"status-publish","4":"has-post-thumbnail","6":"product_brand-arena","7":"product_cat-fina","8":"product_cat-maillot-competition","9":"product_cat-natation","10":"zank_product_brands-arena","11":"nt-post-class","12":"","18":"first","19":"instock","20":"sale","21":"taxable","22":"shipping-taxable","23":"purchasable","24":"product-type-variable"},"_links":{"self":[{"href":"https:\/\/www.infinitri.be\/it\/wp-json\/wp\/v2\/product\/28902","targetHints":{"allow":["GET"]}}],"collection":[{"href":"https:\/\/www.infinitri.be\/it\/wp-json\/wp\/v2\/product"}],"about":[{"href":"https:\/\/www.infinitri.be\/it\/wp-json\/wp\/v2\/types\/product"}],"replies":[{"embeddable":true,"href":"https:\/\/www.infinitri.be\/it\/wp-json\/wp\/v2\/comments?post=28902"}],"wp:featuredmedia":[{"embeddable":true,"href":"https:\/\/www.infinitri.be\/it\/wp-json\/wp\/v2\/media\/28932"}],"wp:attachment":[{"href":"https:\/\/www.infinitri.be\/it\/wp-json\/wp\/v2\/media?parent=28902"}],"wp:term":[{"taxonomy":"product_brand","embeddable":true,"href":"https:\/\/www.infinitri.be\/it\/wp-json\/wp\/v2\/product_brand?post=28902"},{"taxonomy":"product_cat","embeddable":true,"href":"https:\/\/www.infinitri.be\/it\/wp-json\/wp\/v2\/product_cat?post=28902"},{"taxonomy":"product_tag","embeddable":true,"href":"https:\/\/www.infinitri.be\/it\/wp-json\/wp\/v2\/product_tag?post=28902"}],"curies":[{"name":"wp","href":"https:\/\/api.w.org\/{rel}","templated":true}]}}