{"id":28944,"date":"2025-12-25T17:00:34","date_gmt":"2025-12-25T17:00:34","guid":{"rendered":"https:\/\/www.infinitri.be\/?post_type=product&#038;p=28944"},"modified":"2026-04-04T17:35:31","modified_gmt":"2026-04-04T16:35:31","slug":"huub-lunettes-vision","status":"publish","type":"product","link":"https:\/\/www.infinitri.be\/it\/prodotto\/huub-lunettes-vision\/","title":{"rendered":"Huub \u2013 Occhiali da vista"},"content":{"rendered":"<p>Protection UV et lentille PC<br \/>\nMonture, sangle et joint en silicone souple<br \/>\nConception unique \u00e0 lentille unique<br \/>\nL&#8217;objectif miroir r\u00e9duit les reflets<br \/>\nConception confortable de la sangle arri\u00e8re pour un meilleur ajustement<\/p>","protected":false},"excerpt":{"rendered":"<p>Vision par nom et vision par nature. Nous voulions les lunettes de protection les plus douces, les plus confortables et les plus visibles. Cr\u00e9\u00e9es pour les d\u00e9butants en eau libre ou pour ceux qui recherchent le confort d&#8217;une visibilit\u00e9 totale.<\/p>\n<p>La monture et le joint en silicone souple offrent un ajustement s\u00fbr \u00e0 basse pression. Vous voulez les lunettes de natation les plus confortables au monde pour l&#8217;eau libre et la piscine ? C&#8217;est ce qu&#8217;il vous faut !<\/p>","protected":false},"featured_media":28997,"comment_status":"open","ping_status":"closed","template":"","meta":[],"product_brand":[286],"product_cat":[40,54,56,59],"product_tag":[],"class_list":{"0":"post-28944","1":"product","2":"type-product","3":"status-publish","4":"has-post-thumbnail","6":"product_brand-huub","7":"product_cat-accessoires","8":"product_cat-lunettes","9":"product_cat-lunettes-triathlon","10":"product_cat-triathlon","11":"zank_product_brands-huub","12":"nt-post-class","13":"","19":"first","20":"instock","21":"taxable","22":"shipping-taxable","23":"purchasable","24":"product-type-variable"},"_links":{"self":[{"href":"https:\/\/www.infinitri.be\/it\/wp-json\/wp\/v2\/product\/28944","targetHints":{"allow":["GET"]}}],"collection":[{"href":"https:\/\/www.infinitri.be\/it\/wp-json\/wp\/v2\/product"}],"about":[{"href":"https:\/\/www.infinitri.be\/it\/wp-json\/wp\/v2\/types\/product"}],"replies":[{"embeddable":true,"href":"https:\/\/www.infinitri.be\/it\/wp-json\/wp\/v2\/comments?post=28944"}],"wp:featuredmedia":[{"embeddable":true,"href":"https:\/\/www.infinitri.be\/it\/wp-json\/wp\/v2\/media\/28997"}],"wp:attachment":[{"href":"https:\/\/www.infinitri.be\/it\/wp-json\/wp\/v2\/media?parent=28944"}],"wp:term":[{"taxonomy":"product_brand","embeddable":true,"href":"https:\/\/www.infinitri.be\/it\/wp-json\/wp\/v2\/product_brand?post=28944"},{"taxonomy":"product_cat","embeddable":true,"href":"https:\/\/www.infinitri.be\/it\/wp-json\/wp\/v2\/product_cat?post=28944"},{"taxonomy":"product_tag","embeddable":true,"href":"https:\/\/www.infinitri.be\/it\/wp-json\/wp\/v2\/product_tag?post=28944"}],"curies":[{"name":"wp","href":"https:\/\/api.w.org\/{rel}","templated":true}]}}