{"id":29070,"date":"2025-12-25T17:05:02","date_gmt":"2025-12-25T17:05:02","guid":{"rendered":"https:\/\/www.infinitri.be\/?post_type=product&#038;p=29070"},"modified":"2026-04-04T17:32:56","modified_gmt":"2026-04-04T16:32:56","slug":"compressport-racing-trucker-cap","status":"publish","type":"product","link":"https:\/\/www.infinitri.be\/it\/prodotto\/compressport-racing-trucker-cap\/","title":{"rendered":"Compressport \u2013 cappellino da camionista da corsa"},"content":{"rendered":"<p><!--themify_builder_static--><\/p>\n<h1 style=\"text-align: center\">Descrizione \u2699<\/h1>\n<p style=\"text-align: left\">Massima termoregolazione per mantenere gli avambracci e i bicipiti caldi quando fa freddo e freschi quando fa caldo.<br \/>\nComfort ed ergonomia ottimali grazie al tessuto in microfibra senza cuciture, con una libert\u00e0 di movimento eccezionale grazie al tessuto pi\u00f9 leggero a livello dei gomiti.<br \/>\nEccezionale leggerezza e ventilazione di alto livello grazie a una trama tecnologica in microfibra che allontana rapidamente il sudore e l'umidit\u00e0.<\/p>\n<p><img fetchpriority=\"high\" decoding=\"async\" title=\"cappellino-racing-trucker-nero-rosso\" src=\"https:\/\/infinitri.be\/wp-content\/uploads\/2023\/02\/racing-trucker-cap-black-red-545x545.jpg\" alt=\"racing-trucker-cap-black-red\" width=\"545\" height=\"545\" \/><\/p>\n<h1>Specifiche tecniche<\/h1>\n<p>Protezione solare ottimale grazie all'ampia visiera curva e alla copertura integrale<\/p>\n<p>Tessuti traspiranti, leggeri e ad asciugatura rapida che allontanano rapidamente il sudore e impediscono il surriscaldamento durante le attivit\u00e0 sportive intense.<\/p>\n<p>Un design elegante e contemporaneo per distinguerti dalla massa insieme al tuo camionista.<\/p>\n<p>&nbsp;<\/p>\n<p style=\"text-align: left\">LEGGERZZA \u2605\u2605\u2605<\/p>\n<p>&nbsp;<\/p>\n<p>TERMOREGOLAZIONE \u2605\u2605\u2605<\/p>\n<h1 style=\"text-align: center\">Materiale \ud83d\udc56<\/h1>\n<p style=\"text-align: left\">100% Poliestere<\/p>\n<p><img decoding=\"async\" src=\"https:\/\/www.compressport.com\/inter\/img\/prods_entretien.png\" \/><\/p>\n<p><img decoding=\"async\" title=\"racing-trucker-cap-black-red (1)\" src=\"https:\/\/infinitri.be\/wp-content\/uploads\/2023\/02\/racing-trucker-cap-black-red-1-545x545.jpg\" alt=\"racing-trucker-cap-black-red (1)\" width=\"545\" height=\"545\" \/><!--\/themify_builder_static--><\/p>","protected":false},"excerpt":{"rendered":"<p>Il nostro cappellino Racing Trucker combina tutte le tecnologie ad alte prestazioni dei nostri cappellini da corsa con lo stile classico del Trucker. La sua visiera leggera e curva offre una protezione ottimale dal sole ed \u00e8 progettata per evacuare rapidamente l'umidit\u00e0 in condizioni di prova, mentre la parte posteriore in rete del classico trucker garantisce la ventilazione. Il tessuto spugna antibatterico ad asciugatura rapida all'interno della visiera \u00e8 molto morbido e assorbe il sudore per un comfort ottimale senza pressione. La vestibilit\u00e0 \u00e8 facilmente regolabile grazie a una chiusura a pressione. Efficace e alla moda, il cappellino trucker nero da corsa \u00e8 il copricapo ideale per scaldare la pista con stile, con o senza occhiali da sole aviator.<\/p>","protected":false},"featured_media":29101,"comment_status":"open","ping_status":"closed","template":"","meta":[],"product_brand":[329],"product_cat":[40,156,16,59],"product_tag":[],"class_list":{"0":"post-29070","1":"product","2":"type-product","3":"status-publish","4":"has-post-thumbnail","6":"product_brand-compressport","7":"product_cat-accessoires","8":"product_cat-casquettes-visieres-headband","9":"product_cat-course","10":"product_cat-triathlon","11":"zank_product_brands-compressport","12":"nt-post-class","13":"","19":"first","20":"instock","21":"taxable","22":"shipping-taxable","23":"purchasable","24":"product-type-variable"},"_links":{"self":[{"href":"https:\/\/www.infinitri.be\/it\/wp-json\/wp\/v2\/product\/29070","targetHints":{"allow":["GET"]}}],"collection":[{"href":"https:\/\/www.infinitri.be\/it\/wp-json\/wp\/v2\/product"}],"about":[{"href":"https:\/\/www.infinitri.be\/it\/wp-json\/wp\/v2\/types\/product"}],"replies":[{"embeddable":true,"href":"https:\/\/www.infinitri.be\/it\/wp-json\/wp\/v2\/comments?post=29070"}],"wp:featuredmedia":[{"embeddable":true,"href":"https:\/\/www.infinitri.be\/it\/wp-json\/wp\/v2\/media\/29101"}],"wp:attachment":[{"href":"https:\/\/www.infinitri.be\/it\/wp-json\/wp\/v2\/media?parent=29070"}],"wp:term":[{"taxonomy":"product_brand","embeddable":true,"href":"https:\/\/www.infinitri.be\/it\/wp-json\/wp\/v2\/product_brand?post=29070"},{"taxonomy":"product_cat","embeddable":true,"href":"https:\/\/www.infinitri.be\/it\/wp-json\/wp\/v2\/product_cat?post=29070"},{"taxonomy":"product_tag","embeddable":true,"href":"https:\/\/www.infinitri.be\/it\/wp-json\/wp\/v2\/product_tag?post=29070"}],"curies":[{"name":"wp","href":"https:\/\/api.w.org\/{rel}","templated":true}]}}