{"id":29072,"date":"2025-12-25T17:05:02","date_gmt":"2025-12-25T17:05:02","guid":{"rendered":"https:\/\/www.infinitri.be\/?post_type=product&#038;p=29072"},"modified":"2026-04-04T17:32:48","modified_gmt":"2026-04-04T16:32:48","slug":"compressport-trucker-cap","status":"publish","type":"product","link":"https:\/\/www.infinitri.be\/it\/prodotto\/compressport-trucker-cap\/","title":{"rendered":"Compressport &#8211; trucker cap"},"content":{"rendered":"<p><!--themify_builder_static--><\/p>\n<h1 style=\"text-align: center\">Descrizione \u2699<\/h1>\n<p style=\"text-align: left\">I berretti sono come le scarpe e le camicie: ne serve (almeno) uno per ogni situazione. Il nostro cappellino alla moda Compressport Trucker vi permette di tenere la testa coperta con stile prima e dopo le vostre sessioni e corse. La visiera curva protegge dal sole e allontana le mosche dagli occhi, mentre il classico retro in rete da camionista mantiene la testa fresca quando le temperature salgono. La vestibilit\u00e0 \u00e8 facilmente regolabile grazie alla chiusura a scatto. Il nostro logo di gara \u00e8 ricamato sul davanti per un look di classe ma dinamico durante il briefing di gara, l'after party o semplicemente in spiaggia.<\/p>\n<p><img fetchpriority=\"high\" decoding=\"async\" src=\"https:\/\/infinitri.be\/wp-content\/uploads\/2023\/02\/trucker-cap-red-white-545x545.jpg\" width=\"545\" height=\"545\" title=\"berretto trucker-rosso-bianco\" alt=\"trucker-cap-red-white\" \/><\/p>\n<h1>Specifiche tecniche<\/h1>\n<p style=\"text-align: left\">Protezione ottimale dal sole grazie all'ampia visiera curva e al copricapo completo.<br \/>Un design elegante e dinamico per distinguere voi e il vostro camion dalla massa.<br \/>Facilmente regolabile grazie alla classica chiusura con bottoni a pressione. Stagione: estate<\/p>\n<p>    <em style=\"color:#000000\"><\/em> <\/p>\n<p style=\"text-align: left\">LEGGERZZA \u2605\u2605\u2605<\/p>\n<p>    <em style=\"color:#000000\"><\/em> <\/p>\n<p>TERMOREGOLAZIONE \u2605\u2605\u2605<\/p>\n<h1 style=\"text-align: center\">Materiale \ud83d\udc56<\/h1>\n<p style=\"text-align: left\">Tessuto 1 : 100% Cotone - Tessuto 2 : 100% Poliestere<\/p>\n<p><img decoding=\"async\" src=\"https:\/\/www.compressport.com\/inter\/img\/prods_entretien.png\" \/><\/p>\n<p><img decoding=\"async\" src=\"https:\/\/infinitri.be\/wp-content\/uploads\/2023\/02\/trucker-cap-dark-blue-545x545.jpg\" width=\"545\" height=\"545\" title=\"berretto da camionista blu scuro\" alt=\"trucker-cap-dark-blue\" \/><!--\/themify_builder_static--><\/p>","protected":false},"excerpt":{"rendered":"<p>Cappellino elegante con visiera curva per un look rilassato prima e dopo l'allenamento.<\/p>","protected":false},"featured_media":29111,"comment_status":"open","ping_status":"closed","template":"","meta":[],"product_brand":[329],"product_cat":[40,156],"product_tag":[],"class_list":{"0":"post-29072","1":"product","2":"type-product","3":"status-publish","4":"has-post-thumbnail","6":"product_brand-compressport","7":"product_cat-accessoires","8":"product_cat-casquettes-visieres-headband","9":"zank_product_brands-compressport","10":"nt-post-class","11":"","17":"first","18":"outofstock","19":"taxable","20":"shipping-taxable","21":"purchasable","22":"product-type-variable"},"_links":{"self":[{"href":"https:\/\/www.infinitri.be\/it\/wp-json\/wp\/v2\/product\/29072","targetHints":{"allow":["GET"]}}],"collection":[{"href":"https:\/\/www.infinitri.be\/it\/wp-json\/wp\/v2\/product"}],"about":[{"href":"https:\/\/www.infinitri.be\/it\/wp-json\/wp\/v2\/types\/product"}],"replies":[{"embeddable":true,"href":"https:\/\/www.infinitri.be\/it\/wp-json\/wp\/v2\/comments?post=29072"}],"wp:featuredmedia":[{"embeddable":true,"href":"https:\/\/www.infinitri.be\/it\/wp-json\/wp\/v2\/media\/29111"}],"wp:attachment":[{"href":"https:\/\/www.infinitri.be\/it\/wp-json\/wp\/v2\/media?parent=29072"}],"wp:term":[{"taxonomy":"product_brand","embeddable":true,"href":"https:\/\/www.infinitri.be\/it\/wp-json\/wp\/v2\/product_brand?post=29072"},{"taxonomy":"product_cat","embeddable":true,"href":"https:\/\/www.infinitri.be\/it\/wp-json\/wp\/v2\/product_cat?post=29072"},{"taxonomy":"product_tag","embeddable":true,"href":"https:\/\/www.infinitri.be\/it\/wp-json\/wp\/v2\/product_tag?post=29072"}],"curies":[{"name":"wp","href":"https:\/\/api.w.org\/{rel}","templated":true}]}}